{"id":466,"date":"2024-09-24T06:36:26","date_gmt":"2024-09-24T06:36:26","guid":{"rendered":"https:\/\/1xbets.plus\/br\/?page_id=466"},"modified":"2026-03-31T15:12:09","modified_gmt":"2026-03-31T15:12:09","slug":"promo-code","status":"publish","type":"page","link":"https:\/\/1xbets.plus\/br\/promo-code\/","title":{"rendered":"C\u00f3digo promocional"},"content":{"rendered":"","protected":false},"excerpt":{"rendered":"","protected":false},"author":1,"featured_media":0,"parent":0,"menu_order":0,"comment_status":"closed","ping_status":"closed","template":"","meta":{"footnotes":""},"class_list":["post-466","page","type-page","status-publish","hentry"],"yoast_head":"<!-- This site is optimized with the Yoast SEO plugin v26.2 - https:\/\/yoast.com\/wordpress\/plugins\/seo\/ -->\n<title>C\u00f3digo promocional 1xBet 2026 \u2b50\ufe0f Todas as promo\u00e7\u00f5es e c\u00f3digos de b\u00f4nus<\/title>\n<meta name=\"description\" content=\"Insira o c\u00f3digo de b\u00f4nus da 1xBet Brasil no formul\u00e1rio de cadastro e receba um b\u00f4nus adicional no site da 1xBet \u27a5 O c\u00f3digo promocional da 1xBet oferece a oportunidade de receber um b\u00f4nus de boas-vindas exclusivo para apostas esportivas | Troque pontos de b\u00f4nus por c\u00f3digos promocionais da 1xBet\" \/>\n<meta name=\"robots\" content=\"index, follow, max-snippet:-1, max-image-preview:large, max-video-preview:-1\" \/>\n<meta property=\"og:locale\" content=\"pt_BR\" \/>\n<meta property=\"og:type\" content=\"article\" \/>\n<meta property=\"og:title\" content=\"C\u00f3digo promocional 1xBet 2026 \u2b50\ufe0f Todas as promo\u00e7\u00f5es e c\u00f3digos de b\u00f4nus\" \/>\n<meta property=\"og:description\" content=\"Insira o c\u00f3digo de b\u00f4nus da 1xBet Brasil no formul\u00e1rio de cadastro e receba um b\u00f4nus adicional no site da 1xBet \u27a5 O c\u00f3digo promocional da 1xBet oferece a oportunidade de receber um b\u00f4nus de boas-vindas exclusivo para apostas esportivas | Troque pontos de b\u00f4nus por c\u00f3digos promocionais da 1xBet\" \/>\n<meta property=\"og:url\" content=\"https:\/\/1xbets.plus\/br\/promo-code\/\" \/>\n<meta property=\"og:site_name\" content=\"1xbet Boost BR\" \/>\n<meta property=\"article:modified_time\" content=\"2026-03-31T15:12:09+00:00\" \/>\n<meta name=\"twitter:card\" content=\"summary_large_image\" \/>\n<script type=\"application\/ld+json\" class=\"yoast-schema-graph\">{\"@context\":\"https:\/\/schema.org\",\"@graph\":[{\"@type\":\"WebPage\",\"@id\":\"https:\/\/1xbets.plus\/br\/promo-code\/\",\"url\":\"https:\/\/1xbets.plus\/br\/promo-code\/\",\"name\":\"C\u00f3digo promocional 1xBet 2026 \u2b50\ufe0f Todas as promo\u00e7\u00f5es e c\u00f3digos de b\u00f4nus\",\"isPartOf\":{\"@id\":\"https:\/\/1xbets.plus\/br\/#website\"},\"datePublished\":\"2024-09-24T06:36:26+00:00\",\"dateModified\":\"2026-03-31T15:12:09+00:00\",\"description\":\"Insira o c\u00f3digo de b\u00f4nus da 1xBet Brasil no formul\u00e1rio de cadastro e receba um b\u00f4nus adicional no site da 1xBet \u27a5 O c\u00f3digo promocional da 1xBet oferece a oportunidade de receber um b\u00f4nus de boas-vindas exclusivo para apostas esportivas | Troque pontos de b\u00f4nus por c\u00f3digos promocionais da 1xBet\",\"inLanguage\":\"pt-BR\",\"potentialAction\":[{\"@type\":\"ReadAction\",\"target\":[\"https:\/\/1xbets.plus\/br\/promo-code\/\"]}]},{\"@type\":\"WebSite\",\"@id\":\"https:\/\/1xbets.plus\/br\/#website\",\"url\":\"https:\/\/1xbets.plus\/br\/\",\"name\":\"1xbet Boost BR\",\"description\":\"My WordPress Blog\",\"potentialAction\":[{\"@type\":\"SearchAction\",\"target\":{\"@type\":\"EntryPoint\",\"urlTemplate\":\"https:\/\/1xbets.plus\/br\/?s={search_term_string}\"},\"query-input\":{\"@type\":\"PropertyValueSpecification\",\"valueRequired\":true,\"valueName\":\"search_term_string\"}}],\"inLanguage\":\"pt-BR\"}]}<\/script>\n<!-- \/ Yoast SEO plugin. -->","yoast_head_json":{"title":"C\u00f3digo promocional 1xBet 2026 \u2b50\ufe0f Todas as promo\u00e7\u00f5es e c\u00f3digos de b\u00f4nus","description":"Insira o c\u00f3digo de b\u00f4nus da 1xBet Brasil no formul\u00e1rio de cadastro e receba um b\u00f4nus adicional no site da 1xBet \u27a5 O c\u00f3digo promocional da 1xBet oferece a oportunidade de receber um b\u00f4nus de boas-vindas exclusivo para apostas esportivas | Troque pontos de b\u00f4nus por c\u00f3digos promocionais da 1xBet","robots":{"index":"index","follow":"follow","max-snippet":"max-snippet:-1","max-image-preview":"max-image-preview:large","max-video-preview":"max-video-preview:-1"},"og_locale":"pt_BR","og_type":"article","og_title":"C\u00f3digo promocional 1xBet 2026 \u2b50\ufe0f Todas as promo\u00e7\u00f5es e c\u00f3digos de b\u00f4nus","og_description":"Insira o c\u00f3digo de b\u00f4nus da 1xBet Brasil no formul\u00e1rio de cadastro e receba um b\u00f4nus adicional no site da 1xBet \u27a5 O c\u00f3digo promocional da 1xBet oferece a oportunidade de receber um b\u00f4nus de boas-vindas exclusivo para apostas esportivas | Troque pontos de b\u00f4nus por c\u00f3digos promocionais da 1xBet","og_url":"https:\/\/1xbets.plus\/br\/promo-code\/","og_site_name":"1xbet Boost BR","article_modified_time":"2026-03-31T15:12:09+00:00","twitter_card":"summary_large_image","schema":{"@context":"https:\/\/schema.org","@graph":[{"@type":"WebPage","@id":"https:\/\/1xbets.plus\/br\/promo-code\/","url":"https:\/\/1xbets.plus\/br\/promo-code\/","name":"C\u00f3digo promocional 1xBet 2026 \u2b50\ufe0f Todas as promo\u00e7\u00f5es e c\u00f3digos de b\u00f4nus","isPartOf":{"@id":"https:\/\/1xbets.plus\/br\/#website"},"datePublished":"2024-09-24T06:36:26+00:00","dateModified":"2026-03-31T15:12:09+00:00","description":"Insira o c\u00f3digo de b\u00f4nus da 1xBet Brasil no formul\u00e1rio de cadastro e receba um b\u00f4nus adicional no site da 1xBet \u27a5 O c\u00f3digo promocional da 1xBet oferece a oportunidade de receber um b\u00f4nus de boas-vindas exclusivo para apostas esportivas | Troque pontos de b\u00f4nus por c\u00f3digos promocionais da 1xBet","inLanguage":"pt-BR","potentialAction":[{"@type":"ReadAction","target":["https:\/\/1xbets.plus\/br\/promo-code\/"]}]},{"@type":"WebSite","@id":"https:\/\/1xbets.plus\/br\/#website","url":"https:\/\/1xbets.plus\/br\/","name":"1xbet Boost BR","description":"My WordPress Blog","potentialAction":[{"@type":"SearchAction","target":{"@type":"EntryPoint","urlTemplate":"https:\/\/1xbets.plus\/br\/?s={search_term_string}"},"query-input":{"@type":"PropertyValueSpecification","valueRequired":true,"valueName":"search_term_string"}}],"inLanguage":"pt-BR"}]}},"_links":{"self":[{"href":"https:\/\/1xbets.plus\/br\/wp-json\/wp\/v2\/pages\/466","targetHints":{"allow":["GET"]}}],"collection":[{"href":"https:\/\/1xbets.plus\/br\/wp-json\/wp\/v2\/pages"}],"about":[{"href":"https:\/\/1xbets.plus\/br\/wp-json\/wp\/v2\/types\/page"}],"author":[{"embeddable":true,"href":"https:\/\/1xbets.plus\/br\/wp-json\/wp\/v2\/users\/1"}],"replies":[{"embeddable":true,"href":"https:\/\/1xbets.plus\/br\/wp-json\/wp\/v2\/comments?post=466"}],"version-history":[{"count":16,"href":"https:\/\/1xbets.plus\/br\/wp-json\/wp\/v2\/pages\/466\/revisions"}],"predecessor-version":[{"id":968,"href":"https:\/\/1xbets.plus\/br\/wp-json\/wp\/v2\/pages\/466\/revisions\/968"}],"wp:attachment":[{"href":"https:\/\/1xbets.plus\/br\/wp-json\/wp\/v2\/media?parent=466"}],"curies":[{"name":"wp","href":"https:\/\/api.w.org\/{rel}","templated":true}]}}