{"id":349,"date":"2024-09-16T07:08:56","date_gmt":"2024-09-16T07:08:56","guid":{"rendered":"https:\/\/1xbets.plus\/br\/?page_id=349"},"modified":"2026-03-31T15:00:08","modified_gmt":"2026-03-31T15:00:08","slug":"registration","status":"publish","type":"page","link":"https:\/\/1xbets.plus\/br\/registration\/","title":{"rendered":"Inscri\u00e7\u00e3o"},"content":{"rendered":"","protected":false},"excerpt":{"rendered":"","protected":false},"author":1,"featured_media":0,"parent":0,"menu_order":0,"comment_status":"closed","ping_status":"closed","template":"","meta":{"footnotes":""},"class_list":["post-349","page","type-page","status-publish","hentry"],"yoast_head":"<!-- This site is optimized with the Yoast SEO plugin v26.2 - https:\/\/yoast.com\/wordpress\/plugins\/seo\/ -->\n<title>Registro na 1xBet Brasil \u1409 Guia de como se cadastrar<\/title>\n<meta name=\"description\" content=\"Registro na 1xBet \u26bd\ufe0f Registro no site oficial da 1xBet \u2713 Conclua seu registro na 1xBet usando tr\u00eas op\u00e7\u00f5es diferentes \u2713 Registro com um clique, registro por telefone e registro por e-mail\" \/>\n<meta name=\"robots\" content=\"index, follow, max-snippet:-1, max-image-preview:large, max-video-preview:-1\" \/>\n<meta property=\"og:locale\" content=\"pt_BR\" \/>\n<meta property=\"og:type\" content=\"article\" \/>\n<meta property=\"og:title\" content=\"Registro na 1xBet Brasil \u1409 Guia de como se cadastrar\" \/>\n<meta property=\"og:description\" content=\"Registro na 1xBet \u26bd\ufe0f Registro no site oficial da 1xBet \u2713 Conclua seu registro na 1xBet usando tr\u00eas op\u00e7\u00f5es diferentes \u2713 Registro com um clique, registro por telefone e registro por e-mail\" \/>\n<meta property=\"og:url\" content=\"https:\/\/1xbets.plus\/br\/registration\/\" \/>\n<meta property=\"og:site_name\" content=\"1xbet Boost BR\" \/>\n<meta property=\"article:modified_time\" content=\"2026-03-31T15:00:08+00:00\" \/>\n<meta name=\"twitter:card\" content=\"summary_large_image\" \/>\n<script type=\"application\/ld+json\" class=\"yoast-schema-graph\">{\"@context\":\"https:\/\/schema.org\",\"@graph\":[{\"@type\":\"WebPage\",\"@id\":\"https:\/\/1xbets.plus\/br\/registration\/\",\"url\":\"https:\/\/1xbets.plus\/br\/registration\/\",\"name\":\"Registro na 1xBet Brasil \u1409 Guia de como se cadastrar\",\"isPartOf\":{\"@id\":\"https:\/\/1xbets.plus\/br\/#website\"},\"datePublished\":\"2024-09-16T07:08:56+00:00\",\"dateModified\":\"2026-03-31T15:00:08+00:00\",\"description\":\"Registro na 1xBet \u26bd\ufe0f Registro no site oficial da 1xBet \u2713 Conclua seu registro na 1xBet usando tr\u00eas op\u00e7\u00f5es diferentes \u2713 Registro com um clique, registro por telefone e registro por e-mail\",\"inLanguage\":\"pt-BR\",\"potentialAction\":[{\"@type\":\"ReadAction\",\"target\":[\"https:\/\/1xbets.plus\/br\/registration\/\"]}]},{\"@type\":\"WebSite\",\"@id\":\"https:\/\/1xbets.plus\/br\/#website\",\"url\":\"https:\/\/1xbets.plus\/br\/\",\"name\":\"1xbet Boost BR\",\"description\":\"My WordPress Blog\",\"potentialAction\":[{\"@type\":\"SearchAction\",\"target\":{\"@type\":\"EntryPoint\",\"urlTemplate\":\"https:\/\/1xbets.plus\/br\/?s={search_term_string}\"},\"query-input\":{\"@type\":\"PropertyValueSpecification\",\"valueRequired\":true,\"valueName\":\"search_term_string\"}}],\"inLanguage\":\"pt-BR\"}]}<\/script>\n<!-- \/ Yoast SEO plugin. -->","yoast_head_json":{"title":"Registro na 1xBet Brasil \u1409 Guia de como se cadastrar","description":"Registro na 1xBet \u26bd\ufe0f Registro no site oficial da 1xBet \u2713 Conclua seu registro na 1xBet usando tr\u00eas op\u00e7\u00f5es diferentes \u2713 Registro com um clique, registro por telefone e registro por e-mail","robots":{"index":"index","follow":"follow","max-snippet":"max-snippet:-1","max-image-preview":"max-image-preview:large","max-video-preview":"max-video-preview:-1"},"og_locale":"pt_BR","og_type":"article","og_title":"Registro na 1xBet Brasil \u1409 Guia de como se cadastrar","og_description":"Registro na 1xBet \u26bd\ufe0f Registro no site oficial da 1xBet \u2713 Conclua seu registro na 1xBet usando tr\u00eas op\u00e7\u00f5es diferentes \u2713 Registro com um clique, registro por telefone e registro por e-mail","og_url":"https:\/\/1xbets.plus\/br\/registration\/","og_site_name":"1xbet Boost BR","article_modified_time":"2026-03-31T15:00:08+00:00","twitter_card":"summary_large_image","schema":{"@context":"https:\/\/schema.org","@graph":[{"@type":"WebPage","@id":"https:\/\/1xbets.plus\/br\/registration\/","url":"https:\/\/1xbets.plus\/br\/registration\/","name":"Registro na 1xBet Brasil \u1409 Guia de como se cadastrar","isPartOf":{"@id":"https:\/\/1xbets.plus\/br\/#website"},"datePublished":"2024-09-16T07:08:56+00:00","dateModified":"2026-03-31T15:00:08+00:00","description":"Registro na 1xBet \u26bd\ufe0f Registro no site oficial da 1xBet \u2713 Conclua seu registro na 1xBet usando tr\u00eas op\u00e7\u00f5es diferentes \u2713 Registro com um clique, registro por telefone e registro por e-mail","inLanguage":"pt-BR","potentialAction":[{"@type":"ReadAction","target":["https:\/\/1xbets.plus\/br\/registration\/"]}]},{"@type":"WebSite","@id":"https:\/\/1xbets.plus\/br\/#website","url":"https:\/\/1xbets.plus\/br\/","name":"1xbet Boost BR","description":"My WordPress Blog","potentialAction":[{"@type":"SearchAction","target":{"@type":"EntryPoint","urlTemplate":"https:\/\/1xbets.plus\/br\/?s={search_term_string}"},"query-input":{"@type":"PropertyValueSpecification","valueRequired":true,"valueName":"search_term_string"}}],"inLanguage":"pt-BR"}]}},"_links":{"self":[{"href":"https:\/\/1xbets.plus\/br\/wp-json\/wp\/v2\/pages\/349","targetHints":{"allow":["GET"]}}],"collection":[{"href":"https:\/\/1xbets.plus\/br\/wp-json\/wp\/v2\/pages"}],"about":[{"href":"https:\/\/1xbets.plus\/br\/wp-json\/wp\/v2\/types\/page"}],"author":[{"embeddable":true,"href":"https:\/\/1xbets.plus\/br\/wp-json\/wp\/v2\/users\/1"}],"replies":[{"embeddable":true,"href":"https:\/\/1xbets.plus\/br\/wp-json\/wp\/v2\/comments?post=349"}],"version-history":[{"count":25,"href":"https:\/\/1xbets.plus\/br\/wp-json\/wp\/v2\/pages\/349\/revisions"}],"predecessor-version":[{"id":966,"href":"https:\/\/1xbets.plus\/br\/wp-json\/wp\/v2\/pages\/349\/revisions\/966"}],"wp:attachment":[{"href":"https:\/\/1xbets.plus\/br\/wp-json\/wp\/v2\/media?parent=349"}],"curies":[{"name":"wp","href":"https:\/\/api.w.org\/{rel}","templated":true}]}}