{"id":423,"date":"2024-09-20T06:04:57","date_gmt":"2024-09-20T06:04:57","guid":{"rendered":"https:\/\/1xbets.plus\/be\/?page_id=423"},"modified":"2025-02-20T12:12:28","modified_gmt":"2025-02-20T12:12:28","slug":"apk","status":"publish","type":"page","link":"https:\/\/1xbets.plus\/be\/apk\/","title":{"rendered":"Apk"},"content":{"rendered":"","protected":false},"excerpt":{"rendered":"","protected":false},"author":1,"featured_media":0,"parent":0,"menu_order":0,"comment_status":"closed","ping_status":"closed","template":"","meta":{"footnotes":""},"class_list":["post-423","page","type-page","status-publish","hentry"],"yoast_head":"<!-- This site is optimized with the Yoast SEO plugin v26.2 - https:\/\/yoast.com\/wordpress\/plugins\/seo\/ -->\n<title>1xBet Belgique APK pour Android \u21d2 T\u00e9l\u00e9chargement gratuit<\/title>\n<meta name=\"description\" content=\"T\u00e9l\u00e9charger 1xBet Apk gratuitement \u26bd 1xBet Mobile pour les paris sportifs et le casino \u2713 Comment t\u00e9l\u00e9charger l&#039;APK officiel de 1xBet sur Android \u2713 Installer l&#039;apk gratuite de 1xBet pour un acc\u00e8s rapide au site de 1xBet.\" \/>\n<meta name=\"robots\" content=\"index, follow, max-snippet:-1, max-image-preview:large, max-video-preview:-1\" \/>\n<meta property=\"og:locale\" content=\"fr_FR\" \/>\n<meta property=\"og:type\" content=\"article\" \/>\n<meta property=\"og:title\" content=\"1xBet Belgique APK pour Android \u21d2 T\u00e9l\u00e9chargement gratuit\" \/>\n<meta property=\"og:description\" content=\"T\u00e9l\u00e9charger 1xBet Apk gratuitement \u26bd 1xBet Mobile pour les paris sportifs et le casino \u2713 Comment t\u00e9l\u00e9charger l&#039;APK officiel de 1xBet sur Android \u2713 Installer l&#039;apk gratuite de 1xBet pour un acc\u00e8s rapide au site de 1xBet.\" \/>\n<meta property=\"og:url\" content=\"https:\/\/1xbets.plus\/be\/apk\/\" \/>\n<meta property=\"og:site_name\" content=\"1xbet Boost be\" \/>\n<meta property=\"article:modified_time\" content=\"2025-02-20T12:12:28+00:00\" \/>\n<meta name=\"twitter:card\" content=\"summary_large_image\" \/>\n<script type=\"application\/ld+json\" class=\"yoast-schema-graph\">{\"@context\":\"https:\/\/schema.org\",\"@graph\":[{\"@type\":\"WebPage\",\"@id\":\"https:\/\/1xbets.plus\/be\/apk\/\",\"url\":\"https:\/\/1xbets.plus\/be\/apk\/\",\"name\":\"1xBet Belgique APK pour Android \u21d2 T\u00e9l\u00e9chargement gratuit\",\"isPartOf\":{\"@id\":\"https:\/\/1xbets.plus\/be\/#website\"},\"datePublished\":\"2024-09-20T06:04:57+00:00\",\"dateModified\":\"2025-02-20T12:12:28+00:00\",\"description\":\"T\u00e9l\u00e9charger 1xBet Apk gratuitement \u26bd 1xBet Mobile pour les paris sportifs et le casino \u2713 Comment t\u00e9l\u00e9charger l'APK officiel de 1xBet sur Android \u2713 Installer l'apk gratuite de 1xBet pour un acc\u00e8s rapide au site de 1xBet.\",\"inLanguage\":\"fr-BE\",\"potentialAction\":[{\"@type\":\"ReadAction\",\"target\":[\"https:\/\/1xbets.plus\/be\/apk\/\"]}]},{\"@type\":\"WebSite\",\"@id\":\"https:\/\/1xbets.plus\/be\/#website\",\"url\":\"https:\/\/1xbets.plus\/be\/\",\"name\":\"1xbet Boost be\",\"description\":\"My WordPress Blog\",\"potentialAction\":[{\"@type\":\"SearchAction\",\"target\":{\"@type\":\"EntryPoint\",\"urlTemplate\":\"https:\/\/1xbets.plus\/be\/?s={search_term_string}\"},\"query-input\":{\"@type\":\"PropertyValueSpecification\",\"valueRequired\":true,\"valueName\":\"search_term_string\"}}],\"inLanguage\":\"fr-BE\"}]}<\/script>\n<!-- \/ Yoast SEO plugin. -->","yoast_head_json":{"title":"1xBet Belgique APK pour Android \u21d2 T\u00e9l\u00e9chargement gratuit","description":"T\u00e9l\u00e9charger 1xBet Apk gratuitement \u26bd 1xBet Mobile pour les paris sportifs et le casino \u2713 Comment t\u00e9l\u00e9charger l'APK officiel de 1xBet sur Android \u2713 Installer l'apk gratuite de 1xBet pour un acc\u00e8s rapide au site de 1xBet.","robots":{"index":"index","follow":"follow","max-snippet":"max-snippet:-1","max-image-preview":"max-image-preview:large","max-video-preview":"max-video-preview:-1"},"og_locale":"fr_FR","og_type":"article","og_title":"1xBet Belgique APK pour Android \u21d2 T\u00e9l\u00e9chargement gratuit","og_description":"T\u00e9l\u00e9charger 1xBet Apk gratuitement \u26bd 1xBet Mobile pour les paris sportifs et le casino \u2713 Comment t\u00e9l\u00e9charger l'APK officiel de 1xBet sur Android \u2713 Installer l'apk gratuite de 1xBet pour un acc\u00e8s rapide au site de 1xBet.","og_url":"https:\/\/1xbets.plus\/be\/apk\/","og_site_name":"1xbet Boost be","article_modified_time":"2025-02-20T12:12:28+00:00","twitter_card":"summary_large_image","schema":{"@context":"https:\/\/schema.org","@graph":[{"@type":"WebPage","@id":"https:\/\/1xbets.plus\/be\/apk\/","url":"https:\/\/1xbets.plus\/be\/apk\/","name":"1xBet Belgique APK pour Android \u21d2 T\u00e9l\u00e9chargement gratuit","isPartOf":{"@id":"https:\/\/1xbets.plus\/be\/#website"},"datePublished":"2024-09-20T06:04:57+00:00","dateModified":"2025-02-20T12:12:28+00:00","description":"T\u00e9l\u00e9charger 1xBet Apk gratuitement \u26bd 1xBet Mobile pour les paris sportifs et le casino \u2713 Comment t\u00e9l\u00e9charger l'APK officiel de 1xBet sur Android \u2713 Installer l'apk gratuite de 1xBet pour un acc\u00e8s rapide au site de 1xBet.","inLanguage":"fr-BE","potentialAction":[{"@type":"ReadAction","target":["https:\/\/1xbets.plus\/be\/apk\/"]}]},{"@type":"WebSite","@id":"https:\/\/1xbets.plus\/be\/#website","url":"https:\/\/1xbets.plus\/be\/","name":"1xbet Boost be","description":"My WordPress Blog","potentialAction":[{"@type":"SearchAction","target":{"@type":"EntryPoint","urlTemplate":"https:\/\/1xbets.plus\/be\/?s={search_term_string}"},"query-input":{"@type":"PropertyValueSpecification","valueRequired":true,"valueName":"search_term_string"}}],"inLanguage":"fr-BE"}]}},"_links":{"self":[{"href":"https:\/\/1xbets.plus\/be\/wp-json\/wp\/v2\/pages\/423","targetHints":{"allow":["GET"]}}],"collection":[{"href":"https:\/\/1xbets.plus\/be\/wp-json\/wp\/v2\/pages"}],"about":[{"href":"https:\/\/1xbets.plus\/be\/wp-json\/wp\/v2\/types\/page"}],"author":[{"embeddable":true,"href":"https:\/\/1xbets.plus\/be\/wp-json\/wp\/v2\/users\/1"}],"replies":[{"embeddable":true,"href":"https:\/\/1xbets.plus\/be\/wp-json\/wp\/v2\/comments?post=423"}],"version-history":[{"count":10,"href":"https:\/\/1xbets.plus\/be\/wp-json\/wp\/v2\/pages\/423\/revisions"}],"predecessor-version":[{"id":601,"href":"https:\/\/1xbets.plus\/be\/wp-json\/wp\/v2\/pages\/423\/revisions\/601"}],"wp:attachment":[{"href":"https:\/\/1xbets.plus\/be\/wp-json\/wp\/v2\/media?parent=423"}],"curies":[{"name":"wp","href":"https:\/\/api.w.org\/{rel}","templated":true}]}}