{"id":2,"date":"2023-05-18T17:18:34","date_gmt":"2023-05-18T17:18:34","guid":{"rendered":"https:\/\/1xbets.plus\/be\/?page_id=2"},"modified":"2025-02-26T15:25:39","modified_gmt":"2025-02-26T15:25:39","slug":"sample-page","status":"publish","type":"page","link":"https:\/\/1xbets.plus\/be\/","title":{"rendered":"Accueil"},"content":{"rendered":"","protected":false},"excerpt":{"rendered":"","protected":false},"author":1,"featured_media":0,"parent":0,"menu_order":0,"comment_status":"closed","ping_status":"open","template":"","meta":{"footnotes":""},"class_list":["post-2","page","type-page","status-publish","hentry"],"yoast_head":"<!-- This site is optimized with the Yoast SEO plugin v26.2 - https:\/\/yoast.com\/wordpress\/plugins\/seo\/ -->\n<title>1xBet - Jouez aux jeux de casino en direct et pariez sur les sports<\/title>\n<meta name=\"description\" content=\"1xbet Belgique est une plateforme de paris offrant une exp\u00e9rience s\u00fbre et l\u00e9gale \u27a1\ufe0f 1xBet Bonus de premier d\u00e9p\u00f4t \u26a1 Pari sportif avant le match et en direct avec les meilleures cotes.\" \/>\n<meta name=\"robots\" content=\"index, follow, max-snippet:-1, max-image-preview:large, max-video-preview:-1\" \/>\n<meta property=\"og:locale\" content=\"fr_FR\" \/>\n<meta property=\"og:type\" content=\"article\" \/>\n<meta property=\"og:title\" content=\"1xBet - Jouez aux jeux de casino en direct et pariez sur les sports\" \/>\n<meta property=\"og:description\" content=\"1xbet Belgique est une plateforme de paris offrant une exp\u00e9rience s\u00fbre et l\u00e9gale \u27a1\ufe0f 1xBet Bonus de premier d\u00e9p\u00f4t \u26a1 Pari sportif avant le match et en direct avec les meilleures cotes.\" \/>\n<meta property=\"og:url\" content=\"https:\/\/1xbets.plus\/be\/\" \/>\n<meta property=\"og:site_name\" content=\"1xbet Boost be\" \/>\n<meta property=\"article:modified_time\" content=\"2025-02-26T15:25:39+00:00\" \/>\n<meta name=\"twitter:card\" content=\"summary_large_image\" \/>\n<script type=\"application\/ld+json\" class=\"yoast-schema-graph\">{\"@context\":\"https:\/\/schema.org\",\"@graph\":[{\"@type\":\"WebPage\",\"@id\":\"https:\/\/1xbets.plus\/be\/\",\"url\":\"https:\/\/1xbets.plus\/be\/\",\"name\":\"1xBet - Jouez aux jeux de casino en direct et pariez sur les sports\",\"isPartOf\":{\"@id\":\"https:\/\/1xbets.plus\/be\/#website\"},\"datePublished\":\"2023-05-18T17:18:34+00:00\",\"dateModified\":\"2025-02-26T15:25:39+00:00\",\"description\":\"1xbet Belgique est une plateforme de paris offrant une exp\u00e9rience s\u00fbre et l\u00e9gale \u27a1\ufe0f 1xBet Bonus de premier d\u00e9p\u00f4t \u26a1 Pari sportif avant le match et en direct avec les meilleures cotes.\",\"inLanguage\":\"fr-BE\",\"potentialAction\":[{\"@type\":\"ReadAction\",\"target\":[\"https:\/\/1xbets.plus\/be\/\"]}]},{\"@type\":\"WebSite\",\"@id\":\"https:\/\/1xbets.plus\/be\/#website\",\"url\":\"https:\/\/1xbets.plus\/be\/\",\"name\":\"1xbet Boost be\",\"description\":\"My WordPress Blog\",\"potentialAction\":[{\"@type\":\"SearchAction\",\"target\":{\"@type\":\"EntryPoint\",\"urlTemplate\":\"https:\/\/1xbets.plus\/be\/?s={search_term_string}\"},\"query-input\":{\"@type\":\"PropertyValueSpecification\",\"valueRequired\":true,\"valueName\":\"search_term_string\"}}],\"inLanguage\":\"fr-BE\"}]}<\/script>\n<!-- \/ Yoast SEO plugin. -->","yoast_head_json":{"title":"1xBet - Jouez aux jeux de casino en direct et pariez sur les sports","description":"1xbet Belgique est une plateforme de paris offrant une exp\u00e9rience s\u00fbre et l\u00e9gale \u27a1\ufe0f 1xBet Bonus de premier d\u00e9p\u00f4t \u26a1 Pari sportif avant le match et en direct avec les meilleures cotes.","robots":{"index":"index","follow":"follow","max-snippet":"max-snippet:-1","max-image-preview":"max-image-preview:large","max-video-preview":"max-video-preview:-1"},"og_locale":"fr_FR","og_type":"article","og_title":"1xBet - Jouez aux jeux de casino en direct et pariez sur les sports","og_description":"1xbet Belgique est une plateforme de paris offrant une exp\u00e9rience s\u00fbre et l\u00e9gale \u27a1\ufe0f 1xBet Bonus de premier d\u00e9p\u00f4t \u26a1 Pari sportif avant le match et en direct avec les meilleures cotes.","og_url":"https:\/\/1xbets.plus\/be\/","og_site_name":"1xbet Boost be","article_modified_time":"2025-02-26T15:25:39+00:00","twitter_card":"summary_large_image","schema":{"@context":"https:\/\/schema.org","@graph":[{"@type":"WebPage","@id":"https:\/\/1xbets.plus\/be\/","url":"https:\/\/1xbets.plus\/be\/","name":"1xBet - Jouez aux jeux de casino en direct et pariez sur les sports","isPartOf":{"@id":"https:\/\/1xbets.plus\/be\/#website"},"datePublished":"2023-05-18T17:18:34+00:00","dateModified":"2025-02-26T15:25:39+00:00","description":"1xbet Belgique est une plateforme de paris offrant une exp\u00e9rience s\u00fbre et l\u00e9gale \u27a1\ufe0f 1xBet Bonus de premier d\u00e9p\u00f4t \u26a1 Pari sportif avant le match et en direct avec les meilleures cotes.","inLanguage":"fr-BE","potentialAction":[{"@type":"ReadAction","target":["https:\/\/1xbets.plus\/be\/"]}]},{"@type":"WebSite","@id":"https:\/\/1xbets.plus\/be\/#website","url":"https:\/\/1xbets.plus\/be\/","name":"1xbet Boost be","description":"My WordPress Blog","potentialAction":[{"@type":"SearchAction","target":{"@type":"EntryPoint","urlTemplate":"https:\/\/1xbets.plus\/be\/?s={search_term_string}"},"query-input":{"@type":"PropertyValueSpecification","valueRequired":true,"valueName":"search_term_string"}}],"inLanguage":"fr-BE"}]}},"_links":{"self":[{"href":"https:\/\/1xbets.plus\/be\/wp-json\/wp\/v2\/pages\/2","targetHints":{"allow":["GET"]}}],"collection":[{"href":"https:\/\/1xbets.plus\/be\/wp-json\/wp\/v2\/pages"}],"about":[{"href":"https:\/\/1xbets.plus\/be\/wp-json\/wp\/v2\/types\/page"}],"author":[{"embeddable":true,"href":"https:\/\/1xbets.plus\/be\/wp-json\/wp\/v2\/users\/1"}],"replies":[{"embeddable":true,"href":"https:\/\/1xbets.plus\/be\/wp-json\/wp\/v2\/comments?post=2"}],"version-history":[{"count":76,"href":"https:\/\/1xbets.plus\/be\/wp-json\/wp\/v2\/pages\/2\/revisions"}],"predecessor-version":[{"id":615,"href":"https:\/\/1xbets.plus\/be\/wp-json\/wp\/v2\/pages\/2\/revisions\/615"}],"wp:attachment":[{"href":"https:\/\/1xbets.plus\/be\/wp-json\/wp\/v2\/media?parent=2"}],"curies":[{"name":"wp","href":"https:\/\/api.w.org\/{rel}","templated":true}]}}