{"id":840,"date":"2026-03-06T12:48:56","date_gmt":"2026-03-06T12:48:56","guid":{"rendered":"https:\/\/1xbets.plus\/az\/?page_id=840"},"modified":"2026-04-05T20:03:24","modified_gmt":"2026-04-05T20:03:24","slug":"mines","status":"publish","type":"page","link":"https:\/\/1xbets.plus\/az\/mines\/","title":{"rendered":"Mines"},"content":{"rendered":"","protected":false},"excerpt":{"rendered":"","protected":false},"author":1,"featured_media":0,"parent":0,"menu_order":0,"comment_status":"closed","ping_status":"closed","template":"","meta":{"footnotes":""},"class_list":["post-840","page","type-page","status-publish","hentry"],"yoast_head":"<!-- This site is optimized with the Yoast SEO plugin v26.2 - https:\/\/yoast.com\/wordpress\/plugins\/seo\/ -->\n<title>Onlayn Mines Oynay\u0131n | 1xBet-d\u0259 Mines Kazino Oyunu<\/title>\n<meta name=\"description\" content=\"1xBet kazinosunda m\u0259\u015fhur Mines oyununu s\u0131nay\u0131n. T\u0259hl\u00fck\u0259siz kvadratlar\u0131 se\u00e7in, bombalardan yay\u0131n v\u0259 h\u0259r u\u011furlu add\u0131mda qazanc\u0131n\u0131z\u0131 art\u0131r\u0131n.\" \/>\n<meta name=\"robots\" content=\"index, follow, max-snippet:-1, max-image-preview:large, max-video-preview:-1\" \/>\n<meta property=\"og:locale\" content=\"az_AZ\" \/>\n<meta property=\"og:type\" content=\"article\" \/>\n<meta property=\"og:title\" content=\"Onlayn Mines Oynay\u0131n | 1xBet-d\u0259 Mines Kazino Oyunu\" \/>\n<meta property=\"og:description\" content=\"1xBet kazinosunda m\u0259\u015fhur Mines oyununu s\u0131nay\u0131n. T\u0259hl\u00fck\u0259siz kvadratlar\u0131 se\u00e7in, bombalardan yay\u0131n v\u0259 h\u0259r u\u011furlu add\u0131mda qazanc\u0131n\u0131z\u0131 art\u0131r\u0131n.\" \/>\n<meta property=\"og:url\" content=\"https:\/\/1xbets.plus\/az\/mines\/\" \/>\n<meta property=\"og:site_name\" content=\"1xbet Boost az\" \/>\n<meta property=\"article:modified_time\" content=\"2026-04-05T20:03:24+00:00\" \/>\n<meta name=\"twitter:card\" content=\"summary_large_image\" \/>\n<script type=\"application\/ld+json\" class=\"yoast-schema-graph\">{\"@context\":\"https:\/\/schema.org\",\"@graph\":[{\"@type\":\"WebPage\",\"@id\":\"https:\/\/1xbets.plus\/az\/mines\/\",\"url\":\"https:\/\/1xbets.plus\/az\/mines\/\",\"name\":\"Onlayn Mines Oynay\u0131n | 1xBet-d\u0259 Mines Kazino Oyunu\",\"isPartOf\":{\"@id\":\"https:\/\/1xbets.plus\/az\/#website\"},\"datePublished\":\"2026-03-06T12:48:56+00:00\",\"dateModified\":\"2026-04-05T20:03:24+00:00\",\"description\":\"1xBet kazinosunda m\u0259\u015fhur Mines oyununu s\u0131nay\u0131n. T\u0259hl\u00fck\u0259siz kvadratlar\u0131 se\u00e7in, bombalardan yay\u0131n v\u0259 h\u0259r u\u011furlu add\u0131mda qazanc\u0131n\u0131z\u0131 art\u0131r\u0131n.\",\"inLanguage\":\"az\",\"potentialAction\":[{\"@type\":\"ReadAction\",\"target\":[\"https:\/\/1xbets.plus\/az\/mines\/\"]}]},{\"@type\":\"WebSite\",\"@id\":\"https:\/\/1xbets.plus\/az\/#website\",\"url\":\"https:\/\/1xbets.plus\/az\/\",\"name\":\"1xbet Boost az\",\"description\":\"My WordPress Blog\",\"potentialAction\":[{\"@type\":\"SearchAction\",\"target\":{\"@type\":\"EntryPoint\",\"urlTemplate\":\"https:\/\/1xbets.plus\/az\/?s={search_term_string}\"},\"query-input\":{\"@type\":\"PropertyValueSpecification\",\"valueRequired\":true,\"valueName\":\"search_term_string\"}}],\"inLanguage\":\"az\"}]}<\/script>\n<!-- \/ Yoast SEO plugin. -->","yoast_head_json":{"title":"Onlayn Mines Oynay\u0131n | 1xBet-d\u0259 Mines Kazino Oyunu","description":"1xBet kazinosunda m\u0259\u015fhur Mines oyununu s\u0131nay\u0131n. T\u0259hl\u00fck\u0259siz kvadratlar\u0131 se\u00e7in, bombalardan yay\u0131n v\u0259 h\u0259r u\u011furlu add\u0131mda qazanc\u0131n\u0131z\u0131 art\u0131r\u0131n.","robots":{"index":"index","follow":"follow","max-snippet":"max-snippet:-1","max-image-preview":"max-image-preview:large","max-video-preview":"max-video-preview:-1"},"og_locale":"az_AZ","og_type":"article","og_title":"Onlayn Mines Oynay\u0131n | 1xBet-d\u0259 Mines Kazino Oyunu","og_description":"1xBet kazinosunda m\u0259\u015fhur Mines oyununu s\u0131nay\u0131n. T\u0259hl\u00fck\u0259siz kvadratlar\u0131 se\u00e7in, bombalardan yay\u0131n v\u0259 h\u0259r u\u011furlu add\u0131mda qazanc\u0131n\u0131z\u0131 art\u0131r\u0131n.","og_url":"https:\/\/1xbets.plus\/az\/mines\/","og_site_name":"1xbet Boost az","article_modified_time":"2026-04-05T20:03:24+00:00","twitter_card":"summary_large_image","schema":{"@context":"https:\/\/schema.org","@graph":[{"@type":"WebPage","@id":"https:\/\/1xbets.plus\/az\/mines\/","url":"https:\/\/1xbets.plus\/az\/mines\/","name":"Onlayn Mines Oynay\u0131n | 1xBet-d\u0259 Mines Kazino Oyunu","isPartOf":{"@id":"https:\/\/1xbets.plus\/az\/#website"},"datePublished":"2026-03-06T12:48:56+00:00","dateModified":"2026-04-05T20:03:24+00:00","description":"1xBet kazinosunda m\u0259\u015fhur Mines oyununu s\u0131nay\u0131n. T\u0259hl\u00fck\u0259siz kvadratlar\u0131 se\u00e7in, bombalardan yay\u0131n v\u0259 h\u0259r u\u011furlu add\u0131mda qazanc\u0131n\u0131z\u0131 art\u0131r\u0131n.","inLanguage":"az","potentialAction":[{"@type":"ReadAction","target":["https:\/\/1xbets.plus\/az\/mines\/"]}]},{"@type":"WebSite","@id":"https:\/\/1xbets.plus\/az\/#website","url":"https:\/\/1xbets.plus\/az\/","name":"1xbet Boost az","description":"My WordPress Blog","potentialAction":[{"@type":"SearchAction","target":{"@type":"EntryPoint","urlTemplate":"https:\/\/1xbets.plus\/az\/?s={search_term_string}"},"query-input":{"@type":"PropertyValueSpecification","valueRequired":true,"valueName":"search_term_string"}}],"inLanguage":"az"}]}},"_links":{"self":[{"href":"https:\/\/1xbets.plus\/az\/wp-json\/wp\/v2\/pages\/840","targetHints":{"allow":["GET"]}}],"collection":[{"href":"https:\/\/1xbets.plus\/az\/wp-json\/wp\/v2\/pages"}],"about":[{"href":"https:\/\/1xbets.plus\/az\/wp-json\/wp\/v2\/types\/page"}],"author":[{"embeddable":true,"href":"https:\/\/1xbets.plus\/az\/wp-json\/wp\/v2\/users\/1"}],"replies":[{"embeddable":true,"href":"https:\/\/1xbets.plus\/az\/wp-json\/wp\/v2\/comments?post=840"}],"version-history":[{"count":4,"href":"https:\/\/1xbets.plus\/az\/wp-json\/wp\/v2\/pages\/840\/revisions"}],"predecessor-version":[{"id":956,"href":"https:\/\/1xbets.plus\/az\/wp-json\/wp\/v2\/pages\/840\/revisions\/956"}],"wp:attachment":[{"href":"https:\/\/1xbets.plus\/az\/wp-json\/wp\/v2\/media?parent=840"}],"curies":[{"name":"wp","href":"https:\/\/api.w.org\/{rel}","templated":true}]}}