{"id":807,"date":"2026-03-06T07:53:21","date_gmt":"2026-03-06T07:53:21","guid":{"rendered":"https:\/\/1xbets.plus\/az\/?page_id=807"},"modified":"2026-04-05T17:01:54","modified_gmt":"2026-04-05T17:01:54","slug":"aviator","status":"publish","type":"page","link":"https:\/\/1xbets.plus\/az\/aviator\/","title":{"rendered":"Aviator"},"content":{"rendered":"","protected":false},"excerpt":{"rendered":"","protected":false},"author":1,"featured_media":0,"parent":0,"menu_order":0,"comment_status":"closed","ping_status":"closed","template":"","meta":{"footnotes":""},"class_list":["post-807","page","type-page","status-publish","hentry"],"yoast_head":"<!-- This site is optimized with the Yoast SEO plugin v26.2 - https:\/\/yoast.com\/wordpress\/plugins\/seo\/ -->\n<title>Aviator Q\u0259za Oyunu \u2013 1xBet Kazinosunda Oynay\u0131n<\/title>\n<meta name=\"description\" content=\"1xBet kazinosunda Aviator-u onlayn oynay\u0131n: hamar oyun gedi\u015fi, real vaxt \u00e7oxald\u0131c\u0131lar\u0131 v\u0259 h\u0259y\u0259canl\u0131 \u00e7\u00f6km\u0259 mexanikas\u0131 il\u0259. \u0130ndi qo\u015fulun v\u0259 oynama\u011fa ba\u015flay\u0131n.\" \/>\n<meta name=\"robots\" content=\"index, follow, max-snippet:-1, max-image-preview:large, max-video-preview:-1\" \/>\n<meta property=\"og:locale\" content=\"az_AZ\" \/>\n<meta property=\"og:type\" content=\"article\" \/>\n<meta property=\"og:title\" content=\"Aviator Q\u0259za Oyunu \u2013 1xBet Kazinosunda Oynay\u0131n\" \/>\n<meta property=\"og:description\" content=\"1xBet kazinosunda Aviator-u onlayn oynay\u0131n: hamar oyun gedi\u015fi, real vaxt \u00e7oxald\u0131c\u0131lar\u0131 v\u0259 h\u0259y\u0259canl\u0131 \u00e7\u00f6km\u0259 mexanikas\u0131 il\u0259. \u0130ndi qo\u015fulun v\u0259 oynama\u011fa ba\u015flay\u0131n.\" \/>\n<meta property=\"og:url\" content=\"https:\/\/1xbets.plus\/az\/aviator\/\" \/>\n<meta property=\"og:site_name\" content=\"1xbet Boost az\" \/>\n<meta property=\"article:modified_time\" content=\"2026-04-05T17:01:54+00:00\" \/>\n<meta name=\"twitter:card\" content=\"summary_large_image\" \/>\n<script type=\"application\/ld+json\" class=\"yoast-schema-graph\">{\"@context\":\"https:\/\/schema.org\",\"@graph\":[{\"@type\":\"WebPage\",\"@id\":\"https:\/\/1xbets.plus\/az\/aviator\/\",\"url\":\"https:\/\/1xbets.plus\/az\/aviator\/\",\"name\":\"Aviator Q\u0259za Oyunu \u2013 1xBet Kazinosunda Oynay\u0131n\",\"isPartOf\":{\"@id\":\"https:\/\/1xbets.plus\/az\/#website\"},\"datePublished\":\"2026-03-06T07:53:21+00:00\",\"dateModified\":\"2026-04-05T17:01:54+00:00\",\"description\":\"1xBet kazinosunda Aviator-u onlayn oynay\u0131n: hamar oyun gedi\u015fi, real vaxt \u00e7oxald\u0131c\u0131lar\u0131 v\u0259 h\u0259y\u0259canl\u0131 \u00e7\u00f6km\u0259 mexanikas\u0131 il\u0259. \u0130ndi qo\u015fulun v\u0259 oynama\u011fa ba\u015flay\u0131n.\",\"inLanguage\":\"az\",\"potentialAction\":[{\"@type\":\"ReadAction\",\"target\":[\"https:\/\/1xbets.plus\/az\/aviator\/\"]}]},{\"@type\":\"WebSite\",\"@id\":\"https:\/\/1xbets.plus\/az\/#website\",\"url\":\"https:\/\/1xbets.plus\/az\/\",\"name\":\"1xbet Boost az\",\"description\":\"My WordPress Blog\",\"potentialAction\":[{\"@type\":\"SearchAction\",\"target\":{\"@type\":\"EntryPoint\",\"urlTemplate\":\"https:\/\/1xbets.plus\/az\/?s={search_term_string}\"},\"query-input\":{\"@type\":\"PropertyValueSpecification\",\"valueRequired\":true,\"valueName\":\"search_term_string\"}}],\"inLanguage\":\"az\"}]}<\/script>\n<!-- \/ Yoast SEO plugin. -->","yoast_head_json":{"title":"Aviator Q\u0259za Oyunu \u2013 1xBet Kazinosunda Oynay\u0131n","description":"1xBet kazinosunda Aviator-u onlayn oynay\u0131n: hamar oyun gedi\u015fi, real vaxt \u00e7oxald\u0131c\u0131lar\u0131 v\u0259 h\u0259y\u0259canl\u0131 \u00e7\u00f6km\u0259 mexanikas\u0131 il\u0259. \u0130ndi qo\u015fulun v\u0259 oynama\u011fa ba\u015flay\u0131n.","robots":{"index":"index","follow":"follow","max-snippet":"max-snippet:-1","max-image-preview":"max-image-preview:large","max-video-preview":"max-video-preview:-1"},"og_locale":"az_AZ","og_type":"article","og_title":"Aviator Q\u0259za Oyunu \u2013 1xBet Kazinosunda Oynay\u0131n","og_description":"1xBet kazinosunda Aviator-u onlayn oynay\u0131n: hamar oyun gedi\u015fi, real vaxt \u00e7oxald\u0131c\u0131lar\u0131 v\u0259 h\u0259y\u0259canl\u0131 \u00e7\u00f6km\u0259 mexanikas\u0131 il\u0259. \u0130ndi qo\u015fulun v\u0259 oynama\u011fa ba\u015flay\u0131n.","og_url":"https:\/\/1xbets.plus\/az\/aviator\/","og_site_name":"1xbet Boost az","article_modified_time":"2026-04-05T17:01:54+00:00","twitter_card":"summary_large_image","schema":{"@context":"https:\/\/schema.org","@graph":[{"@type":"WebPage","@id":"https:\/\/1xbets.plus\/az\/aviator\/","url":"https:\/\/1xbets.plus\/az\/aviator\/","name":"Aviator Q\u0259za Oyunu \u2013 1xBet Kazinosunda Oynay\u0131n","isPartOf":{"@id":"https:\/\/1xbets.plus\/az\/#website"},"datePublished":"2026-03-06T07:53:21+00:00","dateModified":"2026-04-05T17:01:54+00:00","description":"1xBet kazinosunda Aviator-u onlayn oynay\u0131n: hamar oyun gedi\u015fi, real vaxt \u00e7oxald\u0131c\u0131lar\u0131 v\u0259 h\u0259y\u0259canl\u0131 \u00e7\u00f6km\u0259 mexanikas\u0131 il\u0259. \u0130ndi qo\u015fulun v\u0259 oynama\u011fa ba\u015flay\u0131n.","inLanguage":"az","potentialAction":[{"@type":"ReadAction","target":["https:\/\/1xbets.plus\/az\/aviator\/"]}]},{"@type":"WebSite","@id":"https:\/\/1xbets.plus\/az\/#website","url":"https:\/\/1xbets.plus\/az\/","name":"1xbet Boost az","description":"My WordPress Blog","potentialAction":[{"@type":"SearchAction","target":{"@type":"EntryPoint","urlTemplate":"https:\/\/1xbets.plus\/az\/?s={search_term_string}"},"query-input":{"@type":"PropertyValueSpecification","valueRequired":true,"valueName":"search_term_string"}}],"inLanguage":"az"}]}},"_links":{"self":[{"href":"https:\/\/1xbets.plus\/az\/wp-json\/wp\/v2\/pages\/807","targetHints":{"allow":["GET"]}}],"collection":[{"href":"https:\/\/1xbets.plus\/az\/wp-json\/wp\/v2\/pages"}],"about":[{"href":"https:\/\/1xbets.plus\/az\/wp-json\/wp\/v2\/types\/page"}],"author":[{"embeddable":true,"href":"https:\/\/1xbets.plus\/az\/wp-json\/wp\/v2\/users\/1"}],"replies":[{"embeddable":true,"href":"https:\/\/1xbets.plus\/az\/wp-json\/wp\/v2\/comments?post=807"}],"version-history":[{"count":4,"href":"https:\/\/1xbets.plus\/az\/wp-json\/wp\/v2\/pages\/807\/revisions"}],"predecessor-version":[{"id":920,"href":"https:\/\/1xbets.plus\/az\/wp-json\/wp\/v2\/pages\/807\/revisions\/920"}],"wp:attachment":[{"href":"https:\/\/1xbets.plus\/az\/wp-json\/wp\/v2\/media?parent=807"}],"curies":[{"name":"wp","href":"https:\/\/api.w.org\/{rel}","templated":true}]}}