{"id":624,"date":"2025-06-11T07:28:23","date_gmt":"2025-06-11T07:28:23","guid":{"rendered":"https:\/\/1xbets.plus\/az\/?page_id=624"},"modified":"2026-04-05T17:54:54","modified_gmt":"2026-04-05T17:54:54","slug":"sport-first-deposit","status":"publish","type":"page","link":"https:\/\/1xbets.plus\/az\/bonus\/sport-first-deposit\/","title":{"rendered":"\u0130dman ilk depozit"},"content":{"rendered":"","protected":false},"excerpt":{"rendered":"","protected":false},"author":1,"featured_media":0,"parent":152,"menu_order":0,"comment_status":"closed","ping_status":"closed","template":"","meta":{"footnotes":""},"class_list":["post-624","page","type-page","status-publish","hentry"],"yoast_head":"<!-- This site is optimized with the Yoast SEO plugin v26.2 - https:\/\/yoast.com\/wordpress\/plugins\/seo\/ -->\n<title>1xBet \u0130dman Xo\u015f G\u0259ldin Bonusu \u2014 \u0130lk depozit\u0259 120% qazan\u0131n<\/title>\n<meta name=\"description\" content=\"1xBet-\u0259 qo\u015fulun v\u0259 idman \u00fc\u00e7\u00fcn xo\u015f g\u0259ldin bonusu \u0259ld\u0259 edin \u2014 ilk depozitiniz\u0259 120%-d\u0259k bonus v\u0259 800 AZN-d\u0259k qazanmaq \u015fans\u0131! \u0130dman m\u0259rcl\u0259rinin h\u0259y\u0259canverici d\u00fcnyas\u0131n\u0131n bir hiss\u0259si olmaq f\u00fcrs\u0259tini qa\u00e7\u0131rmay\u0131n.\" \/>\n<meta name=\"robots\" content=\"index, follow, max-snippet:-1, max-image-preview:large, max-video-preview:-1\" \/>\n<meta property=\"og:locale\" content=\"az_AZ\" \/>\n<meta property=\"og:type\" content=\"article\" \/>\n<meta property=\"og:title\" content=\"1xBet \u0130dman Xo\u015f G\u0259ldin Bonusu \u2014 \u0130lk depozit\u0259 120% qazan\u0131n\" \/>\n<meta property=\"og:description\" content=\"1xBet-\u0259 qo\u015fulun v\u0259 idman \u00fc\u00e7\u00fcn xo\u015f g\u0259ldin bonusu \u0259ld\u0259 edin \u2014 ilk depozitiniz\u0259 120%-d\u0259k bonus v\u0259 800 AZN-d\u0259k qazanmaq \u015fans\u0131! \u0130dman m\u0259rcl\u0259rinin h\u0259y\u0259canverici d\u00fcnyas\u0131n\u0131n bir hiss\u0259si olmaq f\u00fcrs\u0259tini qa\u00e7\u0131rmay\u0131n.\" \/>\n<meta property=\"og:url\" content=\"https:\/\/1xbets.plus\/az\/bonus\/sport-first-deposit\/\" \/>\n<meta property=\"og:site_name\" content=\"1xbet Boost az\" \/>\n<meta property=\"article:modified_time\" content=\"2026-04-05T17:54:54+00:00\" \/>\n<meta name=\"twitter:card\" content=\"summary_large_image\" \/>\n<script type=\"application\/ld+json\" class=\"yoast-schema-graph\">{\"@context\":\"https:\/\/schema.org\",\"@graph\":[{\"@type\":\"WebPage\",\"@id\":\"https:\/\/1xbets.plus\/az\/bonus\/sport-first-deposit\/\",\"url\":\"https:\/\/1xbets.plus\/az\/bonus\/sport-first-deposit\/\",\"name\":\"1xBet \u0130dman Xo\u015f G\u0259ldin Bonusu \u2014 \u0130lk depozit\u0259 120% qazan\u0131n\",\"isPartOf\":{\"@id\":\"https:\/\/1xbets.plus\/az\/#website\"},\"datePublished\":\"2025-06-11T07:28:23+00:00\",\"dateModified\":\"2026-04-05T17:54:54+00:00\",\"description\":\"1xBet-\u0259 qo\u015fulun v\u0259 idman \u00fc\u00e7\u00fcn xo\u015f g\u0259ldin bonusu \u0259ld\u0259 edin \u2014 ilk depozitiniz\u0259 120%-d\u0259k bonus v\u0259 800 AZN-d\u0259k qazanmaq \u015fans\u0131! \u0130dman m\u0259rcl\u0259rinin h\u0259y\u0259canverici d\u00fcnyas\u0131n\u0131n bir hiss\u0259si olmaq f\u00fcrs\u0259tini qa\u00e7\u0131rmay\u0131n.\",\"breadcrumb\":{\"@id\":\"https:\/\/1xbets.plus\/az\/bonus\/sport-first-deposit\/#breadcrumb\"},\"inLanguage\":\"az\",\"potentialAction\":[{\"@type\":\"ReadAction\",\"target\":[\"https:\/\/1xbets.plus\/az\/bonus\/sport-first-deposit\/\"]}]},{\"@type\":\"BreadcrumbList\",\"@id\":\"https:\/\/1xbets.plus\/az\/bonus\/sport-first-deposit\/#breadcrumb\",\"itemListElement\":[{\"@type\":\"ListItem\",\"position\":1,\"name\":\"\u018flav\u0259\",\"item\":\"https:\/\/1xbets.plus\/az\/bonus\/\"},{\"@type\":\"ListItem\",\"position\":2,\"name\":\"\u0130dman ilk depozit\"}]},{\"@type\":\"WebSite\",\"@id\":\"https:\/\/1xbets.plus\/az\/#website\",\"url\":\"https:\/\/1xbets.plus\/az\/\",\"name\":\"1xbet Boost az\",\"description\":\"My WordPress Blog\",\"potentialAction\":[{\"@type\":\"SearchAction\",\"target\":{\"@type\":\"EntryPoint\",\"urlTemplate\":\"https:\/\/1xbets.plus\/az\/?s={search_term_string}\"},\"query-input\":{\"@type\":\"PropertyValueSpecification\",\"valueRequired\":true,\"valueName\":\"search_term_string\"}}],\"inLanguage\":\"az\"}]}<\/script>\n<!-- \/ Yoast SEO plugin. -->","yoast_head_json":{"title":"1xBet \u0130dman Xo\u015f G\u0259ldin Bonusu \u2014 \u0130lk depozit\u0259 120% qazan\u0131n","description":"1xBet-\u0259 qo\u015fulun v\u0259 idman \u00fc\u00e7\u00fcn xo\u015f g\u0259ldin bonusu \u0259ld\u0259 edin \u2014 ilk depozitiniz\u0259 120%-d\u0259k bonus v\u0259 800 AZN-d\u0259k qazanmaq \u015fans\u0131! \u0130dman m\u0259rcl\u0259rinin h\u0259y\u0259canverici d\u00fcnyas\u0131n\u0131n bir hiss\u0259si olmaq f\u00fcrs\u0259tini qa\u00e7\u0131rmay\u0131n.","robots":{"index":"index","follow":"follow","max-snippet":"max-snippet:-1","max-image-preview":"max-image-preview:large","max-video-preview":"max-video-preview:-1"},"og_locale":"az_AZ","og_type":"article","og_title":"1xBet \u0130dman Xo\u015f G\u0259ldin Bonusu \u2014 \u0130lk depozit\u0259 120% qazan\u0131n","og_description":"1xBet-\u0259 qo\u015fulun v\u0259 idman \u00fc\u00e7\u00fcn xo\u015f g\u0259ldin bonusu \u0259ld\u0259 edin \u2014 ilk depozitiniz\u0259 120%-d\u0259k bonus v\u0259 800 AZN-d\u0259k qazanmaq \u015fans\u0131! \u0130dman m\u0259rcl\u0259rinin h\u0259y\u0259canverici d\u00fcnyas\u0131n\u0131n bir hiss\u0259si olmaq f\u00fcrs\u0259tini qa\u00e7\u0131rmay\u0131n.","og_url":"https:\/\/1xbets.plus\/az\/bonus\/sport-first-deposit\/","og_site_name":"1xbet Boost az","article_modified_time":"2026-04-05T17:54:54+00:00","twitter_card":"summary_large_image","schema":{"@context":"https:\/\/schema.org","@graph":[{"@type":"WebPage","@id":"https:\/\/1xbets.plus\/az\/bonus\/sport-first-deposit\/","url":"https:\/\/1xbets.plus\/az\/bonus\/sport-first-deposit\/","name":"1xBet \u0130dman Xo\u015f G\u0259ldin Bonusu \u2014 \u0130lk depozit\u0259 120% qazan\u0131n","isPartOf":{"@id":"https:\/\/1xbets.plus\/az\/#website"},"datePublished":"2025-06-11T07:28:23+00:00","dateModified":"2026-04-05T17:54:54+00:00","description":"1xBet-\u0259 qo\u015fulun v\u0259 idman \u00fc\u00e7\u00fcn xo\u015f g\u0259ldin bonusu \u0259ld\u0259 edin \u2014 ilk depozitiniz\u0259 120%-d\u0259k bonus v\u0259 800 AZN-d\u0259k qazanmaq \u015fans\u0131! \u0130dman m\u0259rcl\u0259rinin h\u0259y\u0259canverici d\u00fcnyas\u0131n\u0131n bir hiss\u0259si olmaq f\u00fcrs\u0259tini qa\u00e7\u0131rmay\u0131n.","breadcrumb":{"@id":"https:\/\/1xbets.plus\/az\/bonus\/sport-first-deposit\/#breadcrumb"},"inLanguage":"az","potentialAction":[{"@type":"ReadAction","target":["https:\/\/1xbets.plus\/az\/bonus\/sport-first-deposit\/"]}]},{"@type":"BreadcrumbList","@id":"https:\/\/1xbets.plus\/az\/bonus\/sport-first-deposit\/#breadcrumb","itemListElement":[{"@type":"ListItem","position":1,"name":"\u018flav\u0259","item":"https:\/\/1xbets.plus\/az\/bonus\/"},{"@type":"ListItem","position":2,"name":"\u0130dman ilk depozit"}]},{"@type":"WebSite","@id":"https:\/\/1xbets.plus\/az\/#website","url":"https:\/\/1xbets.plus\/az\/","name":"1xbet Boost az","description":"My WordPress Blog","potentialAction":[{"@type":"SearchAction","target":{"@type":"EntryPoint","urlTemplate":"https:\/\/1xbets.plus\/az\/?s={search_term_string}"},"query-input":{"@type":"PropertyValueSpecification","valueRequired":true,"valueName":"search_term_string"}}],"inLanguage":"az"}]}},"_links":{"self":[{"href":"https:\/\/1xbets.plus\/az\/wp-json\/wp\/v2\/pages\/624","targetHints":{"allow":["GET"]}}],"collection":[{"href":"https:\/\/1xbets.plus\/az\/wp-json\/wp\/v2\/pages"}],"about":[{"href":"https:\/\/1xbets.plus\/az\/wp-json\/wp\/v2\/types\/page"}],"author":[{"embeddable":true,"href":"https:\/\/1xbets.plus\/az\/wp-json\/wp\/v2\/users\/1"}],"replies":[{"embeddable":true,"href":"https:\/\/1xbets.plus\/az\/wp-json\/wp\/v2\/comments?post=624"}],"version-history":[{"count":6,"href":"https:\/\/1xbets.plus\/az\/wp-json\/wp\/v2\/pages\/624\/revisions"}],"predecessor-version":[{"id":932,"href":"https:\/\/1xbets.plus\/az\/wp-json\/wp\/v2\/pages\/624\/revisions\/932"}],"up":[{"embeddable":true,"href":"https:\/\/1xbets.plus\/az\/wp-json\/wp\/v2\/pages\/152"}],"wp:attachment":[{"href":"https:\/\/1xbets.plus\/az\/wp-json\/wp\/v2\/media?parent=624"}],"curies":[{"name":"wp","href":"https:\/\/api.w.org\/{rel}","templated":true}]}}