{"id":612,"date":"2025-06-11T06:43:39","date_gmt":"2025-06-11T06:43:39","guid":{"rendered":"https:\/\/1xbets.plus\/az\/?page_id=612"},"modified":"2026-04-05T17:51:45","modified_gmt":"2026-04-05T17:51:45","slug":"no-risk-bet","status":"publish","type":"page","link":"https:\/\/1xbets.plus\/az\/bonus\/no-risk-bet\/","title":{"rendered":"Risqli m\u0259rc"},"content":{"rendered":"","protected":false},"excerpt":{"rendered":"","protected":false},"author":1,"featured_media":0,"parent":152,"menu_order":0,"comment_status":"closed","ping_status":"closed","template":"","meta":{"footnotes":""},"class_list":["post-612","page","type-page","status-publish","hentry"],"yoast_head":"<!-- This site is optimized with the Yoast SEO plugin v26.2 - https:\/\/yoast.com\/wordpress\/plugins\/seo\/ -->\n<title>1xBet-d\u0259n Risksiz M\u0259rc \u2014 Uduzduqda Pulsuz M\u0259rc Qazan\u0131n<\/title>\n<meta name=\"description\" content=\"1xBet il\u0259 risksiz m\u0259rc \u2014 d\u0259qiq hesab\u0131 t\u0259xmin edin v\u0259 uduzsan\u0131z bel\u0259 pulsuz m\u0259rc qazan\u0131n! M\u0259rcl\u0259rinizi pul itirm\u0259k qorxusu olmadan real q\u0259l\u0259b\u0259l\u0259r\u0259 \u00e7evirin. \u018fn yax\u015f\u0131 futbol mat\u00e7lar\u0131na m\u0259rc edin v\u0259 s\u0131\u011fortan\u0131zdan yararlan\u0131n.\" \/>\n<meta name=\"robots\" content=\"index, follow, max-snippet:-1, max-image-preview:large, max-video-preview:-1\" \/>\n<meta property=\"og:locale\" content=\"az_AZ\" \/>\n<meta property=\"og:type\" content=\"article\" \/>\n<meta property=\"og:title\" content=\"1xBet-d\u0259n Risksiz M\u0259rc \u2014 Uduzduqda Pulsuz M\u0259rc Qazan\u0131n\" \/>\n<meta property=\"og:description\" content=\"1xBet il\u0259 risksiz m\u0259rc \u2014 d\u0259qiq hesab\u0131 t\u0259xmin edin v\u0259 uduzsan\u0131z bel\u0259 pulsuz m\u0259rc qazan\u0131n! M\u0259rcl\u0259rinizi pul itirm\u0259k qorxusu olmadan real q\u0259l\u0259b\u0259l\u0259r\u0259 \u00e7evirin. \u018fn yax\u015f\u0131 futbol mat\u00e7lar\u0131na m\u0259rc edin v\u0259 s\u0131\u011fortan\u0131zdan yararlan\u0131n.\" \/>\n<meta property=\"og:url\" content=\"https:\/\/1xbets.plus\/az\/bonus\/no-risk-bet\/\" \/>\n<meta property=\"og:site_name\" content=\"1xbet Boost az\" \/>\n<meta property=\"article:modified_time\" content=\"2026-04-05T17:51:45+00:00\" \/>\n<meta name=\"twitter:card\" content=\"summary_large_image\" \/>\n<script type=\"application\/ld+json\" class=\"yoast-schema-graph\">{\"@context\":\"https:\/\/schema.org\",\"@graph\":[{\"@type\":\"WebPage\",\"@id\":\"https:\/\/1xbets.plus\/az\/bonus\/no-risk-bet\/\",\"url\":\"https:\/\/1xbets.plus\/az\/bonus\/no-risk-bet\/\",\"name\":\"1xBet-d\u0259n Risksiz M\u0259rc \u2014 Uduzduqda Pulsuz M\u0259rc Qazan\u0131n\",\"isPartOf\":{\"@id\":\"https:\/\/1xbets.plus\/az\/#website\"},\"datePublished\":\"2025-06-11T06:43:39+00:00\",\"dateModified\":\"2026-04-05T17:51:45+00:00\",\"description\":\"1xBet il\u0259 risksiz m\u0259rc \u2014 d\u0259qiq hesab\u0131 t\u0259xmin edin v\u0259 uduzsan\u0131z bel\u0259 pulsuz m\u0259rc qazan\u0131n! M\u0259rcl\u0259rinizi pul itirm\u0259k qorxusu olmadan real q\u0259l\u0259b\u0259l\u0259r\u0259 \u00e7evirin. \u018fn yax\u015f\u0131 futbol mat\u00e7lar\u0131na m\u0259rc edin v\u0259 s\u0131\u011fortan\u0131zdan yararlan\u0131n.\",\"breadcrumb\":{\"@id\":\"https:\/\/1xbets.plus\/az\/bonus\/no-risk-bet\/#breadcrumb\"},\"inLanguage\":\"az\",\"potentialAction\":[{\"@type\":\"ReadAction\",\"target\":[\"https:\/\/1xbets.plus\/az\/bonus\/no-risk-bet\/\"]}]},{\"@type\":\"BreadcrumbList\",\"@id\":\"https:\/\/1xbets.plus\/az\/bonus\/no-risk-bet\/#breadcrumb\",\"itemListElement\":[{\"@type\":\"ListItem\",\"position\":1,\"name\":\"\u018flav\u0259\",\"item\":\"https:\/\/1xbets.plus\/az\/bonus\/\"},{\"@type\":\"ListItem\",\"position\":2,\"name\":\"Risqli m\u0259rc\"}]},{\"@type\":\"WebSite\",\"@id\":\"https:\/\/1xbets.plus\/az\/#website\",\"url\":\"https:\/\/1xbets.plus\/az\/\",\"name\":\"1xbet Boost az\",\"description\":\"My WordPress Blog\",\"potentialAction\":[{\"@type\":\"SearchAction\",\"target\":{\"@type\":\"EntryPoint\",\"urlTemplate\":\"https:\/\/1xbets.plus\/az\/?s={search_term_string}\"},\"query-input\":{\"@type\":\"PropertyValueSpecification\",\"valueRequired\":true,\"valueName\":\"search_term_string\"}}],\"inLanguage\":\"az\"}]}<\/script>\n<!-- \/ Yoast SEO plugin. -->","yoast_head_json":{"title":"1xBet-d\u0259n Risksiz M\u0259rc \u2014 Uduzduqda Pulsuz M\u0259rc Qazan\u0131n","description":"1xBet il\u0259 risksiz m\u0259rc \u2014 d\u0259qiq hesab\u0131 t\u0259xmin edin v\u0259 uduzsan\u0131z bel\u0259 pulsuz m\u0259rc qazan\u0131n! M\u0259rcl\u0259rinizi pul itirm\u0259k qorxusu olmadan real q\u0259l\u0259b\u0259l\u0259r\u0259 \u00e7evirin. \u018fn yax\u015f\u0131 futbol mat\u00e7lar\u0131na m\u0259rc edin v\u0259 s\u0131\u011fortan\u0131zdan yararlan\u0131n.","robots":{"index":"index","follow":"follow","max-snippet":"max-snippet:-1","max-image-preview":"max-image-preview:large","max-video-preview":"max-video-preview:-1"},"og_locale":"az_AZ","og_type":"article","og_title":"1xBet-d\u0259n Risksiz M\u0259rc \u2014 Uduzduqda Pulsuz M\u0259rc Qazan\u0131n","og_description":"1xBet il\u0259 risksiz m\u0259rc \u2014 d\u0259qiq hesab\u0131 t\u0259xmin edin v\u0259 uduzsan\u0131z bel\u0259 pulsuz m\u0259rc qazan\u0131n! M\u0259rcl\u0259rinizi pul itirm\u0259k qorxusu olmadan real q\u0259l\u0259b\u0259l\u0259r\u0259 \u00e7evirin. \u018fn yax\u015f\u0131 futbol mat\u00e7lar\u0131na m\u0259rc edin v\u0259 s\u0131\u011fortan\u0131zdan yararlan\u0131n.","og_url":"https:\/\/1xbets.plus\/az\/bonus\/no-risk-bet\/","og_site_name":"1xbet Boost az","article_modified_time":"2026-04-05T17:51:45+00:00","twitter_card":"summary_large_image","schema":{"@context":"https:\/\/schema.org","@graph":[{"@type":"WebPage","@id":"https:\/\/1xbets.plus\/az\/bonus\/no-risk-bet\/","url":"https:\/\/1xbets.plus\/az\/bonus\/no-risk-bet\/","name":"1xBet-d\u0259n Risksiz M\u0259rc \u2014 Uduzduqda Pulsuz M\u0259rc Qazan\u0131n","isPartOf":{"@id":"https:\/\/1xbets.plus\/az\/#website"},"datePublished":"2025-06-11T06:43:39+00:00","dateModified":"2026-04-05T17:51:45+00:00","description":"1xBet il\u0259 risksiz m\u0259rc \u2014 d\u0259qiq hesab\u0131 t\u0259xmin edin v\u0259 uduzsan\u0131z bel\u0259 pulsuz m\u0259rc qazan\u0131n! M\u0259rcl\u0259rinizi pul itirm\u0259k qorxusu olmadan real q\u0259l\u0259b\u0259l\u0259r\u0259 \u00e7evirin. \u018fn yax\u015f\u0131 futbol mat\u00e7lar\u0131na m\u0259rc edin v\u0259 s\u0131\u011fortan\u0131zdan yararlan\u0131n.","breadcrumb":{"@id":"https:\/\/1xbets.plus\/az\/bonus\/no-risk-bet\/#breadcrumb"},"inLanguage":"az","potentialAction":[{"@type":"ReadAction","target":["https:\/\/1xbets.plus\/az\/bonus\/no-risk-bet\/"]}]},{"@type":"BreadcrumbList","@id":"https:\/\/1xbets.plus\/az\/bonus\/no-risk-bet\/#breadcrumb","itemListElement":[{"@type":"ListItem","position":1,"name":"\u018flav\u0259","item":"https:\/\/1xbets.plus\/az\/bonus\/"},{"@type":"ListItem","position":2,"name":"Risqli m\u0259rc"}]},{"@type":"WebSite","@id":"https:\/\/1xbets.plus\/az\/#website","url":"https:\/\/1xbets.plus\/az\/","name":"1xbet Boost az","description":"My WordPress Blog","potentialAction":[{"@type":"SearchAction","target":{"@type":"EntryPoint","urlTemplate":"https:\/\/1xbets.plus\/az\/?s={search_term_string}"},"query-input":{"@type":"PropertyValueSpecification","valueRequired":true,"valueName":"search_term_string"}}],"inLanguage":"az"}]}},"_links":{"self":[{"href":"https:\/\/1xbets.plus\/az\/wp-json\/wp\/v2\/pages\/612","targetHints":{"allow":["GET"]}}],"collection":[{"href":"https:\/\/1xbets.plus\/az\/wp-json\/wp\/v2\/pages"}],"about":[{"href":"https:\/\/1xbets.plus\/az\/wp-json\/wp\/v2\/types\/page"}],"author":[{"embeddable":true,"href":"https:\/\/1xbets.plus\/az\/wp-json\/wp\/v2\/users\/1"}],"replies":[{"embeddable":true,"href":"https:\/\/1xbets.plus\/az\/wp-json\/wp\/v2\/comments?post=612"}],"version-history":[{"count":5,"href":"https:\/\/1xbets.plus\/az\/wp-json\/wp\/v2\/pages\/612\/revisions"}],"predecessor-version":[{"id":930,"href":"https:\/\/1xbets.plus\/az\/wp-json\/wp\/v2\/pages\/612\/revisions\/930"}],"up":[{"embeddable":true,"href":"https:\/\/1xbets.plus\/az\/wp-json\/wp\/v2\/pages\/152"}],"wp:attachment":[{"href":"https:\/\/1xbets.plus\/az\/wp-json\/wp\/v2\/media?parent=612"}],"curies":[{"name":"wp","href":"https:\/\/api.w.org\/{rel}","templated":true}]}}