{"id":469,"date":"2024-09-24T06:43:03","date_gmt":"2024-09-24T06:43:03","guid":{"rendered":"https:\/\/1xbets.plus\/az\/?page_id=469"},"modified":"2026-04-06T06:39:34","modified_gmt":"2026-04-06T06:39:34","slug":"app","status":"publish","type":"page","link":"https:\/\/1xbets.plus\/az\/app\/","title":{"rendered":"T\u0259tbiq"},"content":{"rendered":"","protected":false},"excerpt":{"rendered":"","protected":false},"author":1,"featured_media":0,"parent":0,"menu_order":0,"comment_status":"closed","ping_status":"closed","template":"","meta":{"footnotes":""},"class_list":["post-469","page","type-page","status-publish","hentry"],"yoast_head":"<!-- This site is optimized with the Yoast SEO plugin v26.2 - https:\/\/yoast.com\/wordpress\/plugins\/seo\/ -->\n<title>1xBet T\u0259tbiqi \u2014 Android v\u0259 iOS \u00fc\u00e7\u00fcn pulsuz y\u00fckl\u0259yin<\/title>\n<meta name=\"description\" content=\"Telefonunuza v\u0259 ya plan\u015fetiniz\u0259 1xBet t\u0259tbiqinin \u0259n son versiyas\u0131n\u0131 nec\u0259 y\u00fckl\u0259m\u0259k v\u0259 qura\u015fd\u0131rmaq | B\u00fct\u00fcn 1xBet t\u0259tbiq x\u00fcsusiyy\u0259tl\u0259rini v\u0259 1xBet mobil bonuslar\u0131 v\u0259 promosyonlar\u0131n\u0131 k\u0259\u015ff edin | 1xBet mobil t\u0259tbiqind\u0259 idman m\u0259rcl\u0259ri v\u0259 kazino\" \/>\n<meta name=\"robots\" content=\"index, follow, max-snippet:-1, max-image-preview:large, max-video-preview:-1\" \/>\n<meta property=\"og:locale\" content=\"az_AZ\" \/>\n<meta property=\"og:type\" content=\"article\" \/>\n<meta property=\"og:title\" content=\"1xBet T\u0259tbiqi \u2014 Android v\u0259 iOS \u00fc\u00e7\u00fcn pulsuz y\u00fckl\u0259yin\" \/>\n<meta property=\"og:description\" content=\"Telefonunuza v\u0259 ya plan\u015fetiniz\u0259 1xBet t\u0259tbiqinin \u0259n son versiyas\u0131n\u0131 nec\u0259 y\u00fckl\u0259m\u0259k v\u0259 qura\u015fd\u0131rmaq | B\u00fct\u00fcn 1xBet t\u0259tbiq x\u00fcsusiyy\u0259tl\u0259rini v\u0259 1xBet mobil bonuslar\u0131 v\u0259 promosyonlar\u0131n\u0131 k\u0259\u015ff edin | 1xBet mobil t\u0259tbiqind\u0259 idman m\u0259rcl\u0259ri v\u0259 kazino\" \/>\n<meta property=\"og:url\" content=\"https:\/\/1xbets.plus\/az\/app\/\" \/>\n<meta property=\"og:site_name\" content=\"1xbet Boost az\" \/>\n<meta property=\"article:modified_time\" content=\"2026-04-06T06:39:34+00:00\" \/>\n<meta name=\"twitter:card\" content=\"summary_large_image\" \/>\n<script type=\"application\/ld+json\" class=\"yoast-schema-graph\">{\"@context\":\"https:\/\/schema.org\",\"@graph\":[{\"@type\":\"WebPage\",\"@id\":\"https:\/\/1xbets.plus\/az\/app\/\",\"url\":\"https:\/\/1xbets.plus\/az\/app\/\",\"name\":\"1xBet T\u0259tbiqi \u2014 Android v\u0259 iOS \u00fc\u00e7\u00fcn pulsuz y\u00fckl\u0259yin\",\"isPartOf\":{\"@id\":\"https:\/\/1xbets.plus\/az\/#website\"},\"datePublished\":\"2024-09-24T06:43:03+00:00\",\"dateModified\":\"2026-04-06T06:39:34+00:00\",\"description\":\"Telefonunuza v\u0259 ya plan\u015fetiniz\u0259 1xBet t\u0259tbiqinin \u0259n son versiyas\u0131n\u0131 nec\u0259 y\u00fckl\u0259m\u0259k v\u0259 qura\u015fd\u0131rmaq | B\u00fct\u00fcn 1xBet t\u0259tbiq x\u00fcsusiyy\u0259tl\u0259rini v\u0259 1xBet mobil bonuslar\u0131 v\u0259 promosyonlar\u0131n\u0131 k\u0259\u015ff edin | 1xBet mobil t\u0259tbiqind\u0259 idman m\u0259rcl\u0259ri v\u0259 kazino\",\"inLanguage\":\"az\",\"potentialAction\":[{\"@type\":\"ReadAction\",\"target\":[\"https:\/\/1xbets.plus\/az\/app\/\"]}]},{\"@type\":\"WebSite\",\"@id\":\"https:\/\/1xbets.plus\/az\/#website\",\"url\":\"https:\/\/1xbets.plus\/az\/\",\"name\":\"1xbet Boost az\",\"description\":\"My WordPress Blog\",\"potentialAction\":[{\"@type\":\"SearchAction\",\"target\":{\"@type\":\"EntryPoint\",\"urlTemplate\":\"https:\/\/1xbets.plus\/az\/?s={search_term_string}\"},\"query-input\":{\"@type\":\"PropertyValueSpecification\",\"valueRequired\":true,\"valueName\":\"search_term_string\"}}],\"inLanguage\":\"az\"}]}<\/script>\n<!-- \/ Yoast SEO plugin. -->","yoast_head_json":{"title":"1xBet T\u0259tbiqi \u2014 Android v\u0259 iOS \u00fc\u00e7\u00fcn pulsuz y\u00fckl\u0259yin","description":"Telefonunuza v\u0259 ya plan\u015fetiniz\u0259 1xBet t\u0259tbiqinin \u0259n son versiyas\u0131n\u0131 nec\u0259 y\u00fckl\u0259m\u0259k v\u0259 qura\u015fd\u0131rmaq | B\u00fct\u00fcn 1xBet t\u0259tbiq x\u00fcsusiyy\u0259tl\u0259rini v\u0259 1xBet mobil bonuslar\u0131 v\u0259 promosyonlar\u0131n\u0131 k\u0259\u015ff edin | 1xBet mobil t\u0259tbiqind\u0259 idman m\u0259rcl\u0259ri v\u0259 kazino","robots":{"index":"index","follow":"follow","max-snippet":"max-snippet:-1","max-image-preview":"max-image-preview:large","max-video-preview":"max-video-preview:-1"},"og_locale":"az_AZ","og_type":"article","og_title":"1xBet T\u0259tbiqi \u2014 Android v\u0259 iOS \u00fc\u00e7\u00fcn pulsuz y\u00fckl\u0259yin","og_description":"Telefonunuza v\u0259 ya plan\u015fetiniz\u0259 1xBet t\u0259tbiqinin \u0259n son versiyas\u0131n\u0131 nec\u0259 y\u00fckl\u0259m\u0259k v\u0259 qura\u015fd\u0131rmaq | B\u00fct\u00fcn 1xBet t\u0259tbiq x\u00fcsusiyy\u0259tl\u0259rini v\u0259 1xBet mobil bonuslar\u0131 v\u0259 promosyonlar\u0131n\u0131 k\u0259\u015ff edin | 1xBet mobil t\u0259tbiqind\u0259 idman m\u0259rcl\u0259ri v\u0259 kazino","og_url":"https:\/\/1xbets.plus\/az\/app\/","og_site_name":"1xbet Boost az","article_modified_time":"2026-04-06T06:39:34+00:00","twitter_card":"summary_large_image","schema":{"@context":"https:\/\/schema.org","@graph":[{"@type":"WebPage","@id":"https:\/\/1xbets.plus\/az\/app\/","url":"https:\/\/1xbets.plus\/az\/app\/","name":"1xBet T\u0259tbiqi \u2014 Android v\u0259 iOS \u00fc\u00e7\u00fcn pulsuz y\u00fckl\u0259yin","isPartOf":{"@id":"https:\/\/1xbets.plus\/az\/#website"},"datePublished":"2024-09-24T06:43:03+00:00","dateModified":"2026-04-06T06:39:34+00:00","description":"Telefonunuza v\u0259 ya plan\u015fetiniz\u0259 1xBet t\u0259tbiqinin \u0259n son versiyas\u0131n\u0131 nec\u0259 y\u00fckl\u0259m\u0259k v\u0259 qura\u015fd\u0131rmaq | B\u00fct\u00fcn 1xBet t\u0259tbiq x\u00fcsusiyy\u0259tl\u0259rini v\u0259 1xBet mobil bonuslar\u0131 v\u0259 promosyonlar\u0131n\u0131 k\u0259\u015ff edin | 1xBet mobil t\u0259tbiqind\u0259 idman m\u0259rcl\u0259ri v\u0259 kazino","inLanguage":"az","potentialAction":[{"@type":"ReadAction","target":["https:\/\/1xbets.plus\/az\/app\/"]}]},{"@type":"WebSite","@id":"https:\/\/1xbets.plus\/az\/#website","url":"https:\/\/1xbets.plus\/az\/","name":"1xbet Boost az","description":"My WordPress Blog","potentialAction":[{"@type":"SearchAction","target":{"@type":"EntryPoint","urlTemplate":"https:\/\/1xbets.plus\/az\/?s={search_term_string}"},"query-input":{"@type":"PropertyValueSpecification","valueRequired":true,"valueName":"search_term_string"}}],"inLanguage":"az"}]}},"_links":{"self":[{"href":"https:\/\/1xbets.plus\/az\/wp-json\/wp\/v2\/pages\/469","targetHints":{"allow":["GET"]}}],"collection":[{"href":"https:\/\/1xbets.plus\/az\/wp-json\/wp\/v2\/pages"}],"about":[{"href":"https:\/\/1xbets.plus\/az\/wp-json\/wp\/v2\/types\/page"}],"author":[{"embeddable":true,"href":"https:\/\/1xbets.plus\/az\/wp-json\/wp\/v2\/users\/1"}],"replies":[{"embeddable":true,"href":"https:\/\/1xbets.plus\/az\/wp-json\/wp\/v2\/comments?post=469"}],"version-history":[{"count":20,"href":"https:\/\/1xbets.plus\/az\/wp-json\/wp\/v2\/pages\/469\/revisions"}],"predecessor-version":[{"id":978,"href":"https:\/\/1xbets.plus\/az\/wp-json\/wp\/v2\/pages\/469\/revisions\/978"}],"wp:attachment":[{"href":"https:\/\/1xbets.plus\/az\/wp-json\/wp\/v2\/media?parent=469"}],"curies":[{"name":"wp","href":"https:\/\/api.w.org\/{rel}","templated":true}]}}