{"id":466,"date":"2024-09-24T06:36:26","date_gmt":"2024-09-24T06:36:26","guid":{"rendered":"https:\/\/1xbets.plus\/az\/?page_id=466"},"modified":"2026-04-05T20:59:08","modified_gmt":"2026-04-05T20:59:08","slug":"promo-code","status":"publish","type":"page","link":"https:\/\/1xbets.plus\/az\/promo-code\/","title":{"rendered":"Promo kodu"},"content":{"rendered":"","protected":false},"excerpt":{"rendered":"","protected":false},"author":1,"featured_media":0,"parent":0,"menu_order":0,"comment_status":"closed","ping_status":"closed","template":"","meta":{"footnotes":""},"class_list":["post-466","page","type-page","status-publish","hentry"],"yoast_head":"<!-- This site is optimized with the Yoast SEO plugin v26.2 - https:\/\/yoast.com\/wordpress\/plugins\/seo\/ -->\n<title>1xBet Promosyon Kodu 2026 \u2014 B\u00fct\u00fcn Promolar v\u0259 Bonus Kodlar\u0131<\/title>\n<meta name=\"description\" content=\"Qeydiyyat formas\u0131nda 1xBet bonus kodunu daxil edin v\u0259 1xBet sayt\u0131nda \u0259lav\u0259 bonus qazan\u0131n \u27a5 1xBet promo kodu siz\u0259 ekskl\u00fcziv idman xo\u015f g\u0259lmisiniz bonusu \u0259ld\u0259 etm\u0259k imkan\u0131 verir | Bonus xallar\u0131n\u0131z\u0131 1xBet promo kodlar\u0131na d\u0259yi\u015fdirin\" \/>\n<meta name=\"robots\" content=\"index, follow, max-snippet:-1, max-image-preview:large, max-video-preview:-1\" \/>\n<meta property=\"og:locale\" content=\"az_AZ\" \/>\n<meta property=\"og:type\" content=\"article\" \/>\n<meta property=\"og:title\" content=\"1xBet Promosyon Kodu 2026 \u2014 B\u00fct\u00fcn Promolar v\u0259 Bonus Kodlar\u0131\" \/>\n<meta property=\"og:description\" content=\"Qeydiyyat formas\u0131nda 1xBet bonus kodunu daxil edin v\u0259 1xBet sayt\u0131nda \u0259lav\u0259 bonus qazan\u0131n \u27a5 1xBet promo kodu siz\u0259 ekskl\u00fcziv idman xo\u015f g\u0259lmisiniz bonusu \u0259ld\u0259 etm\u0259k imkan\u0131 verir | Bonus xallar\u0131n\u0131z\u0131 1xBet promo kodlar\u0131na d\u0259yi\u015fdirin\" \/>\n<meta property=\"og:url\" content=\"https:\/\/1xbets.plus\/az\/promo-code\/\" \/>\n<meta property=\"og:site_name\" content=\"1xbet Boost az\" \/>\n<meta property=\"article:modified_time\" content=\"2026-04-05T20:59:08+00:00\" \/>\n<meta name=\"twitter:card\" content=\"summary_large_image\" \/>\n<script type=\"application\/ld+json\" class=\"yoast-schema-graph\">{\"@context\":\"https:\/\/schema.org\",\"@graph\":[{\"@type\":\"WebPage\",\"@id\":\"https:\/\/1xbets.plus\/az\/promo-code\/\",\"url\":\"https:\/\/1xbets.plus\/az\/promo-code\/\",\"name\":\"1xBet Promosyon Kodu 2026 \u2014 B\u00fct\u00fcn Promolar v\u0259 Bonus Kodlar\u0131\",\"isPartOf\":{\"@id\":\"https:\/\/1xbets.plus\/az\/#website\"},\"datePublished\":\"2024-09-24T06:36:26+00:00\",\"dateModified\":\"2026-04-05T20:59:08+00:00\",\"description\":\"Qeydiyyat formas\u0131nda 1xBet bonus kodunu daxil edin v\u0259 1xBet sayt\u0131nda \u0259lav\u0259 bonus qazan\u0131n \u27a5 1xBet promo kodu siz\u0259 ekskl\u00fcziv idman xo\u015f g\u0259lmisiniz bonusu \u0259ld\u0259 etm\u0259k imkan\u0131 verir | Bonus xallar\u0131n\u0131z\u0131 1xBet promo kodlar\u0131na d\u0259yi\u015fdirin\",\"inLanguage\":\"az\",\"potentialAction\":[{\"@type\":\"ReadAction\",\"target\":[\"https:\/\/1xbets.plus\/az\/promo-code\/\"]}]},{\"@type\":\"WebSite\",\"@id\":\"https:\/\/1xbets.plus\/az\/#website\",\"url\":\"https:\/\/1xbets.plus\/az\/\",\"name\":\"1xbet Boost az\",\"description\":\"My WordPress Blog\",\"potentialAction\":[{\"@type\":\"SearchAction\",\"target\":{\"@type\":\"EntryPoint\",\"urlTemplate\":\"https:\/\/1xbets.plus\/az\/?s={search_term_string}\"},\"query-input\":{\"@type\":\"PropertyValueSpecification\",\"valueRequired\":true,\"valueName\":\"search_term_string\"}}],\"inLanguage\":\"az\"}]}<\/script>\n<!-- \/ Yoast SEO plugin. -->","yoast_head_json":{"title":"1xBet Promosyon Kodu 2026 \u2014 B\u00fct\u00fcn Promolar v\u0259 Bonus Kodlar\u0131","description":"Qeydiyyat formas\u0131nda 1xBet bonus kodunu daxil edin v\u0259 1xBet sayt\u0131nda \u0259lav\u0259 bonus qazan\u0131n \u27a5 1xBet promo kodu siz\u0259 ekskl\u00fcziv idman xo\u015f g\u0259lmisiniz bonusu \u0259ld\u0259 etm\u0259k imkan\u0131 verir | Bonus xallar\u0131n\u0131z\u0131 1xBet promo kodlar\u0131na d\u0259yi\u015fdirin","robots":{"index":"index","follow":"follow","max-snippet":"max-snippet:-1","max-image-preview":"max-image-preview:large","max-video-preview":"max-video-preview:-1"},"og_locale":"az_AZ","og_type":"article","og_title":"1xBet Promosyon Kodu 2026 \u2014 B\u00fct\u00fcn Promolar v\u0259 Bonus Kodlar\u0131","og_description":"Qeydiyyat formas\u0131nda 1xBet bonus kodunu daxil edin v\u0259 1xBet sayt\u0131nda \u0259lav\u0259 bonus qazan\u0131n \u27a5 1xBet promo kodu siz\u0259 ekskl\u00fcziv idman xo\u015f g\u0259lmisiniz bonusu \u0259ld\u0259 etm\u0259k imkan\u0131 verir | Bonus xallar\u0131n\u0131z\u0131 1xBet promo kodlar\u0131na d\u0259yi\u015fdirin","og_url":"https:\/\/1xbets.plus\/az\/promo-code\/","og_site_name":"1xbet Boost az","article_modified_time":"2026-04-05T20:59:08+00:00","twitter_card":"summary_large_image","schema":{"@context":"https:\/\/schema.org","@graph":[{"@type":"WebPage","@id":"https:\/\/1xbets.plus\/az\/promo-code\/","url":"https:\/\/1xbets.plus\/az\/promo-code\/","name":"1xBet Promosyon Kodu 2026 \u2014 B\u00fct\u00fcn Promolar v\u0259 Bonus Kodlar\u0131","isPartOf":{"@id":"https:\/\/1xbets.plus\/az\/#website"},"datePublished":"2024-09-24T06:36:26+00:00","dateModified":"2026-04-05T20:59:08+00:00","description":"Qeydiyyat formas\u0131nda 1xBet bonus kodunu daxil edin v\u0259 1xBet sayt\u0131nda \u0259lav\u0259 bonus qazan\u0131n \u27a5 1xBet promo kodu siz\u0259 ekskl\u00fcziv idman xo\u015f g\u0259lmisiniz bonusu \u0259ld\u0259 etm\u0259k imkan\u0131 verir | Bonus xallar\u0131n\u0131z\u0131 1xBet promo kodlar\u0131na d\u0259yi\u015fdirin","inLanguage":"az","potentialAction":[{"@type":"ReadAction","target":["https:\/\/1xbets.plus\/az\/promo-code\/"]}]},{"@type":"WebSite","@id":"https:\/\/1xbets.plus\/az\/#website","url":"https:\/\/1xbets.plus\/az\/","name":"1xbet Boost az","description":"My WordPress Blog","potentialAction":[{"@type":"SearchAction","target":{"@type":"EntryPoint","urlTemplate":"https:\/\/1xbets.plus\/az\/?s={search_term_string}"},"query-input":{"@type":"PropertyValueSpecification","valueRequired":true,"valueName":"search_term_string"}}],"inLanguage":"az"}]}},"_links":{"self":[{"href":"https:\/\/1xbets.plus\/az\/wp-json\/wp\/v2\/pages\/466","targetHints":{"allow":["GET"]}}],"collection":[{"href":"https:\/\/1xbets.plus\/az\/wp-json\/wp\/v2\/pages"}],"about":[{"href":"https:\/\/1xbets.plus\/az\/wp-json\/wp\/v2\/types\/page"}],"author":[{"embeddable":true,"href":"https:\/\/1xbets.plus\/az\/wp-json\/wp\/v2\/users\/1"}],"replies":[{"embeddable":true,"href":"https:\/\/1xbets.plus\/az\/wp-json\/wp\/v2\/comments?post=466"}],"version-history":[{"count":16,"href":"https:\/\/1xbets.plus\/az\/wp-json\/wp\/v2\/pages\/466\/revisions"}],"predecessor-version":[{"id":967,"href":"https:\/\/1xbets.plus\/az\/wp-json\/wp\/v2\/pages\/466\/revisions\/967"}],"wp:attachment":[{"href":"https:\/\/1xbets.plus\/az\/wp-json\/wp\/v2\/media?parent=466"}],"curies":[{"name":"wp","href":"https:\/\/api.w.org\/{rel}","templated":true}]}}