{"id":463,"date":"2024-09-24T06:27:55","date_gmt":"2024-09-24T06:27:55","guid":{"rendered":"https:\/\/1xbets.plus\/az\/?page_id=463"},"modified":"2026-04-05T19:50:04","modified_gmt":"2026-04-05T19:50:04","slug":"login","status":"publish","type":"page","link":"https:\/\/1xbets.plus\/az\/login\/","title":{"rendered":"Giri\u015f"},"content":{"rendered":"","protected":false},"excerpt":{"rendered":"","protected":false},"author":1,"featured_media":0,"parent":0,"menu_order":0,"comment_status":"closed","ping_status":"closed","template":"","meta":{"footnotes":""},"class_list":["post-463","page","type-page","status-publish","hentry"],"yoast_head":"<!-- This site is optimized with the Yoast SEO plugin v26.2 - https:\/\/yoast.com\/wordpress\/plugins\/seo\/ -->\n<title>1xBet Giri\u015fi \u1409 \u0130dman M\u0259rcl\u0259ri v\u0259 Kazino<\/title>\n<meta name=\"description\" content=\"1xBet hesab\u0131na nec\u0259 daxil olmaq | 1xBet giri\u015f prosesi \u2713 1xBet mobil giri\u015f \u2713 B\u0259l\u0259d\u00e7imiz siz\u0259 1xBet sayt\u0131nda add\u0131m-add\u0131m nec\u0259 qeydiyyatdan ke\u00e7m\u0259yi v\u0259 hesab\u0131n\u0131za s\u00fcr\u0259tl\u0259 nec\u0259 daxil olma\u011f\u0131 g\u00f6st\u0259r\u0259c\u0259k\" \/>\n<meta name=\"robots\" content=\"index, follow, max-snippet:-1, max-image-preview:large, max-video-preview:-1\" \/>\n<meta property=\"og:locale\" content=\"az_AZ\" \/>\n<meta property=\"og:type\" content=\"article\" \/>\n<meta property=\"og:title\" content=\"1xBet Giri\u015fi \u1409 \u0130dman M\u0259rcl\u0259ri v\u0259 Kazino\" \/>\n<meta property=\"og:description\" content=\"1xBet hesab\u0131na nec\u0259 daxil olmaq | 1xBet giri\u015f prosesi \u2713 1xBet mobil giri\u015f \u2713 B\u0259l\u0259d\u00e7imiz siz\u0259 1xBet sayt\u0131nda add\u0131m-add\u0131m nec\u0259 qeydiyyatdan ke\u00e7m\u0259yi v\u0259 hesab\u0131n\u0131za s\u00fcr\u0259tl\u0259 nec\u0259 daxil olma\u011f\u0131 g\u00f6st\u0259r\u0259c\u0259k\" \/>\n<meta property=\"og:url\" content=\"https:\/\/1xbets.plus\/az\/login\/\" \/>\n<meta property=\"og:site_name\" content=\"1xbet Boost az\" \/>\n<meta property=\"article:modified_time\" content=\"2026-04-05T19:50:04+00:00\" \/>\n<meta name=\"twitter:card\" content=\"summary_large_image\" \/>\n<script type=\"application\/ld+json\" class=\"yoast-schema-graph\">{\"@context\":\"https:\/\/schema.org\",\"@graph\":[{\"@type\":\"WebPage\",\"@id\":\"https:\/\/1xbets.plus\/az\/login\/\",\"url\":\"https:\/\/1xbets.plus\/az\/login\/\",\"name\":\"1xBet Giri\u015fi \u1409 \u0130dman M\u0259rcl\u0259ri v\u0259 Kazino\",\"isPartOf\":{\"@id\":\"https:\/\/1xbets.plus\/az\/#website\"},\"datePublished\":\"2024-09-24T06:27:55+00:00\",\"dateModified\":\"2026-04-05T19:50:04+00:00\",\"description\":\"1xBet hesab\u0131na nec\u0259 daxil olmaq | 1xBet giri\u015f prosesi \u2713 1xBet mobil giri\u015f \u2713 B\u0259l\u0259d\u00e7imiz siz\u0259 1xBet sayt\u0131nda add\u0131m-add\u0131m nec\u0259 qeydiyyatdan ke\u00e7m\u0259yi v\u0259 hesab\u0131n\u0131za s\u00fcr\u0259tl\u0259 nec\u0259 daxil olma\u011f\u0131 g\u00f6st\u0259r\u0259c\u0259k\",\"inLanguage\":\"az\",\"potentialAction\":[{\"@type\":\"ReadAction\",\"target\":[\"https:\/\/1xbets.plus\/az\/login\/\"]}]},{\"@type\":\"WebSite\",\"@id\":\"https:\/\/1xbets.plus\/az\/#website\",\"url\":\"https:\/\/1xbets.plus\/az\/\",\"name\":\"1xbet Boost az\",\"description\":\"My WordPress Blog\",\"potentialAction\":[{\"@type\":\"SearchAction\",\"target\":{\"@type\":\"EntryPoint\",\"urlTemplate\":\"https:\/\/1xbets.plus\/az\/?s={search_term_string}\"},\"query-input\":{\"@type\":\"PropertyValueSpecification\",\"valueRequired\":true,\"valueName\":\"search_term_string\"}}],\"inLanguage\":\"az\"}]}<\/script>\n<!-- \/ Yoast SEO plugin. -->","yoast_head_json":{"title":"1xBet Giri\u015fi \u1409 \u0130dman M\u0259rcl\u0259ri v\u0259 Kazino","description":"1xBet hesab\u0131na nec\u0259 daxil olmaq | 1xBet giri\u015f prosesi \u2713 1xBet mobil giri\u015f \u2713 B\u0259l\u0259d\u00e7imiz siz\u0259 1xBet sayt\u0131nda add\u0131m-add\u0131m nec\u0259 qeydiyyatdan ke\u00e7m\u0259yi v\u0259 hesab\u0131n\u0131za s\u00fcr\u0259tl\u0259 nec\u0259 daxil olma\u011f\u0131 g\u00f6st\u0259r\u0259c\u0259k","robots":{"index":"index","follow":"follow","max-snippet":"max-snippet:-1","max-image-preview":"max-image-preview:large","max-video-preview":"max-video-preview:-1"},"og_locale":"az_AZ","og_type":"article","og_title":"1xBet Giri\u015fi \u1409 \u0130dman M\u0259rcl\u0259ri v\u0259 Kazino","og_description":"1xBet hesab\u0131na nec\u0259 daxil olmaq | 1xBet giri\u015f prosesi \u2713 1xBet mobil giri\u015f \u2713 B\u0259l\u0259d\u00e7imiz siz\u0259 1xBet sayt\u0131nda add\u0131m-add\u0131m nec\u0259 qeydiyyatdan ke\u00e7m\u0259yi v\u0259 hesab\u0131n\u0131za s\u00fcr\u0259tl\u0259 nec\u0259 daxil olma\u011f\u0131 g\u00f6st\u0259r\u0259c\u0259k","og_url":"https:\/\/1xbets.plus\/az\/login\/","og_site_name":"1xbet Boost az","article_modified_time":"2026-04-05T19:50:04+00:00","twitter_card":"summary_large_image","schema":{"@context":"https:\/\/schema.org","@graph":[{"@type":"WebPage","@id":"https:\/\/1xbets.plus\/az\/login\/","url":"https:\/\/1xbets.plus\/az\/login\/","name":"1xBet Giri\u015fi \u1409 \u0130dman M\u0259rcl\u0259ri v\u0259 Kazino","isPartOf":{"@id":"https:\/\/1xbets.plus\/az\/#website"},"datePublished":"2024-09-24T06:27:55+00:00","dateModified":"2026-04-05T19:50:04+00:00","description":"1xBet hesab\u0131na nec\u0259 daxil olmaq | 1xBet giri\u015f prosesi \u2713 1xBet mobil giri\u015f \u2713 B\u0259l\u0259d\u00e7imiz siz\u0259 1xBet sayt\u0131nda add\u0131m-add\u0131m nec\u0259 qeydiyyatdan ke\u00e7m\u0259yi v\u0259 hesab\u0131n\u0131za s\u00fcr\u0259tl\u0259 nec\u0259 daxil olma\u011f\u0131 g\u00f6st\u0259r\u0259c\u0259k","inLanguage":"az","potentialAction":[{"@type":"ReadAction","target":["https:\/\/1xbets.plus\/az\/login\/"]}]},{"@type":"WebSite","@id":"https:\/\/1xbets.plus\/az\/#website","url":"https:\/\/1xbets.plus\/az\/","name":"1xbet Boost az","description":"My WordPress Blog","potentialAction":[{"@type":"SearchAction","target":{"@type":"EntryPoint","urlTemplate":"https:\/\/1xbets.plus\/az\/?s={search_term_string}"},"query-input":{"@type":"PropertyValueSpecification","valueRequired":true,"valueName":"search_term_string"}}],"inLanguage":"az"}]}},"_links":{"self":[{"href":"https:\/\/1xbets.plus\/az\/wp-json\/wp\/v2\/pages\/463","targetHints":{"allow":["GET"]}}],"collection":[{"href":"https:\/\/1xbets.plus\/az\/wp-json\/wp\/v2\/pages"}],"about":[{"href":"https:\/\/1xbets.plus\/az\/wp-json\/wp\/v2\/types\/page"}],"author":[{"embeddable":true,"href":"https:\/\/1xbets.plus\/az\/wp-json\/wp\/v2\/users\/1"}],"replies":[{"embeddable":true,"href":"https:\/\/1xbets.plus\/az\/wp-json\/wp\/v2\/comments?post=463"}],"version-history":[{"count":16,"href":"https:\/\/1xbets.plus\/az\/wp-json\/wp\/v2\/pages\/463\/revisions"}],"predecessor-version":[{"id":952,"href":"https:\/\/1xbets.plus\/az\/wp-json\/wp\/v2\/pages\/463\/revisions\/952"}],"wp:attachment":[{"href":"https:\/\/1xbets.plus\/az\/wp-json\/wp\/v2\/media?parent=463"}],"curies":[{"name":"wp","href":"https:\/\/api.w.org\/{rel}","templated":true}]}}