{"id":426,"date":"2024-09-20T06:13:55","date_gmt":"2024-09-20T06:13:55","guid":{"rendered":"https:\/\/1xbets.plus\/az\/?page_id=426"},"modified":"2026-04-05T18:22:43","modified_gmt":"2026-04-05T18:22:43","slug":"casino","status":"publish","type":"page","link":"https:\/\/1xbets.plus\/az\/casino\/","title":{"rendered":"Kazino"},"content":{"rendered":"","protected":false},"excerpt":{"rendered":"","protected":false},"author":1,"featured_media":0,"parent":0,"menu_order":0,"comment_status":"closed","ping_status":"closed","template":"","meta":{"footnotes":""},"class_list":["post-426","page","type-page","status-publish","hentry"],"yoast_head":"<!-- This site is optimized with the Yoast SEO plugin v26.2 - https:\/\/yoast.com\/wordpress\/plugins\/seo\/ -->\n<title>1xBet Kazinosu \u21d2 Real pul \u00fc\u00e7\u00fcn kazino oyunlar\u0131 oynay\u0131n<\/title>\n<meta name=\"description\" content=\"R\u0259smi 1xBet Kazino Sayt\u0131 \u2713 Qeydiyyatdan ke\u00e7in v\u0259 pulsuz f\u0131rlan\u0131\u015flarla qeydiyyat bonusu \u0259ld\u0259 edin \u2014 Slotlar\u0131 demo rejimind\u0259 v\u0259 ya real pulla oynay\u0131n \u2014 1xBet Kazinosunda geni\u015f \u00e7e\u015fidd\u0259 kazino oyunlar\u0131 v\u0259 canl\u0131 dilerl\u0259r\" \/>\n<meta name=\"robots\" content=\"index, follow, max-snippet:-1, max-image-preview:large, max-video-preview:-1\" \/>\n<meta property=\"og:locale\" content=\"az_AZ\" \/>\n<meta property=\"og:type\" content=\"article\" \/>\n<meta property=\"og:title\" content=\"1xBet Kazinosu \u21d2 Real pul \u00fc\u00e7\u00fcn kazino oyunlar\u0131 oynay\u0131n\" \/>\n<meta property=\"og:description\" content=\"R\u0259smi 1xBet Kazino Sayt\u0131 \u2713 Qeydiyyatdan ke\u00e7in v\u0259 pulsuz f\u0131rlan\u0131\u015flarla qeydiyyat bonusu \u0259ld\u0259 edin \u2014 Slotlar\u0131 demo rejimind\u0259 v\u0259 ya real pulla oynay\u0131n \u2014 1xBet Kazinosunda geni\u015f \u00e7e\u015fidd\u0259 kazino oyunlar\u0131 v\u0259 canl\u0131 dilerl\u0259r\" \/>\n<meta property=\"og:url\" content=\"https:\/\/1xbets.plus\/az\/casino\/\" \/>\n<meta property=\"og:site_name\" content=\"1xbet Boost az\" \/>\n<meta property=\"article:modified_time\" content=\"2026-04-05T18:22:43+00:00\" \/>\n<meta name=\"twitter:card\" content=\"summary_large_image\" \/>\n<script type=\"application\/ld+json\" class=\"yoast-schema-graph\">{\"@context\":\"https:\/\/schema.org\",\"@graph\":[{\"@type\":\"WebPage\",\"@id\":\"https:\/\/1xbets.plus\/az\/casino\/\",\"url\":\"https:\/\/1xbets.plus\/az\/casino\/\",\"name\":\"1xBet Kazinosu \u21d2 Real pul \u00fc\u00e7\u00fcn kazino oyunlar\u0131 oynay\u0131n\",\"isPartOf\":{\"@id\":\"https:\/\/1xbets.plus\/az\/#website\"},\"datePublished\":\"2024-09-20T06:13:55+00:00\",\"dateModified\":\"2026-04-05T18:22:43+00:00\",\"description\":\"R\u0259smi 1xBet Kazino Sayt\u0131 \u2713 Qeydiyyatdan ke\u00e7in v\u0259 pulsuz f\u0131rlan\u0131\u015flarla qeydiyyat bonusu \u0259ld\u0259 edin \u2014 Slotlar\u0131 demo rejimind\u0259 v\u0259 ya real pulla oynay\u0131n \u2014 1xBet Kazinosunda geni\u015f \u00e7e\u015fidd\u0259 kazino oyunlar\u0131 v\u0259 canl\u0131 dilerl\u0259r\",\"inLanguage\":\"az\",\"potentialAction\":[{\"@type\":\"ReadAction\",\"target\":[\"https:\/\/1xbets.plus\/az\/casino\/\"]}]},{\"@type\":\"WebSite\",\"@id\":\"https:\/\/1xbets.plus\/az\/#website\",\"url\":\"https:\/\/1xbets.plus\/az\/\",\"name\":\"1xbet Boost az\",\"description\":\"My WordPress Blog\",\"potentialAction\":[{\"@type\":\"SearchAction\",\"target\":{\"@type\":\"EntryPoint\",\"urlTemplate\":\"https:\/\/1xbets.plus\/az\/?s={search_term_string}\"},\"query-input\":{\"@type\":\"PropertyValueSpecification\",\"valueRequired\":true,\"valueName\":\"search_term_string\"}}],\"inLanguage\":\"az\"}]}<\/script>\n<!-- \/ Yoast SEO plugin. -->","yoast_head_json":{"title":"1xBet Kazinosu \u21d2 Real pul \u00fc\u00e7\u00fcn kazino oyunlar\u0131 oynay\u0131n","description":"R\u0259smi 1xBet Kazino Sayt\u0131 \u2713 Qeydiyyatdan ke\u00e7in v\u0259 pulsuz f\u0131rlan\u0131\u015flarla qeydiyyat bonusu \u0259ld\u0259 edin \u2014 Slotlar\u0131 demo rejimind\u0259 v\u0259 ya real pulla oynay\u0131n \u2014 1xBet Kazinosunda geni\u015f \u00e7e\u015fidd\u0259 kazino oyunlar\u0131 v\u0259 canl\u0131 dilerl\u0259r","robots":{"index":"index","follow":"follow","max-snippet":"max-snippet:-1","max-image-preview":"max-image-preview:large","max-video-preview":"max-video-preview:-1"},"og_locale":"az_AZ","og_type":"article","og_title":"1xBet Kazinosu \u21d2 Real pul \u00fc\u00e7\u00fcn kazino oyunlar\u0131 oynay\u0131n","og_description":"R\u0259smi 1xBet Kazino Sayt\u0131 \u2713 Qeydiyyatdan ke\u00e7in v\u0259 pulsuz f\u0131rlan\u0131\u015flarla qeydiyyat bonusu \u0259ld\u0259 edin \u2014 Slotlar\u0131 demo rejimind\u0259 v\u0259 ya real pulla oynay\u0131n \u2014 1xBet Kazinosunda geni\u015f \u00e7e\u015fidd\u0259 kazino oyunlar\u0131 v\u0259 canl\u0131 dilerl\u0259r","og_url":"https:\/\/1xbets.plus\/az\/casino\/","og_site_name":"1xbet Boost az","article_modified_time":"2026-04-05T18:22:43+00:00","twitter_card":"summary_large_image","schema":{"@context":"https:\/\/schema.org","@graph":[{"@type":"WebPage","@id":"https:\/\/1xbets.plus\/az\/casino\/","url":"https:\/\/1xbets.plus\/az\/casino\/","name":"1xBet Kazinosu \u21d2 Real pul \u00fc\u00e7\u00fcn kazino oyunlar\u0131 oynay\u0131n","isPartOf":{"@id":"https:\/\/1xbets.plus\/az\/#website"},"datePublished":"2024-09-20T06:13:55+00:00","dateModified":"2026-04-05T18:22:43+00:00","description":"R\u0259smi 1xBet Kazino Sayt\u0131 \u2713 Qeydiyyatdan ke\u00e7in v\u0259 pulsuz f\u0131rlan\u0131\u015flarla qeydiyyat bonusu \u0259ld\u0259 edin \u2014 Slotlar\u0131 demo rejimind\u0259 v\u0259 ya real pulla oynay\u0131n \u2014 1xBet Kazinosunda geni\u015f \u00e7e\u015fidd\u0259 kazino oyunlar\u0131 v\u0259 canl\u0131 dilerl\u0259r","inLanguage":"az","potentialAction":[{"@type":"ReadAction","target":["https:\/\/1xbets.plus\/az\/casino\/"]}]},{"@type":"WebSite","@id":"https:\/\/1xbets.plus\/az\/#website","url":"https:\/\/1xbets.plus\/az\/","name":"1xbet Boost az","description":"My WordPress Blog","potentialAction":[{"@type":"SearchAction","target":{"@type":"EntryPoint","urlTemplate":"https:\/\/1xbets.plus\/az\/?s={search_term_string}"},"query-input":{"@type":"PropertyValueSpecification","valueRequired":true,"valueName":"search_term_string"}}],"inLanguage":"az"}]}},"_links":{"self":[{"href":"https:\/\/1xbets.plus\/az\/wp-json\/wp\/v2\/pages\/426","targetHints":{"allow":["GET"]}}],"collection":[{"href":"https:\/\/1xbets.plus\/az\/wp-json\/wp\/v2\/pages"}],"about":[{"href":"https:\/\/1xbets.plus\/az\/wp-json\/wp\/v2\/types\/page"}],"author":[{"embeddable":true,"href":"https:\/\/1xbets.plus\/az\/wp-json\/wp\/v2\/users\/1"}],"replies":[{"embeddable":true,"href":"https:\/\/1xbets.plus\/az\/wp-json\/wp\/v2\/comments?post=426"}],"version-history":[{"count":15,"href":"https:\/\/1xbets.plus\/az\/wp-json\/wp\/v2\/pages\/426\/revisions"}],"predecessor-version":[{"id":936,"href":"https:\/\/1xbets.plus\/az\/wp-json\/wp\/v2\/pages\/426\/revisions\/936"}],"wp:attachment":[{"href":"https:\/\/1xbets.plus\/az\/wp-json\/wp\/v2\/media?parent=426"}],"curies":[{"name":"wp","href":"https:\/\/api.w.org\/{rel}","templated":true}]}}