{"id":423,"date":"2024-09-20T06:04:57","date_gmt":"2024-09-20T06:04:57","guid":{"rendered":"https:\/\/1xbets.plus\/az\/?page_id=423"},"modified":"2026-04-05T16:41:17","modified_gmt":"2026-04-05T16:41:17","slug":"apk","status":"publish","type":"page","link":"https:\/\/1xbets.plus\/az\/apk\/","title":{"rendered":"APK"},"content":{"rendered":"","protected":false},"excerpt":{"rendered":"","protected":false},"author":1,"featured_media":0,"parent":0,"menu_order":0,"comment_status":"closed","ping_status":"closed","template":"","meta":{"footnotes":""},"class_list":["post-423","page","type-page","status-publish","hentry"],"yoast_head":"<!-- This site is optimized with the Yoast SEO plugin v26.2 - https:\/\/yoast.com\/wordpress\/plugins\/seo\/ -->\n<title>Android \u00fc\u00e7\u00fcn 1xBet APK \u21d2 Pulsuz Y\u00fckl\u0259m\u0259<\/title>\n<meta name=\"description\" content=\"1xBet Apk-ni pulsuz y\u00fckl\u0259yin \u21d2 \u0130dman m\u0259rcl\u0259ri v\u0259 kazino \u00fc\u00e7\u00fcn 1xBet Mobil \u2713 Android \u00fc\u00e7\u00fcn r\u0259smi 1xBet APK-ni nec\u0259 y\u00fckl\u0259m\u0259k olar \u2713 1xBet sayt\u0131na s\u00fcr\u0259tli giri\u015f \u00fc\u00e7\u00fcn pulsuz 1xBet apk qura\u015fd\u0131r\u0131n\" \/>\n<meta name=\"robots\" content=\"index, follow, max-snippet:-1, max-image-preview:large, max-video-preview:-1\" \/>\n<meta property=\"og:locale\" content=\"az_AZ\" \/>\n<meta property=\"og:type\" content=\"article\" \/>\n<meta property=\"og:title\" content=\"Android \u00fc\u00e7\u00fcn 1xBet APK \u21d2 Pulsuz Y\u00fckl\u0259m\u0259\" \/>\n<meta property=\"og:description\" content=\"1xBet Apk-ni pulsuz y\u00fckl\u0259yin \u21d2 \u0130dman m\u0259rcl\u0259ri v\u0259 kazino \u00fc\u00e7\u00fcn 1xBet Mobil \u2713 Android \u00fc\u00e7\u00fcn r\u0259smi 1xBet APK-ni nec\u0259 y\u00fckl\u0259m\u0259k olar \u2713 1xBet sayt\u0131na s\u00fcr\u0259tli giri\u015f \u00fc\u00e7\u00fcn pulsuz 1xBet apk qura\u015fd\u0131r\u0131n\" \/>\n<meta property=\"og:url\" content=\"https:\/\/1xbets.plus\/az\/apk\/\" \/>\n<meta property=\"og:site_name\" content=\"1xbet Boost az\" \/>\n<meta property=\"article:modified_time\" content=\"2026-04-05T16:41:17+00:00\" \/>\n<meta name=\"twitter:card\" content=\"summary_large_image\" \/>\n<script type=\"application\/ld+json\" class=\"yoast-schema-graph\">{\"@context\":\"https:\/\/schema.org\",\"@graph\":[{\"@type\":\"WebPage\",\"@id\":\"https:\/\/1xbets.plus\/az\/apk\/\",\"url\":\"https:\/\/1xbets.plus\/az\/apk\/\",\"name\":\"Android \u00fc\u00e7\u00fcn 1xBet APK \u21d2 Pulsuz Y\u00fckl\u0259m\u0259\",\"isPartOf\":{\"@id\":\"https:\/\/1xbets.plus\/az\/#website\"},\"datePublished\":\"2024-09-20T06:04:57+00:00\",\"dateModified\":\"2026-04-05T16:41:17+00:00\",\"description\":\"1xBet Apk-ni pulsuz y\u00fckl\u0259yin \u21d2 \u0130dman m\u0259rcl\u0259ri v\u0259 kazino \u00fc\u00e7\u00fcn 1xBet Mobil \u2713 Android \u00fc\u00e7\u00fcn r\u0259smi 1xBet APK-ni nec\u0259 y\u00fckl\u0259m\u0259k olar \u2713 1xBet sayt\u0131na s\u00fcr\u0259tli giri\u015f \u00fc\u00e7\u00fcn pulsuz 1xBet apk qura\u015fd\u0131r\u0131n\",\"inLanguage\":\"az\",\"potentialAction\":[{\"@type\":\"ReadAction\",\"target\":[\"https:\/\/1xbets.plus\/az\/apk\/\"]}]},{\"@type\":\"WebSite\",\"@id\":\"https:\/\/1xbets.plus\/az\/#website\",\"url\":\"https:\/\/1xbets.plus\/az\/\",\"name\":\"1xbet Boost az\",\"description\":\"My WordPress Blog\",\"potentialAction\":[{\"@type\":\"SearchAction\",\"target\":{\"@type\":\"EntryPoint\",\"urlTemplate\":\"https:\/\/1xbets.plus\/az\/?s={search_term_string}\"},\"query-input\":{\"@type\":\"PropertyValueSpecification\",\"valueRequired\":true,\"valueName\":\"search_term_string\"}}],\"inLanguage\":\"az\"}]}<\/script>\n<!-- \/ Yoast SEO plugin. -->","yoast_head_json":{"title":"Android \u00fc\u00e7\u00fcn 1xBet APK \u21d2 Pulsuz Y\u00fckl\u0259m\u0259","description":"1xBet Apk-ni pulsuz y\u00fckl\u0259yin \u21d2 \u0130dman m\u0259rcl\u0259ri v\u0259 kazino \u00fc\u00e7\u00fcn 1xBet Mobil \u2713 Android \u00fc\u00e7\u00fcn r\u0259smi 1xBet APK-ni nec\u0259 y\u00fckl\u0259m\u0259k olar \u2713 1xBet sayt\u0131na s\u00fcr\u0259tli giri\u015f \u00fc\u00e7\u00fcn pulsuz 1xBet apk qura\u015fd\u0131r\u0131n","robots":{"index":"index","follow":"follow","max-snippet":"max-snippet:-1","max-image-preview":"max-image-preview:large","max-video-preview":"max-video-preview:-1"},"og_locale":"az_AZ","og_type":"article","og_title":"Android \u00fc\u00e7\u00fcn 1xBet APK \u21d2 Pulsuz Y\u00fckl\u0259m\u0259","og_description":"1xBet Apk-ni pulsuz y\u00fckl\u0259yin \u21d2 \u0130dman m\u0259rcl\u0259ri v\u0259 kazino \u00fc\u00e7\u00fcn 1xBet Mobil \u2713 Android \u00fc\u00e7\u00fcn r\u0259smi 1xBet APK-ni nec\u0259 y\u00fckl\u0259m\u0259k olar \u2713 1xBet sayt\u0131na s\u00fcr\u0259tli giri\u015f \u00fc\u00e7\u00fcn pulsuz 1xBet apk qura\u015fd\u0131r\u0131n","og_url":"https:\/\/1xbets.plus\/az\/apk\/","og_site_name":"1xbet Boost az","article_modified_time":"2026-04-05T16:41:17+00:00","twitter_card":"summary_large_image","schema":{"@context":"https:\/\/schema.org","@graph":[{"@type":"WebPage","@id":"https:\/\/1xbets.plus\/az\/apk\/","url":"https:\/\/1xbets.plus\/az\/apk\/","name":"Android \u00fc\u00e7\u00fcn 1xBet APK \u21d2 Pulsuz Y\u00fckl\u0259m\u0259","isPartOf":{"@id":"https:\/\/1xbets.plus\/az\/#website"},"datePublished":"2024-09-20T06:04:57+00:00","dateModified":"2026-04-05T16:41:17+00:00","description":"1xBet Apk-ni pulsuz y\u00fckl\u0259yin \u21d2 \u0130dman m\u0259rcl\u0259ri v\u0259 kazino \u00fc\u00e7\u00fcn 1xBet Mobil \u2713 Android \u00fc\u00e7\u00fcn r\u0259smi 1xBet APK-ni nec\u0259 y\u00fckl\u0259m\u0259k olar \u2713 1xBet sayt\u0131na s\u00fcr\u0259tli giri\u015f \u00fc\u00e7\u00fcn pulsuz 1xBet apk qura\u015fd\u0131r\u0131n","inLanguage":"az","potentialAction":[{"@type":"ReadAction","target":["https:\/\/1xbets.plus\/az\/apk\/"]}]},{"@type":"WebSite","@id":"https:\/\/1xbets.plus\/az\/#website","url":"https:\/\/1xbets.plus\/az\/","name":"1xbet Boost az","description":"My WordPress Blog","potentialAction":[{"@type":"SearchAction","target":{"@type":"EntryPoint","urlTemplate":"https:\/\/1xbets.plus\/az\/?s={search_term_string}"},"query-input":{"@type":"PropertyValueSpecification","valueRequired":true,"valueName":"search_term_string"}}],"inLanguage":"az"}]}},"_links":{"self":[{"href":"https:\/\/1xbets.plus\/az\/wp-json\/wp\/v2\/pages\/423","targetHints":{"allow":["GET"]}}],"collection":[{"href":"https:\/\/1xbets.plus\/az\/wp-json\/wp\/v2\/pages"}],"about":[{"href":"https:\/\/1xbets.plus\/az\/wp-json\/wp\/v2\/types\/page"}],"author":[{"embeddable":true,"href":"https:\/\/1xbets.plus\/az\/wp-json\/wp\/v2\/users\/1"}],"replies":[{"embeddable":true,"href":"https:\/\/1xbets.plus\/az\/wp-json\/wp\/v2\/comments?post=423"}],"version-history":[{"count":13,"href":"https:\/\/1xbets.plus\/az\/wp-json\/wp\/v2\/pages\/423\/revisions"}],"predecessor-version":[{"id":918,"href":"https:\/\/1xbets.plus\/az\/wp-json\/wp\/v2\/pages\/423\/revisions\/918"}],"wp:attachment":[{"href":"https:\/\/1xbets.plus\/az\/wp-json\/wp\/v2\/media?parent=423"}],"curies":[{"name":"wp","href":"https:\/\/api.w.org\/{rel}","templated":true}]}}