{"id":349,"date":"2024-09-16T07:08:56","date_gmt":"2024-09-16T07:08:56","guid":{"rendered":"https:\/\/1xbets.plus\/az\/?page_id=349"},"modified":"2026-04-05T21:06:02","modified_gmt":"2026-04-05T21:06:02","slug":"registration","status":"publish","type":"page","link":"https:\/\/1xbets.plus\/az\/registration\/","title":{"rendered":"Qeydiyyat"},"content":{"rendered":"","protected":false},"excerpt":{"rendered":"","protected":false},"author":1,"featured_media":0,"parent":0,"menu_order":0,"comment_status":"closed","ping_status":"closed","template":"","meta":{"footnotes":""},"class_list":["post-349","page","type-page","status-publish","hentry"],"yoast_head":"<!-- This site is optimized with the Yoast SEO plugin v26.2 - https:\/\/yoast.com\/wordpress\/plugins\/seo\/ -->\n<title>1xBet Qeydiyyat \u1409 Nec\u0259 Qeydiyyatdan Ke\u00e7m\u0259k B\u0259l\u0259d\u00e7isi<\/title>\n<meta name=\"description\" content=\"1xBet qeydiyyatdan ke\u00e7in \u2713 R\u0259smi 1xBet sayt\u0131nda qeydiyyatdan ke\u00e7in \u2713 \u00dc\u00e7 f\u0259rqli se\u00e7imd\u0259n istifad\u0259 ed\u0259r\u0259k 1xBet qeydiyyat\u0131n\u0131z\u0131 tamamlay\u0131n \u2713 Bir klikl\u0259 qeydiyyat, telefonla qeydiyyat v\u0259 e-po\u00e7tla qeydiyyat\" \/>\n<meta name=\"robots\" content=\"index, follow, max-snippet:-1, max-image-preview:large, max-video-preview:-1\" \/>\n<meta property=\"og:locale\" content=\"az_AZ\" \/>\n<meta property=\"og:type\" content=\"article\" \/>\n<meta property=\"og:title\" content=\"1xBet Qeydiyyat \u1409 Nec\u0259 Qeydiyyatdan Ke\u00e7m\u0259k B\u0259l\u0259d\u00e7isi\" \/>\n<meta property=\"og:description\" content=\"1xBet qeydiyyatdan ke\u00e7in \u2713 R\u0259smi 1xBet sayt\u0131nda qeydiyyatdan ke\u00e7in \u2713 \u00dc\u00e7 f\u0259rqli se\u00e7imd\u0259n istifad\u0259 ed\u0259r\u0259k 1xBet qeydiyyat\u0131n\u0131z\u0131 tamamlay\u0131n \u2713 Bir klikl\u0259 qeydiyyat, telefonla qeydiyyat v\u0259 e-po\u00e7tla qeydiyyat\" \/>\n<meta property=\"og:url\" content=\"https:\/\/1xbets.plus\/az\/registration\/\" \/>\n<meta property=\"og:site_name\" content=\"1xbet Boost az\" \/>\n<meta property=\"article:modified_time\" content=\"2026-04-05T21:06:02+00:00\" \/>\n<meta name=\"twitter:card\" content=\"summary_large_image\" \/>\n<script type=\"application\/ld+json\" class=\"yoast-schema-graph\">{\"@context\":\"https:\/\/schema.org\",\"@graph\":[{\"@type\":\"WebPage\",\"@id\":\"https:\/\/1xbets.plus\/az\/registration\/\",\"url\":\"https:\/\/1xbets.plus\/az\/registration\/\",\"name\":\"1xBet Qeydiyyat \u1409 Nec\u0259 Qeydiyyatdan Ke\u00e7m\u0259k B\u0259l\u0259d\u00e7isi\",\"isPartOf\":{\"@id\":\"https:\/\/1xbets.plus\/az\/#website\"},\"datePublished\":\"2024-09-16T07:08:56+00:00\",\"dateModified\":\"2026-04-05T21:06:02+00:00\",\"description\":\"1xBet qeydiyyatdan ke\u00e7in \u2713 R\u0259smi 1xBet sayt\u0131nda qeydiyyatdan ke\u00e7in \u2713 \u00dc\u00e7 f\u0259rqli se\u00e7imd\u0259n istifad\u0259 ed\u0259r\u0259k 1xBet qeydiyyat\u0131n\u0131z\u0131 tamamlay\u0131n \u2713 Bir klikl\u0259 qeydiyyat, telefonla qeydiyyat v\u0259 e-po\u00e7tla qeydiyyat\",\"inLanguage\":\"az\",\"potentialAction\":[{\"@type\":\"ReadAction\",\"target\":[\"https:\/\/1xbets.plus\/az\/registration\/\"]}]},{\"@type\":\"WebSite\",\"@id\":\"https:\/\/1xbets.plus\/az\/#website\",\"url\":\"https:\/\/1xbets.plus\/az\/\",\"name\":\"1xbet Boost az\",\"description\":\"My WordPress Blog\",\"potentialAction\":[{\"@type\":\"SearchAction\",\"target\":{\"@type\":\"EntryPoint\",\"urlTemplate\":\"https:\/\/1xbets.plus\/az\/?s={search_term_string}\"},\"query-input\":{\"@type\":\"PropertyValueSpecification\",\"valueRequired\":true,\"valueName\":\"search_term_string\"}}],\"inLanguage\":\"az\"}]}<\/script>\n<!-- \/ Yoast SEO plugin. -->","yoast_head_json":{"title":"1xBet Qeydiyyat \u1409 Nec\u0259 Qeydiyyatdan Ke\u00e7m\u0259k B\u0259l\u0259d\u00e7isi","description":"1xBet qeydiyyatdan ke\u00e7in \u2713 R\u0259smi 1xBet sayt\u0131nda qeydiyyatdan ke\u00e7in \u2713 \u00dc\u00e7 f\u0259rqli se\u00e7imd\u0259n istifad\u0259 ed\u0259r\u0259k 1xBet qeydiyyat\u0131n\u0131z\u0131 tamamlay\u0131n \u2713 Bir klikl\u0259 qeydiyyat, telefonla qeydiyyat v\u0259 e-po\u00e7tla qeydiyyat","robots":{"index":"index","follow":"follow","max-snippet":"max-snippet:-1","max-image-preview":"max-image-preview:large","max-video-preview":"max-video-preview:-1"},"og_locale":"az_AZ","og_type":"article","og_title":"1xBet Qeydiyyat \u1409 Nec\u0259 Qeydiyyatdan Ke\u00e7m\u0259k B\u0259l\u0259d\u00e7isi","og_description":"1xBet qeydiyyatdan ke\u00e7in \u2713 R\u0259smi 1xBet sayt\u0131nda qeydiyyatdan ke\u00e7in \u2713 \u00dc\u00e7 f\u0259rqli se\u00e7imd\u0259n istifad\u0259 ed\u0259r\u0259k 1xBet qeydiyyat\u0131n\u0131z\u0131 tamamlay\u0131n \u2713 Bir klikl\u0259 qeydiyyat, telefonla qeydiyyat v\u0259 e-po\u00e7tla qeydiyyat","og_url":"https:\/\/1xbets.plus\/az\/registration\/","og_site_name":"1xbet Boost az","article_modified_time":"2026-04-05T21:06:02+00:00","twitter_card":"summary_large_image","schema":{"@context":"https:\/\/schema.org","@graph":[{"@type":"WebPage","@id":"https:\/\/1xbets.plus\/az\/registration\/","url":"https:\/\/1xbets.plus\/az\/registration\/","name":"1xBet Qeydiyyat \u1409 Nec\u0259 Qeydiyyatdan Ke\u00e7m\u0259k B\u0259l\u0259d\u00e7isi","isPartOf":{"@id":"https:\/\/1xbets.plus\/az\/#website"},"datePublished":"2024-09-16T07:08:56+00:00","dateModified":"2026-04-05T21:06:02+00:00","description":"1xBet qeydiyyatdan ke\u00e7in \u2713 R\u0259smi 1xBet sayt\u0131nda qeydiyyatdan ke\u00e7in \u2713 \u00dc\u00e7 f\u0259rqli se\u00e7imd\u0259n istifad\u0259 ed\u0259r\u0259k 1xBet qeydiyyat\u0131n\u0131z\u0131 tamamlay\u0131n \u2713 Bir klikl\u0259 qeydiyyat, telefonla qeydiyyat v\u0259 e-po\u00e7tla qeydiyyat","inLanguage":"az","potentialAction":[{"@type":"ReadAction","target":["https:\/\/1xbets.plus\/az\/registration\/"]}]},{"@type":"WebSite","@id":"https:\/\/1xbets.plus\/az\/#website","url":"https:\/\/1xbets.plus\/az\/","name":"1xbet Boost az","description":"My WordPress Blog","potentialAction":[{"@type":"SearchAction","target":{"@type":"EntryPoint","urlTemplate":"https:\/\/1xbets.plus\/az\/?s={search_term_string}"},"query-input":{"@type":"PropertyValueSpecification","valueRequired":true,"valueName":"search_term_string"}}],"inLanguage":"az"}]}},"_links":{"self":[{"href":"https:\/\/1xbets.plus\/az\/wp-json\/wp\/v2\/pages\/349","targetHints":{"allow":["GET"]}}],"collection":[{"href":"https:\/\/1xbets.plus\/az\/wp-json\/wp\/v2\/pages"}],"about":[{"href":"https:\/\/1xbets.plus\/az\/wp-json\/wp\/v2\/types\/page"}],"author":[{"embeddable":true,"href":"https:\/\/1xbets.plus\/az\/wp-json\/wp\/v2\/users\/1"}],"replies":[{"embeddable":true,"href":"https:\/\/1xbets.plus\/az\/wp-json\/wp\/v2\/comments?post=349"}],"version-history":[{"count":25,"href":"https:\/\/1xbets.plus\/az\/wp-json\/wp\/v2\/pages\/349\/revisions"}],"predecessor-version":[{"id":968,"href":"https:\/\/1xbets.plus\/az\/wp-json\/wp\/v2\/pages\/349\/revisions\/968"}],"wp:attachment":[{"href":"https:\/\/1xbets.plus\/az\/wp-json\/wp\/v2\/media?parent=349"}],"curies":[{"name":"wp","href":"https:\/\/api.w.org\/{rel}","templated":true}]}}