{"id":333,"date":"2024-09-13T06:11:31","date_gmt":"2024-09-13T06:11:31","guid":{"rendered":"https:\/\/1xbets.plus\/az\/?page_id=333"},"modified":"2026-04-06T06:40:45","modified_gmt":"2026-04-06T06:40:45","slug":"partners","status":"publish","type":"page","link":"https:\/\/1xbets.plus\/az\/partners\/","title":{"rendered":"T\u0259r\u0259fda\u015flar"},"content":{"rendered":"","protected":false},"excerpt":{"rendered":"","protected":false},"author":1,"featured_media":0,"parent":0,"menu_order":0,"comment_status":"closed","ping_status":"closed","template":"","meta":{"footnotes":""},"class_list":["post-333","page","type-page","status-publish","hentry"],"yoast_head":"<!-- This site is optimized with the Yoast SEO plugin v26.2 - https:\/\/yoast.com\/wordpress\/plugins\/seo\/ -->\n<title>1xBet T\u0259r\u0259fda\u015flar\u0131 \u2014 \u018ffiliyyat Proqram\u0131<\/title>\n<meta name=\"description\" content=\"1xBet T\u0259r\u0259fda\u015flar t\u0259r\u0259fda\u015fl\u0131q proqram\u0131na qo\u015fulun v\u0259 1xBet il\u0259 idman m\u0259rcl\u0259rind\u0259 40%-\u0259 q\u0259d\u0259r qazan\u0131n. \u00c7evik komissiya sxemi v\u0259 h\u0259ft\u0259lik \u00f6d\u0259ni\u015fl\u0259rd\u0259n yararlan\u0131n.\" \/>\n<meta name=\"robots\" content=\"index, follow, max-snippet:-1, max-image-preview:large, max-video-preview:-1\" \/>\n<meta property=\"og:locale\" content=\"az_AZ\" \/>\n<meta property=\"og:type\" content=\"article\" \/>\n<meta property=\"og:title\" content=\"1xBet T\u0259r\u0259fda\u015flar\u0131 \u2014 \u018ffiliyyat Proqram\u0131\" \/>\n<meta property=\"og:description\" content=\"1xBet T\u0259r\u0259fda\u015flar t\u0259r\u0259fda\u015fl\u0131q proqram\u0131na qo\u015fulun v\u0259 1xBet il\u0259 idman m\u0259rcl\u0259rind\u0259 40%-\u0259 q\u0259d\u0259r qazan\u0131n. \u00c7evik komissiya sxemi v\u0259 h\u0259ft\u0259lik \u00f6d\u0259ni\u015fl\u0259rd\u0259n yararlan\u0131n.\" \/>\n<meta property=\"og:url\" content=\"https:\/\/1xbets.plus\/az\/partners\/\" \/>\n<meta property=\"og:site_name\" content=\"1xbet Boost az\" \/>\n<meta property=\"article:modified_time\" content=\"2026-04-06T06:40:45+00:00\" \/>\n<meta name=\"twitter:card\" content=\"summary_large_image\" \/>\n<script type=\"application\/ld+json\" class=\"yoast-schema-graph\">{\"@context\":\"https:\/\/schema.org\",\"@graph\":[{\"@type\":\"WebPage\",\"@id\":\"https:\/\/1xbets.plus\/az\/partners\/\",\"url\":\"https:\/\/1xbets.plus\/az\/partners\/\",\"name\":\"1xBet T\u0259r\u0259fda\u015flar\u0131 \u2014 \u018ffiliyyat Proqram\u0131\",\"isPartOf\":{\"@id\":\"https:\/\/1xbets.plus\/az\/#website\"},\"datePublished\":\"2024-09-13T06:11:31+00:00\",\"dateModified\":\"2026-04-06T06:40:45+00:00\",\"description\":\"1xBet T\u0259r\u0259fda\u015flar t\u0259r\u0259fda\u015fl\u0131q proqram\u0131na qo\u015fulun v\u0259 1xBet il\u0259 idman m\u0259rcl\u0259rind\u0259 40%-\u0259 q\u0259d\u0259r qazan\u0131n. \u00c7evik komissiya sxemi v\u0259 h\u0259ft\u0259lik \u00f6d\u0259ni\u015fl\u0259rd\u0259n yararlan\u0131n.\",\"inLanguage\":\"az\",\"potentialAction\":[{\"@type\":\"ReadAction\",\"target\":[\"https:\/\/1xbets.plus\/az\/partners\/\"]}]},{\"@type\":\"WebSite\",\"@id\":\"https:\/\/1xbets.plus\/az\/#website\",\"url\":\"https:\/\/1xbets.plus\/az\/\",\"name\":\"1xbet Boost az\",\"description\":\"My WordPress Blog\",\"potentialAction\":[{\"@type\":\"SearchAction\",\"target\":{\"@type\":\"EntryPoint\",\"urlTemplate\":\"https:\/\/1xbets.plus\/az\/?s={search_term_string}\"},\"query-input\":{\"@type\":\"PropertyValueSpecification\",\"valueRequired\":true,\"valueName\":\"search_term_string\"}}],\"inLanguage\":\"az\"}]}<\/script>\n<!-- \/ Yoast SEO plugin. -->","yoast_head_json":{"title":"1xBet T\u0259r\u0259fda\u015flar\u0131 \u2014 \u018ffiliyyat Proqram\u0131","description":"1xBet T\u0259r\u0259fda\u015flar t\u0259r\u0259fda\u015fl\u0131q proqram\u0131na qo\u015fulun v\u0259 1xBet il\u0259 idman m\u0259rcl\u0259rind\u0259 40%-\u0259 q\u0259d\u0259r qazan\u0131n. \u00c7evik komissiya sxemi v\u0259 h\u0259ft\u0259lik \u00f6d\u0259ni\u015fl\u0259rd\u0259n yararlan\u0131n.","robots":{"index":"index","follow":"follow","max-snippet":"max-snippet:-1","max-image-preview":"max-image-preview:large","max-video-preview":"max-video-preview:-1"},"og_locale":"az_AZ","og_type":"article","og_title":"1xBet T\u0259r\u0259fda\u015flar\u0131 \u2014 \u018ffiliyyat Proqram\u0131","og_description":"1xBet T\u0259r\u0259fda\u015flar t\u0259r\u0259fda\u015fl\u0131q proqram\u0131na qo\u015fulun v\u0259 1xBet il\u0259 idman m\u0259rcl\u0259rind\u0259 40%-\u0259 q\u0259d\u0259r qazan\u0131n. \u00c7evik komissiya sxemi v\u0259 h\u0259ft\u0259lik \u00f6d\u0259ni\u015fl\u0259rd\u0259n yararlan\u0131n.","og_url":"https:\/\/1xbets.plus\/az\/partners\/","og_site_name":"1xbet Boost az","article_modified_time":"2026-04-06T06:40:45+00:00","twitter_card":"summary_large_image","schema":{"@context":"https:\/\/schema.org","@graph":[{"@type":"WebPage","@id":"https:\/\/1xbets.plus\/az\/partners\/","url":"https:\/\/1xbets.plus\/az\/partners\/","name":"1xBet T\u0259r\u0259fda\u015flar\u0131 \u2014 \u018ffiliyyat Proqram\u0131","isPartOf":{"@id":"https:\/\/1xbets.plus\/az\/#website"},"datePublished":"2024-09-13T06:11:31+00:00","dateModified":"2026-04-06T06:40:45+00:00","description":"1xBet T\u0259r\u0259fda\u015flar t\u0259r\u0259fda\u015fl\u0131q proqram\u0131na qo\u015fulun v\u0259 1xBet il\u0259 idman m\u0259rcl\u0259rind\u0259 40%-\u0259 q\u0259d\u0259r qazan\u0131n. \u00c7evik komissiya sxemi v\u0259 h\u0259ft\u0259lik \u00f6d\u0259ni\u015fl\u0259rd\u0259n yararlan\u0131n.","inLanguage":"az","potentialAction":[{"@type":"ReadAction","target":["https:\/\/1xbets.plus\/az\/partners\/"]}]},{"@type":"WebSite","@id":"https:\/\/1xbets.plus\/az\/#website","url":"https:\/\/1xbets.plus\/az\/","name":"1xbet Boost az","description":"My WordPress Blog","potentialAction":[{"@type":"SearchAction","target":{"@type":"EntryPoint","urlTemplate":"https:\/\/1xbets.plus\/az\/?s={search_term_string}"},"query-input":{"@type":"PropertyValueSpecification","valueRequired":true,"valueName":"search_term_string"}}],"inLanguage":"az"}]}},"_links":{"self":[{"href":"https:\/\/1xbets.plus\/az\/wp-json\/wp\/v2\/pages\/333","targetHints":{"allow":["GET"]}}],"collection":[{"href":"https:\/\/1xbets.plus\/az\/wp-json\/wp\/v2\/pages"}],"about":[{"href":"https:\/\/1xbets.plus\/az\/wp-json\/wp\/v2\/types\/page"}],"author":[{"embeddable":true,"href":"https:\/\/1xbets.plus\/az\/wp-json\/wp\/v2\/users\/1"}],"replies":[{"embeddable":true,"href":"https:\/\/1xbets.plus\/az\/wp-json\/wp\/v2\/comments?post=333"}],"version-history":[{"count":16,"href":"https:\/\/1xbets.plus\/az\/wp-json\/wp\/v2\/pages\/333\/revisions"}],"predecessor-version":[{"id":961,"href":"https:\/\/1xbets.plus\/az\/wp-json\/wp\/v2\/pages\/333\/revisions\/961"}],"wp:attachment":[{"href":"https:\/\/1xbets.plus\/az\/wp-json\/wp\/v2\/media?parent=333"}],"curies":[{"name":"wp","href":"https:\/\/api.w.org\/{rel}","templated":true}]}}