{"id":469,"date":"2024-09-24T06:43:03","date_gmt":"2024-09-24T06:43:03","guid":{"rendered":"https:\/\/1xbets.plus\/ar\/?page_id=469"},"modified":"2025-01-17T05:24:28","modified_gmt":"2025-01-17T05:24:28","slug":"app","status":"publish","type":"page","link":"https:\/\/1xbets.plus\/ar\/app\/","title":{"rendered":"Aplicaci\u00f3n"},"content":{"rendered":"","protected":false},"excerpt":{"rendered":"","protected":false},"author":1,"featured_media":0,"parent":0,"menu_order":0,"comment_status":"closed","ping_status":"closed","template":"","meta":{"footnotes":""},"class_list":["post-469","page","type-page","status-publish","hentry"],"yoast_head":"<!-- This site is optimized with the Yoast SEO plugin v26.2 - https:\/\/yoast.com\/wordpress\/plugins\/seo\/ -->\n<title>1xBet App Argentina \u25b6\ufe0f Descarga gratuita para Android e iOS<\/title>\n<meta name=\"description\" content=\"C\u00f3mo descargar e instalar la \u00faltima versi\u00f3n de la aplicaci\u00f3n 1xBet en su tel\u00e9fono m\u00f3vil o tableta | Explore todas las caracter\u00edsticas de la aplicaci\u00f3n 1xBet y los bonos y promociones de 1xBet Mobile | Apuestas deportivas y casino en 1xBet Mobile App\" \/>\n<meta name=\"robots\" content=\"index, follow, max-snippet:-1, max-image-preview:large, max-video-preview:-1\" \/>\n<meta property=\"og:locale\" content=\"es_ES\" \/>\n<meta property=\"og:type\" content=\"article\" \/>\n<meta property=\"og:title\" content=\"1xBet App Argentina \u25b6\ufe0f Descarga gratuita para Android e iOS\" \/>\n<meta property=\"og:description\" content=\"C\u00f3mo descargar e instalar la \u00faltima versi\u00f3n de la aplicaci\u00f3n 1xBet en su tel\u00e9fono m\u00f3vil o tableta | Explore todas las caracter\u00edsticas de la aplicaci\u00f3n 1xBet y los bonos y promociones de 1xBet Mobile | Apuestas deportivas y casino en 1xBet Mobile App\" \/>\n<meta property=\"og:url\" content=\"https:\/\/1xbets.plus\/ar\/app\/\" \/>\n<meta property=\"og:site_name\" content=\"1xbet Boost ar\" \/>\n<meta property=\"article:modified_time\" content=\"2025-01-17T05:24:28+00:00\" \/>\n<meta name=\"twitter:card\" content=\"summary_large_image\" \/>\n<script type=\"application\/ld+json\" class=\"yoast-schema-graph\">{\"@context\":\"https:\/\/schema.org\",\"@graph\":[{\"@type\":\"WebPage\",\"@id\":\"https:\/\/1xbets.plus\/ar\/app\/\",\"url\":\"https:\/\/1xbets.plus\/ar\/app\/\",\"name\":\"1xBet App Argentina \u25b6\ufe0f Descarga gratuita para Android e iOS\",\"isPartOf\":{\"@id\":\"https:\/\/1xbets.plus\/ar\/#website\"},\"datePublished\":\"2024-09-24T06:43:03+00:00\",\"dateModified\":\"2025-01-17T05:24:28+00:00\",\"description\":\"C\u00f3mo descargar e instalar la \u00faltima versi\u00f3n de la aplicaci\u00f3n 1xBet en su tel\u00e9fono m\u00f3vil o tableta | Explore todas las caracter\u00edsticas de la aplicaci\u00f3n 1xBet y los bonos y promociones de 1xBet Mobile | Apuestas deportivas y casino en 1xBet Mobile App\",\"inLanguage\":\"es-AR\",\"potentialAction\":[{\"@type\":\"ReadAction\",\"target\":[\"https:\/\/1xbets.plus\/ar\/app\/\"]}]},{\"@type\":\"WebSite\",\"@id\":\"https:\/\/1xbets.plus\/ar\/#website\",\"url\":\"https:\/\/1xbets.plus\/ar\/\",\"name\":\"1xbet Boost ar\",\"description\":\"My WordPress Blog\",\"potentialAction\":[{\"@type\":\"SearchAction\",\"target\":{\"@type\":\"EntryPoint\",\"urlTemplate\":\"https:\/\/1xbets.plus\/ar\/?s={search_term_string}\"},\"query-input\":{\"@type\":\"PropertyValueSpecification\",\"valueRequired\":true,\"valueName\":\"search_term_string\"}}],\"inLanguage\":\"es-AR\"}]}<\/script>\n<!-- \/ Yoast SEO plugin. -->","yoast_head_json":{"title":"1xBet App Argentina \u25b6\ufe0f Descarga gratuita para Android e iOS","description":"C\u00f3mo descargar e instalar la \u00faltima versi\u00f3n de la aplicaci\u00f3n 1xBet en su tel\u00e9fono m\u00f3vil o tableta | Explore todas las caracter\u00edsticas de la aplicaci\u00f3n 1xBet y los bonos y promociones de 1xBet Mobile | Apuestas deportivas y casino en 1xBet Mobile App","robots":{"index":"index","follow":"follow","max-snippet":"max-snippet:-1","max-image-preview":"max-image-preview:large","max-video-preview":"max-video-preview:-1"},"og_locale":"es_ES","og_type":"article","og_title":"1xBet App Argentina \u25b6\ufe0f Descarga gratuita para Android e iOS","og_description":"C\u00f3mo descargar e instalar la \u00faltima versi\u00f3n de la aplicaci\u00f3n 1xBet en su tel\u00e9fono m\u00f3vil o tableta | Explore todas las caracter\u00edsticas de la aplicaci\u00f3n 1xBet y los bonos y promociones de 1xBet Mobile | Apuestas deportivas y casino en 1xBet Mobile App","og_url":"https:\/\/1xbets.plus\/ar\/app\/","og_site_name":"1xbet Boost ar","article_modified_time":"2025-01-17T05:24:28+00:00","twitter_card":"summary_large_image","schema":{"@context":"https:\/\/schema.org","@graph":[{"@type":"WebPage","@id":"https:\/\/1xbets.plus\/ar\/app\/","url":"https:\/\/1xbets.plus\/ar\/app\/","name":"1xBet App Argentina \u25b6\ufe0f Descarga gratuita para Android e iOS","isPartOf":{"@id":"https:\/\/1xbets.plus\/ar\/#website"},"datePublished":"2024-09-24T06:43:03+00:00","dateModified":"2025-01-17T05:24:28+00:00","description":"C\u00f3mo descargar e instalar la \u00faltima versi\u00f3n de la aplicaci\u00f3n 1xBet en su tel\u00e9fono m\u00f3vil o tableta | Explore todas las caracter\u00edsticas de la aplicaci\u00f3n 1xBet y los bonos y promociones de 1xBet Mobile | Apuestas deportivas y casino en 1xBet Mobile App","inLanguage":"es-AR","potentialAction":[{"@type":"ReadAction","target":["https:\/\/1xbets.plus\/ar\/app\/"]}]},{"@type":"WebSite","@id":"https:\/\/1xbets.plus\/ar\/#website","url":"https:\/\/1xbets.plus\/ar\/","name":"1xbet Boost ar","description":"My WordPress Blog","potentialAction":[{"@type":"SearchAction","target":{"@type":"EntryPoint","urlTemplate":"https:\/\/1xbets.plus\/ar\/?s={search_term_string}"},"query-input":{"@type":"PropertyValueSpecification","valueRequired":true,"valueName":"search_term_string"}}],"inLanguage":"es-AR"}]}},"_links":{"self":[{"href":"https:\/\/1xbets.plus\/ar\/wp-json\/wp\/v2\/pages\/469","targetHints":{"allow":["GET"]}}],"collection":[{"href":"https:\/\/1xbets.plus\/ar\/wp-json\/wp\/v2\/pages"}],"about":[{"href":"https:\/\/1xbets.plus\/ar\/wp-json\/wp\/v2\/types\/page"}],"author":[{"embeddable":true,"href":"https:\/\/1xbets.plus\/ar\/wp-json\/wp\/v2\/users\/1"}],"replies":[{"embeddable":true,"href":"https:\/\/1xbets.plus\/ar\/wp-json\/wp\/v2\/comments?post=469"}],"version-history":[{"count":18,"href":"https:\/\/1xbets.plus\/ar\/wp-json\/wp\/v2\/pages\/469\/revisions"}],"predecessor-version":[{"id":618,"href":"https:\/\/1xbets.plus\/ar\/wp-json\/wp\/v2\/pages\/469\/revisions\/618"}],"wp:attachment":[{"href":"https:\/\/1xbets.plus\/ar\/wp-json\/wp\/v2\/media?parent=469"}],"curies":[{"name":"wp","href":"https:\/\/api.w.org\/{rel}","templated":true}]}}