{"id":463,"date":"2024-09-24T06:27:55","date_gmt":"2024-09-24T06:27:55","guid":{"rendered":"https:\/\/1xbets.plus\/ar\/?page_id=463"},"modified":"2025-01-17T05:31:44","modified_gmt":"2025-01-17T05:31:44","slug":"login","status":"publish","type":"page","link":"https:\/\/1xbets.plus\/ar\/login\/","title":{"rendered":"Inicio de sesi\u00f3n"},"content":{"rendered":"","protected":false},"excerpt":{"rendered":"","protected":false},"author":1,"featured_media":0,"parent":0,"menu_order":0,"comment_status":"closed","ping_status":"closed","template":"","meta":{"footnotes":""},"class_list":["post-463","page","type-page","status-publish","hentry"],"yoast_head":"<!-- This site is optimized with the Yoast SEO plugin v26.2 - https:\/\/yoast.com\/wordpress\/plugins\/seo\/ -->\n<title>1xBet Login Argentina \u1409 Apuestas Deportivas y Casino<\/title>\n<meta name=\"description\" content=\"C\u00f3mo iniciar sesi\u00f3n 1xBet Cuenta | 1xBet Proceso de inicio de sesi\u00f3n \u2713 1xBet Mobile Login \u2713 Nuestra gu\u00eda le dir\u00e1 c\u00f3mo registrarse en el sitio 1xBet paso a paso y r\u00e1pidamente iniciar sesi\u00f3n en su cuenta.\" \/>\n<meta name=\"robots\" content=\"index, follow, max-snippet:-1, max-image-preview:large, max-video-preview:-1\" \/>\n<meta property=\"og:locale\" content=\"es_ES\" \/>\n<meta property=\"og:type\" content=\"article\" \/>\n<meta property=\"og:title\" content=\"1xBet Login Argentina \u1409 Apuestas Deportivas y Casino\" \/>\n<meta property=\"og:description\" content=\"C\u00f3mo iniciar sesi\u00f3n 1xBet Cuenta | 1xBet Proceso de inicio de sesi\u00f3n \u2713 1xBet Mobile Login \u2713 Nuestra gu\u00eda le dir\u00e1 c\u00f3mo registrarse en el sitio 1xBet paso a paso y r\u00e1pidamente iniciar sesi\u00f3n en su cuenta.\" \/>\n<meta property=\"og:url\" content=\"https:\/\/1xbets.plus\/ar\/login\/\" \/>\n<meta property=\"og:site_name\" content=\"1xbet Boost ar\" \/>\n<meta property=\"article:modified_time\" content=\"2025-01-17T05:31:44+00:00\" \/>\n<meta name=\"twitter:card\" content=\"summary_large_image\" \/>\n<script type=\"application\/ld+json\" class=\"yoast-schema-graph\">{\"@context\":\"https:\/\/schema.org\",\"@graph\":[{\"@type\":\"WebPage\",\"@id\":\"https:\/\/1xbets.plus\/ar\/login\/\",\"url\":\"https:\/\/1xbets.plus\/ar\/login\/\",\"name\":\"1xBet Login Argentina \u1409 Apuestas Deportivas y Casino\",\"isPartOf\":{\"@id\":\"https:\/\/1xbets.plus\/ar\/#website\"},\"datePublished\":\"2024-09-24T06:27:55+00:00\",\"dateModified\":\"2025-01-17T05:31:44+00:00\",\"description\":\"C\u00f3mo iniciar sesi\u00f3n 1xBet Cuenta | 1xBet Proceso de inicio de sesi\u00f3n \u2713 1xBet Mobile Login \u2713 Nuestra gu\u00eda le dir\u00e1 c\u00f3mo registrarse en el sitio 1xBet paso a paso y r\u00e1pidamente iniciar sesi\u00f3n en su cuenta.\",\"inLanguage\":\"es-AR\",\"potentialAction\":[{\"@type\":\"ReadAction\",\"target\":[\"https:\/\/1xbets.plus\/ar\/login\/\"]}]},{\"@type\":\"WebSite\",\"@id\":\"https:\/\/1xbets.plus\/ar\/#website\",\"url\":\"https:\/\/1xbets.plus\/ar\/\",\"name\":\"1xbet Boost ar\",\"description\":\"My WordPress Blog\",\"potentialAction\":[{\"@type\":\"SearchAction\",\"target\":{\"@type\":\"EntryPoint\",\"urlTemplate\":\"https:\/\/1xbets.plus\/ar\/?s={search_term_string}\"},\"query-input\":{\"@type\":\"PropertyValueSpecification\",\"valueRequired\":true,\"valueName\":\"search_term_string\"}}],\"inLanguage\":\"es-AR\"}]}<\/script>\n<!-- \/ Yoast SEO plugin. -->","yoast_head_json":{"title":"1xBet Login Argentina \u1409 Apuestas Deportivas y Casino","description":"C\u00f3mo iniciar sesi\u00f3n 1xBet Cuenta | 1xBet Proceso de inicio de sesi\u00f3n \u2713 1xBet Mobile Login \u2713 Nuestra gu\u00eda le dir\u00e1 c\u00f3mo registrarse en el sitio 1xBet paso a paso y r\u00e1pidamente iniciar sesi\u00f3n en su cuenta.","robots":{"index":"index","follow":"follow","max-snippet":"max-snippet:-1","max-image-preview":"max-image-preview:large","max-video-preview":"max-video-preview:-1"},"og_locale":"es_ES","og_type":"article","og_title":"1xBet Login Argentina \u1409 Apuestas Deportivas y Casino","og_description":"C\u00f3mo iniciar sesi\u00f3n 1xBet Cuenta | 1xBet Proceso de inicio de sesi\u00f3n \u2713 1xBet Mobile Login \u2713 Nuestra gu\u00eda le dir\u00e1 c\u00f3mo registrarse en el sitio 1xBet paso a paso y r\u00e1pidamente iniciar sesi\u00f3n en su cuenta.","og_url":"https:\/\/1xbets.plus\/ar\/login\/","og_site_name":"1xbet Boost ar","article_modified_time":"2025-01-17T05:31:44+00:00","twitter_card":"summary_large_image","schema":{"@context":"https:\/\/schema.org","@graph":[{"@type":"WebPage","@id":"https:\/\/1xbets.plus\/ar\/login\/","url":"https:\/\/1xbets.plus\/ar\/login\/","name":"1xBet Login Argentina \u1409 Apuestas Deportivas y Casino","isPartOf":{"@id":"https:\/\/1xbets.plus\/ar\/#website"},"datePublished":"2024-09-24T06:27:55+00:00","dateModified":"2025-01-17T05:31:44+00:00","description":"C\u00f3mo iniciar sesi\u00f3n 1xBet Cuenta | 1xBet Proceso de inicio de sesi\u00f3n \u2713 1xBet Mobile Login \u2713 Nuestra gu\u00eda le dir\u00e1 c\u00f3mo registrarse en el sitio 1xBet paso a paso y r\u00e1pidamente iniciar sesi\u00f3n en su cuenta.","inLanguage":"es-AR","potentialAction":[{"@type":"ReadAction","target":["https:\/\/1xbets.plus\/ar\/login\/"]}]},{"@type":"WebSite","@id":"https:\/\/1xbets.plus\/ar\/#website","url":"https:\/\/1xbets.plus\/ar\/","name":"1xbet Boost ar","description":"My WordPress Blog","potentialAction":[{"@type":"SearchAction","target":{"@type":"EntryPoint","urlTemplate":"https:\/\/1xbets.plus\/ar\/?s={search_term_string}"},"query-input":{"@type":"PropertyValueSpecification","valueRequired":true,"valueName":"search_term_string"}}],"inLanguage":"es-AR"}]}},"_links":{"self":[{"href":"https:\/\/1xbets.plus\/ar\/wp-json\/wp\/v2\/pages\/463","targetHints":{"allow":["GET"]}}],"collection":[{"href":"https:\/\/1xbets.plus\/ar\/wp-json\/wp\/v2\/pages"}],"about":[{"href":"https:\/\/1xbets.plus\/ar\/wp-json\/wp\/v2\/types\/page"}],"author":[{"embeddable":true,"href":"https:\/\/1xbets.plus\/ar\/wp-json\/wp\/v2\/users\/1"}],"replies":[{"embeddable":true,"href":"https:\/\/1xbets.plus\/ar\/wp-json\/wp\/v2\/comments?post=463"}],"version-history":[{"count":16,"href":"https:\/\/1xbets.plus\/ar\/wp-json\/wp\/v2\/pages\/463\/revisions"}],"predecessor-version":[{"id":622,"href":"https:\/\/1xbets.plus\/ar\/wp-json\/wp\/v2\/pages\/463\/revisions\/622"}],"wp:attachment":[{"href":"https:\/\/1xbets.plus\/ar\/wp-json\/wp\/v2\/media?parent=463"}],"curies":[{"name":"wp","href":"https:\/\/api.w.org\/{rel}","templated":true}]}}