{"id":807,"date":"2026-03-06T07:53:21","date_gmt":"2026-03-06T07:53:21","guid":{"rendered":"https:\/\/1xbets.plus\/al\/?page_id=807"},"modified":"2026-04-06T13:01:45","modified_gmt":"2026-04-06T13:01:45","slug":"aviator","status":"publish","type":"page","link":"https:\/\/1xbets.plus\/al\/aviator\/","title":{"rendered":"Aviator"},"content":{"rendered":"","protected":false},"excerpt":{"rendered":"","protected":false},"author":1,"featured_media":0,"parent":0,"menu_order":0,"comment_status":"closed","ping_status":"closed","template":"","meta":{"footnotes":""},"class_list":["post-807","page","type-page","status-publish","hentry"],"yoast_head":"<!-- This site is optimized with the Yoast SEO plugin v26.2 - https:\/\/yoast.com\/wordpress\/plugins\/seo\/ -->\n<title>Aviator Loj\u00eb Aksidenti \u2013 Loj\u00eb n\u00eb Kazinon\u00eb 1xBet<\/title>\n<meta name=\"description\" content=\"Luaj Aviator online n\u00eb kazinon\u00eb 1xBet me loj\u00eb t\u00eb rrjedhshme, shum\u00ebzues n\u00eb koh\u00eb reale dhe mekanika emocionuese t\u00eb rr\u00ebzimit. Bashkohu tani dhe filloni t\u00eb luani.\" \/>\n<meta name=\"robots\" content=\"noindex, follow, max-snippet:-1, max-image-preview:large, max-video-preview:-1\" \/>\n<meta property=\"og:locale\" content=\"sq_AL\" \/>\n<meta property=\"og:type\" content=\"article\" \/>\n<meta property=\"og:title\" content=\"Aviator Loj\u00eb Aksidenti \u2013 Loj\u00eb n\u00eb Kazinon\u00eb 1xBet\" \/>\n<meta property=\"og:description\" content=\"Luaj Aviator online n\u00eb kazinon\u00eb 1xBet me loj\u00eb t\u00eb rrjedhshme, shum\u00ebzues n\u00eb koh\u00eb reale dhe mekanika emocionuese t\u00eb rr\u00ebzimit. Bashkohu tani dhe filloni t\u00eb luani.\" \/>\n<meta property=\"og:url\" content=\"https:\/\/1xbets.plus\/al\/aviator\/\" \/>\n<meta property=\"og:site_name\" content=\"1xbet Boost al\" \/>\n<meta property=\"article:modified_time\" content=\"2026-04-06T13:01:45+00:00\" \/>\n<meta name=\"twitter:card\" content=\"summary_large_image\" \/>\n<script type=\"application\/ld+json\" class=\"yoast-schema-graph\">{\"@context\":\"https:\/\/schema.org\",\"@graph\":[{\"@type\":\"WebPage\",\"@id\":\"https:\/\/1xbets.plus\/al\/aviator\/\",\"url\":\"https:\/\/1xbets.plus\/al\/aviator\/\",\"name\":\"Aviator Loj\u00eb Aksidenti \u2013 Loj\u00eb n\u00eb Kazinon\u00eb 1xBet\",\"isPartOf\":{\"@id\":\"https:\/\/1xbets.plus\/al\/#website\"},\"datePublished\":\"2026-03-06T07:53:21+00:00\",\"dateModified\":\"2026-04-06T13:01:45+00:00\",\"description\":\"Luaj Aviator online n\u00eb kazinon\u00eb 1xBet me loj\u00eb t\u00eb rrjedhshme, shum\u00ebzues n\u00eb koh\u00eb reale dhe mekanika emocionuese t\u00eb rr\u00ebzimit. Bashkohu tani dhe filloni t\u00eb luani.\",\"inLanguage\":\"sq\",\"potentialAction\":[{\"@type\":\"ReadAction\",\"target\":[\"https:\/\/1xbets.plus\/al\/aviator\/\"]}]},{\"@type\":\"WebSite\",\"@id\":\"https:\/\/1xbets.plus\/al\/#website\",\"url\":\"https:\/\/1xbets.plus\/al\/\",\"name\":\"1xbet Boost al\",\"description\":\"My WordPress Blog\",\"potentialAction\":[{\"@type\":\"SearchAction\",\"target\":{\"@type\":\"EntryPoint\",\"urlTemplate\":\"https:\/\/1xbets.plus\/al\/?s={search_term_string}\"},\"query-input\":{\"@type\":\"PropertyValueSpecification\",\"valueRequired\":true,\"valueName\":\"search_term_string\"}}],\"inLanguage\":\"sq\"}]}<\/script>\n<!-- \/ Yoast SEO plugin. -->","yoast_head_json":{"title":"Aviator Loj\u00eb Aksidenti \u2013 Loj\u00eb n\u00eb Kazinon\u00eb 1xBet","description":"Luaj Aviator online n\u00eb kazinon\u00eb 1xBet me loj\u00eb t\u00eb rrjedhshme, shum\u00ebzues n\u00eb koh\u00eb reale dhe mekanika emocionuese t\u00eb rr\u00ebzimit. Bashkohu tani dhe filloni t\u00eb luani.","robots":{"index":"noindex","follow":"follow","max-snippet":"max-snippet:-1","max-image-preview":"max-image-preview:large","max-video-preview":"max-video-preview:-1"},"og_locale":"sq_AL","og_type":"article","og_title":"Aviator Loj\u00eb Aksidenti \u2013 Loj\u00eb n\u00eb Kazinon\u00eb 1xBet","og_description":"Luaj Aviator online n\u00eb kazinon\u00eb 1xBet me loj\u00eb t\u00eb rrjedhshme, shum\u00ebzues n\u00eb koh\u00eb reale dhe mekanika emocionuese t\u00eb rr\u00ebzimit. Bashkohu tani dhe filloni t\u00eb luani.","og_url":"https:\/\/1xbets.plus\/al\/aviator\/","og_site_name":"1xbet Boost al","article_modified_time":"2026-04-06T13:01:45+00:00","twitter_card":"summary_large_image","schema":{"@context":"https:\/\/schema.org","@graph":[{"@type":"WebPage","@id":"https:\/\/1xbets.plus\/al\/aviator\/","url":"https:\/\/1xbets.plus\/al\/aviator\/","name":"Aviator Loj\u00eb Aksidenti \u2013 Loj\u00eb n\u00eb Kazinon\u00eb 1xBet","isPartOf":{"@id":"https:\/\/1xbets.plus\/al\/#website"},"datePublished":"2026-03-06T07:53:21+00:00","dateModified":"2026-04-06T13:01:45+00:00","description":"Luaj Aviator online n\u00eb kazinon\u00eb 1xBet me loj\u00eb t\u00eb rrjedhshme, shum\u00ebzues n\u00eb koh\u00eb reale dhe mekanika emocionuese t\u00eb rr\u00ebzimit. Bashkohu tani dhe filloni t\u00eb luani.","inLanguage":"sq","potentialAction":[{"@type":"ReadAction","target":["https:\/\/1xbets.plus\/al\/aviator\/"]}]},{"@type":"WebSite","@id":"https:\/\/1xbets.plus\/al\/#website","url":"https:\/\/1xbets.plus\/al\/","name":"1xbet Boost al","description":"My WordPress Blog","potentialAction":[{"@type":"SearchAction","target":{"@type":"EntryPoint","urlTemplate":"https:\/\/1xbets.plus\/al\/?s={search_term_string}"},"query-input":{"@type":"PropertyValueSpecification","valueRequired":true,"valueName":"search_term_string"}}],"inLanguage":"sq"}]}},"_links":{"self":[{"href":"https:\/\/1xbets.plus\/al\/wp-json\/wp\/v2\/pages\/807","targetHints":{"allow":["GET"]}}],"collection":[{"href":"https:\/\/1xbets.plus\/al\/wp-json\/wp\/v2\/pages"}],"about":[{"href":"https:\/\/1xbets.plus\/al\/wp-json\/wp\/v2\/types\/page"}],"author":[{"embeddable":true,"href":"https:\/\/1xbets.plus\/al\/wp-json\/wp\/v2\/users\/1"}],"replies":[{"embeddable":true,"href":"https:\/\/1xbets.plus\/al\/wp-json\/wp\/v2\/comments?post=807"}],"version-history":[{"count":4,"href":"https:\/\/1xbets.plus\/al\/wp-json\/wp\/v2\/pages\/807\/revisions"}],"predecessor-version":[{"id":918,"href":"https:\/\/1xbets.plus\/al\/wp-json\/wp\/v2\/pages\/807\/revisions\/918"}],"wp:attachment":[{"href":"https:\/\/1xbets.plus\/al\/wp-json\/wp\/v2\/media?parent=807"}],"curies":[{"name":"wp","href":"https:\/\/api.w.org\/{rel}","templated":true}]}}