{"id":629,"date":"2025-06-11T07:57:28","date_gmt":"2025-06-11T07:57:28","guid":{"rendered":"https:\/\/1xbets.plus\/al\/?page_id=629"},"modified":"2026-04-06T13:36:08","modified_gmt":"2026-04-06T13:36:08","slug":"lucky-day","status":"publish","type":"page","link":"https:\/\/1xbets.plus\/al\/bonus\/lucky-day\/","title":{"rendered":"Dita me fat"},"content":{"rendered":"","protected":false},"excerpt":{"rendered":"","protected":false},"author":1,"featured_media":0,"parent":152,"menu_order":0,"comment_status":"closed","ping_status":"closed","template":"","meta":{"footnotes":""},"class_list":["post-629","page","type-page","status-publish","hentry"],"yoast_head":"<!-- This site is optimized with the Yoast SEO plugin v26.2 - https:\/\/yoast.com\/wordpress\/plugins\/seo\/ -->\n<title>1xBet Dita e Fatit | Fitoni 500 pik\u00eb promovuese \u00e7do dit\u00eb<\/title>\n<meta name=\"description\" content=\"Gati p\u00ebr nj\u00eb dit\u00eb me fat me 1xBet? Merr pjes\u00eb n\u00eb promovim dhe fitoni 500 pik\u00eb promovuese \u00e7do dit\u00eb! Vendosni baste sportive, merrni bileta lotarie dhe shijoni mund\u00ebsin\u00eb p\u00ebr t\u00eb fituar.\" \/>\n<meta name=\"robots\" content=\"noindex, follow, max-snippet:-1, max-image-preview:large, max-video-preview:-1\" \/>\n<meta property=\"og:locale\" content=\"sq_AL\" \/>\n<meta property=\"og:type\" content=\"article\" \/>\n<meta property=\"og:title\" content=\"1xBet Dita e Fatit | Fitoni 500 pik\u00eb promovuese \u00e7do dit\u00eb\" \/>\n<meta property=\"og:description\" content=\"Gati p\u00ebr nj\u00eb dit\u00eb me fat me 1xBet? Merr pjes\u00eb n\u00eb promovim dhe fitoni 500 pik\u00eb promovuese \u00e7do dit\u00eb! Vendosni baste sportive, merrni bileta lotarie dhe shijoni mund\u00ebsin\u00eb p\u00ebr t\u00eb fituar.\" \/>\n<meta property=\"og:url\" content=\"https:\/\/1xbets.plus\/al\/bonus\/lucky-day\/\" \/>\n<meta property=\"og:site_name\" content=\"1xbet Boost al\" \/>\n<meta property=\"article:modified_time\" content=\"2026-04-06T13:36:08+00:00\" \/>\n<meta name=\"twitter:card\" content=\"summary_large_image\" \/>\n<script type=\"application\/ld+json\" class=\"yoast-schema-graph\">{\"@context\":\"https:\/\/schema.org\",\"@graph\":[{\"@type\":\"WebPage\",\"@id\":\"https:\/\/1xbets.plus\/al\/bonus\/lucky-day\/\",\"url\":\"https:\/\/1xbets.plus\/al\/bonus\/lucky-day\/\",\"name\":\"1xBet Dita e Fatit | Fitoni 500 pik\u00eb promovuese \u00e7do dit\u00eb\",\"isPartOf\":{\"@id\":\"https:\/\/1xbets.plus\/al\/#website\"},\"datePublished\":\"2025-06-11T07:57:28+00:00\",\"dateModified\":\"2026-04-06T13:36:08+00:00\",\"description\":\"Gati p\u00ebr nj\u00eb dit\u00eb me fat me 1xBet? Merr pjes\u00eb n\u00eb promovim dhe fitoni 500 pik\u00eb promovuese \u00e7do dit\u00eb! Vendosni baste sportive, merrni bileta lotarie dhe shijoni mund\u00ebsin\u00eb p\u00ebr t\u00eb fituar.\",\"breadcrumb\":{\"@id\":\"https:\/\/1xbets.plus\/al\/bonus\/lucky-day\/#breadcrumb\"},\"inLanguage\":\"sq\",\"potentialAction\":[{\"@type\":\"ReadAction\",\"target\":[\"https:\/\/1xbets.plus\/al\/bonus\/lucky-day\/\"]}]},{\"@type\":\"BreadcrumbList\",\"@id\":\"https:\/\/1xbets.plus\/al\/bonus\/lucky-day\/#breadcrumb\",\"itemListElement\":[{\"@type\":\"ListItem\",\"position\":1,\"name\":\"Bonus\",\"item\":\"https:\/\/1xbets.plus\/al\/bonus\/\"},{\"@type\":\"ListItem\",\"position\":2,\"name\":\"Dita me fat\"}]},{\"@type\":\"WebSite\",\"@id\":\"https:\/\/1xbets.plus\/al\/#website\",\"url\":\"https:\/\/1xbets.plus\/al\/\",\"name\":\"1xbet Boost al\",\"description\":\"My WordPress Blog\",\"potentialAction\":[{\"@type\":\"SearchAction\",\"target\":{\"@type\":\"EntryPoint\",\"urlTemplate\":\"https:\/\/1xbets.plus\/al\/?s={search_term_string}\"},\"query-input\":{\"@type\":\"PropertyValueSpecification\",\"valueRequired\":true,\"valueName\":\"search_term_string\"}}],\"inLanguage\":\"sq\"}]}<\/script>\n<!-- \/ Yoast SEO plugin. -->","yoast_head_json":{"title":"1xBet Dita e Fatit | Fitoni 500 pik\u00eb promovuese \u00e7do dit\u00eb","description":"Gati p\u00ebr nj\u00eb dit\u00eb me fat me 1xBet? Merr pjes\u00eb n\u00eb promovim dhe fitoni 500 pik\u00eb promovuese \u00e7do dit\u00eb! Vendosni baste sportive, merrni bileta lotarie dhe shijoni mund\u00ebsin\u00eb p\u00ebr t\u00eb fituar.","robots":{"index":"noindex","follow":"follow","max-snippet":"max-snippet:-1","max-image-preview":"max-image-preview:large","max-video-preview":"max-video-preview:-1"},"og_locale":"sq_AL","og_type":"article","og_title":"1xBet Dita e Fatit | Fitoni 500 pik\u00eb promovuese \u00e7do dit\u00eb","og_description":"Gati p\u00ebr nj\u00eb dit\u00eb me fat me 1xBet? Merr pjes\u00eb n\u00eb promovim dhe fitoni 500 pik\u00eb promovuese \u00e7do dit\u00eb! Vendosni baste sportive, merrni bileta lotarie dhe shijoni mund\u00ebsin\u00eb p\u00ebr t\u00eb fituar.","og_url":"https:\/\/1xbets.plus\/al\/bonus\/lucky-day\/","og_site_name":"1xbet Boost al","article_modified_time":"2026-04-06T13:36:08+00:00","twitter_card":"summary_large_image","schema":{"@context":"https:\/\/schema.org","@graph":[{"@type":"WebPage","@id":"https:\/\/1xbets.plus\/al\/bonus\/lucky-day\/","url":"https:\/\/1xbets.plus\/al\/bonus\/lucky-day\/","name":"1xBet Dita e Fatit | Fitoni 500 pik\u00eb promovuese \u00e7do dit\u00eb","isPartOf":{"@id":"https:\/\/1xbets.plus\/al\/#website"},"datePublished":"2025-06-11T07:57:28+00:00","dateModified":"2026-04-06T13:36:08+00:00","description":"Gati p\u00ebr nj\u00eb dit\u00eb me fat me 1xBet? Merr pjes\u00eb n\u00eb promovim dhe fitoni 500 pik\u00eb promovuese \u00e7do dit\u00eb! Vendosni baste sportive, merrni bileta lotarie dhe shijoni mund\u00ebsin\u00eb p\u00ebr t\u00eb fituar.","breadcrumb":{"@id":"https:\/\/1xbets.plus\/al\/bonus\/lucky-day\/#breadcrumb"},"inLanguage":"sq","potentialAction":[{"@type":"ReadAction","target":["https:\/\/1xbets.plus\/al\/bonus\/lucky-day\/"]}]},{"@type":"BreadcrumbList","@id":"https:\/\/1xbets.plus\/al\/bonus\/lucky-day\/#breadcrumb","itemListElement":[{"@type":"ListItem","position":1,"name":"Bonus","item":"https:\/\/1xbets.plus\/al\/bonus\/"},{"@type":"ListItem","position":2,"name":"Dita me fat"}]},{"@type":"WebSite","@id":"https:\/\/1xbets.plus\/al\/#website","url":"https:\/\/1xbets.plus\/al\/","name":"1xbet Boost al","description":"My WordPress Blog","potentialAction":[{"@type":"SearchAction","target":{"@type":"EntryPoint","urlTemplate":"https:\/\/1xbets.plus\/al\/?s={search_term_string}"},"query-input":{"@type":"PropertyValueSpecification","valueRequired":true,"valueName":"search_term_string"}}],"inLanguage":"sq"}]}},"_links":{"self":[{"href":"https:\/\/1xbets.plus\/al\/wp-json\/wp\/v2\/pages\/629","targetHints":{"allow":["GET"]}}],"collection":[{"href":"https:\/\/1xbets.plus\/al\/wp-json\/wp\/v2\/pages"}],"about":[{"href":"https:\/\/1xbets.plus\/al\/wp-json\/wp\/v2\/types\/page"}],"author":[{"embeddable":true,"href":"https:\/\/1xbets.plus\/al\/wp-json\/wp\/v2\/users\/1"}],"replies":[{"embeddable":true,"href":"https:\/\/1xbets.plus\/al\/wp-json\/wp\/v2\/comments?post=629"}],"version-history":[{"count":5,"href":"https:\/\/1xbets.plus\/al\/wp-json\/wp\/v2\/pages\/629\/revisions"}],"predecessor-version":[{"id":925,"href":"https:\/\/1xbets.plus\/al\/wp-json\/wp\/v2\/pages\/629\/revisions\/925"}],"up":[{"embeddable":true,"href":"https:\/\/1xbets.plus\/al\/wp-json\/wp\/v2\/pages\/152"}],"wp:attachment":[{"href":"https:\/\/1xbets.plus\/al\/wp-json\/wp\/v2\/media?parent=629"}],"curies":[{"name":"wp","href":"https:\/\/api.w.org\/{rel}","templated":true}]}}