{"id":620,"date":"2025-06-11T07:11:44","date_gmt":"2025-06-11T07:11:44","guid":{"rendered":"https:\/\/1xbets.plus\/al\/?page_id=620"},"modified":"2026-04-06T13:33:22","modified_gmt":"2026-04-06T13:33:22","slug":"casino-first-deposit","status":"publish","type":"page","link":"https:\/\/1xbets.plus\/al\/bonus\/casino-first-deposit\/","title":{"rendered":"Depozita e par\u00eb n\u00eb kazino"},"content":{"rendered":"","protected":false},"excerpt":{"rendered":"","protected":false},"author":1,"featured_media":0,"parent":152,"menu_order":0,"comment_status":"closed","ping_status":"closed","template":"","meta":{"footnotes":""},"class_list":["post-620","page","type-page","status-publish","hentry"],"yoast_head":"<!-- This site is optimized with the Yoast SEO plugin v26.2 - https:\/\/yoast.com\/wordpress\/plugins\/seo\/ -->\n<title>1xBet Paketa e mir\u00ebseardhjes | 150000 ALL dhe 150 FS<\/title>\n<meta name=\"description\" content=\"Bashkohuni n\u00eb 1xBet dhe merrni nj\u00eb paket\u00eb mir\u00ebseardhjeje deri n\u00eb 150000 ALL dhe 150 rrotullime falas! Mos e humbisni mund\u00ebsin\u00eb p\u00ebr t\u00eb marr\u00eb bonuse t\u00eb mahnitshme dhe p\u00ebr t\u00eb hedhur hapat e par\u00eb drejt fitoreve reale!\" \/>\n<meta name=\"robots\" content=\"noindex, follow, max-snippet:-1, max-image-preview:large, max-video-preview:-1\" \/>\n<meta property=\"og:locale\" content=\"sq_AL\" \/>\n<meta property=\"og:type\" content=\"article\" \/>\n<meta property=\"og:title\" content=\"1xBet Paketa e mir\u00ebseardhjes | 150000 ALL dhe 150 FS\" \/>\n<meta property=\"og:description\" content=\"Bashkohuni n\u00eb 1xBet dhe merrni nj\u00eb paket\u00eb mir\u00ebseardhjeje deri n\u00eb 150000 ALL dhe 150 rrotullime falas! Mos e humbisni mund\u00ebsin\u00eb p\u00ebr t\u00eb marr\u00eb bonuse t\u00eb mahnitshme dhe p\u00ebr t\u00eb hedhur hapat e par\u00eb drejt fitoreve reale!\" \/>\n<meta property=\"og:url\" content=\"https:\/\/1xbets.plus\/al\/bonus\/casino-first-deposit\/\" \/>\n<meta property=\"og:site_name\" content=\"1xbet Boost al\" \/>\n<meta property=\"article:modified_time\" content=\"2026-04-06T13:33:22+00:00\" \/>\n<meta name=\"twitter:card\" content=\"summary_large_image\" \/>\n<script type=\"application\/ld+json\" class=\"yoast-schema-graph\">{\"@context\":\"https:\/\/schema.org\",\"@graph\":[{\"@type\":\"WebPage\",\"@id\":\"https:\/\/1xbets.plus\/al\/bonus\/casino-first-deposit\/\",\"url\":\"https:\/\/1xbets.plus\/al\/bonus\/casino-first-deposit\/\",\"name\":\"1xBet Paketa e mir\u00ebseardhjes | 150000 ALL dhe 150 FS\",\"isPartOf\":{\"@id\":\"https:\/\/1xbets.plus\/al\/#website\"},\"datePublished\":\"2025-06-11T07:11:44+00:00\",\"dateModified\":\"2026-04-06T13:33:22+00:00\",\"description\":\"Bashkohuni n\u00eb 1xBet dhe merrni nj\u00eb paket\u00eb mir\u00ebseardhjeje deri n\u00eb 150000 ALL dhe 150 rrotullime falas! Mos e humbisni mund\u00ebsin\u00eb p\u00ebr t\u00eb marr\u00eb bonuse t\u00eb mahnitshme dhe p\u00ebr t\u00eb hedhur hapat e par\u00eb drejt fitoreve reale!\",\"breadcrumb\":{\"@id\":\"https:\/\/1xbets.plus\/al\/bonus\/casino-first-deposit\/#breadcrumb\"},\"inLanguage\":\"sq\",\"potentialAction\":[{\"@type\":\"ReadAction\",\"target\":[\"https:\/\/1xbets.plus\/al\/bonus\/casino-first-deposit\/\"]}]},{\"@type\":\"BreadcrumbList\",\"@id\":\"https:\/\/1xbets.plus\/al\/bonus\/casino-first-deposit\/#breadcrumb\",\"itemListElement\":[{\"@type\":\"ListItem\",\"position\":1,\"name\":\"Bonus\",\"item\":\"https:\/\/1xbets.plus\/al\/bonus\/\"},{\"@type\":\"ListItem\",\"position\":2,\"name\":\"Depozita e par\u00eb n\u00eb kazino\"}]},{\"@type\":\"WebSite\",\"@id\":\"https:\/\/1xbets.plus\/al\/#website\",\"url\":\"https:\/\/1xbets.plus\/al\/\",\"name\":\"1xbet Boost al\",\"description\":\"My WordPress Blog\",\"potentialAction\":[{\"@type\":\"SearchAction\",\"target\":{\"@type\":\"EntryPoint\",\"urlTemplate\":\"https:\/\/1xbets.plus\/al\/?s={search_term_string}\"},\"query-input\":{\"@type\":\"PropertyValueSpecification\",\"valueRequired\":true,\"valueName\":\"search_term_string\"}}],\"inLanguage\":\"sq\"}]}<\/script>\n<!-- \/ Yoast SEO plugin. -->","yoast_head_json":{"title":"1xBet Paketa e mir\u00ebseardhjes | 150000 ALL dhe 150 FS","description":"Bashkohuni n\u00eb 1xBet dhe merrni nj\u00eb paket\u00eb mir\u00ebseardhjeje deri n\u00eb 150000 ALL dhe 150 rrotullime falas! Mos e humbisni mund\u00ebsin\u00eb p\u00ebr t\u00eb marr\u00eb bonuse t\u00eb mahnitshme dhe p\u00ebr t\u00eb hedhur hapat e par\u00eb drejt fitoreve reale!","robots":{"index":"noindex","follow":"follow","max-snippet":"max-snippet:-1","max-image-preview":"max-image-preview:large","max-video-preview":"max-video-preview:-1"},"og_locale":"sq_AL","og_type":"article","og_title":"1xBet Paketa e mir\u00ebseardhjes | 150000 ALL dhe 150 FS","og_description":"Bashkohuni n\u00eb 1xBet dhe merrni nj\u00eb paket\u00eb mir\u00ebseardhjeje deri n\u00eb 150000 ALL dhe 150 rrotullime falas! Mos e humbisni mund\u00ebsin\u00eb p\u00ebr t\u00eb marr\u00eb bonuse t\u00eb mahnitshme dhe p\u00ebr t\u00eb hedhur hapat e par\u00eb drejt fitoreve reale!","og_url":"https:\/\/1xbets.plus\/al\/bonus\/casino-first-deposit\/","og_site_name":"1xbet Boost al","article_modified_time":"2026-04-06T13:33:22+00:00","twitter_card":"summary_large_image","schema":{"@context":"https:\/\/schema.org","@graph":[{"@type":"WebPage","@id":"https:\/\/1xbets.plus\/al\/bonus\/casino-first-deposit\/","url":"https:\/\/1xbets.plus\/al\/bonus\/casino-first-deposit\/","name":"1xBet Paketa e mir\u00ebseardhjes | 150000 ALL dhe 150 FS","isPartOf":{"@id":"https:\/\/1xbets.plus\/al\/#website"},"datePublished":"2025-06-11T07:11:44+00:00","dateModified":"2026-04-06T13:33:22+00:00","description":"Bashkohuni n\u00eb 1xBet dhe merrni nj\u00eb paket\u00eb mir\u00ebseardhjeje deri n\u00eb 150000 ALL dhe 150 rrotullime falas! Mos e humbisni mund\u00ebsin\u00eb p\u00ebr t\u00eb marr\u00eb bonuse t\u00eb mahnitshme dhe p\u00ebr t\u00eb hedhur hapat e par\u00eb drejt fitoreve reale!","breadcrumb":{"@id":"https:\/\/1xbets.plus\/al\/bonus\/casino-first-deposit\/#breadcrumb"},"inLanguage":"sq","potentialAction":[{"@type":"ReadAction","target":["https:\/\/1xbets.plus\/al\/bonus\/casino-first-deposit\/"]}]},{"@type":"BreadcrumbList","@id":"https:\/\/1xbets.plus\/al\/bonus\/casino-first-deposit\/#breadcrumb","itemListElement":[{"@type":"ListItem","position":1,"name":"Bonus","item":"https:\/\/1xbets.plus\/al\/bonus\/"},{"@type":"ListItem","position":2,"name":"Depozita e par\u00eb n\u00eb kazino"}]},{"@type":"WebSite","@id":"https:\/\/1xbets.plus\/al\/#website","url":"https:\/\/1xbets.plus\/al\/","name":"1xbet Boost al","description":"My WordPress Blog","potentialAction":[{"@type":"SearchAction","target":{"@type":"EntryPoint","urlTemplate":"https:\/\/1xbets.plus\/al\/?s={search_term_string}"},"query-input":{"@type":"PropertyValueSpecification","valueRequired":true,"valueName":"search_term_string"}}],"inLanguage":"sq"}]}},"_links":{"self":[{"href":"https:\/\/1xbets.plus\/al\/wp-json\/wp\/v2\/pages\/620","targetHints":{"allow":["GET"]}}],"collection":[{"href":"https:\/\/1xbets.plus\/al\/wp-json\/wp\/v2\/pages"}],"about":[{"href":"https:\/\/1xbets.plus\/al\/wp-json\/wp\/v2\/types\/page"}],"author":[{"embeddable":true,"href":"https:\/\/1xbets.plus\/al\/wp-json\/wp\/v2\/users\/1"}],"replies":[{"embeddable":true,"href":"https:\/\/1xbets.plus\/al\/wp-json\/wp\/v2\/comments?post=620"}],"version-history":[{"count":5,"href":"https:\/\/1xbets.plus\/al\/wp-json\/wp\/v2\/pages\/620\/revisions"}],"predecessor-version":[{"id":923,"href":"https:\/\/1xbets.plus\/al\/wp-json\/wp\/v2\/pages\/620\/revisions\/923"}],"up":[{"embeddable":true,"href":"https:\/\/1xbets.plus\/al\/wp-json\/wp\/v2\/pages\/152"}],"wp:attachment":[{"href":"https:\/\/1xbets.plus\/al\/wp-json\/wp\/v2\/media?parent=620"}],"curies":[{"name":"wp","href":"https:\/\/api.w.org\/{rel}","templated":true}]}}