{"id":612,"date":"2025-06-11T06:43:39","date_gmt":"2025-06-11T06:43:39","guid":{"rendered":"https:\/\/1xbets.plus\/al\/?page_id=612"},"modified":"2026-04-06T13:39:11","modified_gmt":"2026-04-06T13:39:11","slug":"no-risk-bet","status":"publish","type":"page","link":"https:\/\/1xbets.plus\/al\/bonus\/no-risk-bet\/","title":{"rendered":"Nj\u00eb bast i rreziksh\u00ebm"},"content":{"rendered":"","protected":false},"excerpt":{"rendered":"","protected":false},"author":1,"featured_media":0,"parent":152,"menu_order":0,"comment_status":"closed","ping_status":"closed","template":"","meta":{"footnotes":""},"class_list":["post-612","page","type-page","status-publish","hentry"],"yoast_head":"<!-- This site is optimized with the Yoast SEO plugin v26.2 - https:\/\/yoast.com\/wordpress\/plugins\/seo\/ -->\n<title>Bas\u00eb pa rrezik 1xBet | Si t\u00eb merrni nj\u00eb bast falas n\u00eb rast humbjeje<\/title>\n<meta name=\"description\" content=\"Bas\u00eb pa rrezik me 1xBet \u2014 parashiko rezultatin e sakt\u00eb dhe merr nj\u00eb bast falas edhe n\u00ebse humb! Shnd\u00ebrro bastet e tua n\u00eb fitore t\u00eb v\u00ebrteta pa frik\u00ebn e humbjes s\u00eb parave. B\u00ebj bast n\u00eb ndeshjet kryesore t\u00eb futbollit dhe p\u00ebrdor sigurimin t\u00ebnd.\" \/>\n<meta name=\"robots\" content=\"noindex, follow, max-snippet:-1, max-image-preview:large, max-video-preview:-1\" \/>\n<meta property=\"og:locale\" content=\"sq_AL\" \/>\n<meta property=\"og:type\" content=\"article\" \/>\n<meta property=\"og:title\" content=\"Bas\u00eb pa rrezik 1xBet | Si t\u00eb merrni nj\u00eb bast falas n\u00eb rast humbjeje\" \/>\n<meta property=\"og:description\" content=\"Bas\u00eb pa rrezik me 1xBet \u2014 parashiko rezultatin e sakt\u00eb dhe merr nj\u00eb bast falas edhe n\u00ebse humb! Shnd\u00ebrro bastet e tua n\u00eb fitore t\u00eb v\u00ebrteta pa frik\u00ebn e humbjes s\u00eb parave. B\u00ebj bast n\u00eb ndeshjet kryesore t\u00eb futbollit dhe p\u00ebrdor sigurimin t\u00ebnd.\" \/>\n<meta property=\"og:url\" content=\"https:\/\/1xbets.plus\/al\/bonus\/no-risk-bet\/\" \/>\n<meta property=\"og:site_name\" content=\"1xbet Boost al\" \/>\n<meta property=\"article:modified_time\" content=\"2026-04-06T13:39:11+00:00\" \/>\n<meta name=\"twitter:card\" content=\"summary_large_image\" \/>\n<script type=\"application\/ld+json\" class=\"yoast-schema-graph\">{\"@context\":\"https:\/\/schema.org\",\"@graph\":[{\"@type\":\"WebPage\",\"@id\":\"https:\/\/1xbets.plus\/al\/bonus\/no-risk-bet\/\",\"url\":\"https:\/\/1xbets.plus\/al\/bonus\/no-risk-bet\/\",\"name\":\"Bas\u00eb pa rrezik 1xBet | Si t\u00eb merrni nj\u00eb bast falas n\u00eb rast humbjeje\",\"isPartOf\":{\"@id\":\"https:\/\/1xbets.plus\/al\/#website\"},\"datePublished\":\"2025-06-11T06:43:39+00:00\",\"dateModified\":\"2026-04-06T13:39:11+00:00\",\"description\":\"Bas\u00eb pa rrezik me 1xBet \u2014 parashiko rezultatin e sakt\u00eb dhe merr nj\u00eb bast falas edhe n\u00ebse humb! Shnd\u00ebrro bastet e tua n\u00eb fitore t\u00eb v\u00ebrteta pa frik\u00ebn e humbjes s\u00eb parave. B\u00ebj bast n\u00eb ndeshjet kryesore t\u00eb futbollit dhe p\u00ebrdor sigurimin t\u00ebnd.\",\"breadcrumb\":{\"@id\":\"https:\/\/1xbets.plus\/al\/bonus\/no-risk-bet\/#breadcrumb\"},\"inLanguage\":\"sq\",\"potentialAction\":[{\"@type\":\"ReadAction\",\"target\":[\"https:\/\/1xbets.plus\/al\/bonus\/no-risk-bet\/\"]}]},{\"@type\":\"BreadcrumbList\",\"@id\":\"https:\/\/1xbets.plus\/al\/bonus\/no-risk-bet\/#breadcrumb\",\"itemListElement\":[{\"@type\":\"ListItem\",\"position\":1,\"name\":\"Bonus\",\"item\":\"https:\/\/1xbets.plus\/al\/bonus\/\"},{\"@type\":\"ListItem\",\"position\":2,\"name\":\"Nj\u00eb bast i rreziksh\u00ebm\"}]},{\"@type\":\"WebSite\",\"@id\":\"https:\/\/1xbets.plus\/al\/#website\",\"url\":\"https:\/\/1xbets.plus\/al\/\",\"name\":\"1xbet Boost al\",\"description\":\"My WordPress Blog\",\"potentialAction\":[{\"@type\":\"SearchAction\",\"target\":{\"@type\":\"EntryPoint\",\"urlTemplate\":\"https:\/\/1xbets.plus\/al\/?s={search_term_string}\"},\"query-input\":{\"@type\":\"PropertyValueSpecification\",\"valueRequired\":true,\"valueName\":\"search_term_string\"}}],\"inLanguage\":\"sq\"}]}<\/script>\n<!-- \/ Yoast SEO plugin. -->","yoast_head_json":{"title":"Bas\u00eb pa rrezik 1xBet | Si t\u00eb merrni nj\u00eb bast falas n\u00eb rast humbjeje","description":"Bas\u00eb pa rrezik me 1xBet \u2014 parashiko rezultatin e sakt\u00eb dhe merr nj\u00eb bast falas edhe n\u00ebse humb! Shnd\u00ebrro bastet e tua n\u00eb fitore t\u00eb v\u00ebrteta pa frik\u00ebn e humbjes s\u00eb parave. B\u00ebj bast n\u00eb ndeshjet kryesore t\u00eb futbollit dhe p\u00ebrdor sigurimin t\u00ebnd.","robots":{"index":"noindex","follow":"follow","max-snippet":"max-snippet:-1","max-image-preview":"max-image-preview:large","max-video-preview":"max-video-preview:-1"},"og_locale":"sq_AL","og_type":"article","og_title":"Bas\u00eb pa rrezik 1xBet | Si t\u00eb merrni nj\u00eb bast falas n\u00eb rast humbjeje","og_description":"Bas\u00eb pa rrezik me 1xBet \u2014 parashiko rezultatin e sakt\u00eb dhe merr nj\u00eb bast falas edhe n\u00ebse humb! Shnd\u00ebrro bastet e tua n\u00eb fitore t\u00eb v\u00ebrteta pa frik\u00ebn e humbjes s\u00eb parave. B\u00ebj bast n\u00eb ndeshjet kryesore t\u00eb futbollit dhe p\u00ebrdor sigurimin t\u00ebnd.","og_url":"https:\/\/1xbets.plus\/al\/bonus\/no-risk-bet\/","og_site_name":"1xbet Boost al","article_modified_time":"2026-04-06T13:39:11+00:00","twitter_card":"summary_large_image","schema":{"@context":"https:\/\/schema.org","@graph":[{"@type":"WebPage","@id":"https:\/\/1xbets.plus\/al\/bonus\/no-risk-bet\/","url":"https:\/\/1xbets.plus\/al\/bonus\/no-risk-bet\/","name":"Bas\u00eb pa rrezik 1xBet | Si t\u00eb merrni nj\u00eb bast falas n\u00eb rast humbjeje","isPartOf":{"@id":"https:\/\/1xbets.plus\/al\/#website"},"datePublished":"2025-06-11T06:43:39+00:00","dateModified":"2026-04-06T13:39:11+00:00","description":"Bas\u00eb pa rrezik me 1xBet \u2014 parashiko rezultatin e sakt\u00eb dhe merr nj\u00eb bast falas edhe n\u00ebse humb! Shnd\u00ebrro bastet e tua n\u00eb fitore t\u00eb v\u00ebrteta pa frik\u00ebn e humbjes s\u00eb parave. B\u00ebj bast n\u00eb ndeshjet kryesore t\u00eb futbollit dhe p\u00ebrdor sigurimin t\u00ebnd.","breadcrumb":{"@id":"https:\/\/1xbets.plus\/al\/bonus\/no-risk-bet\/#breadcrumb"},"inLanguage":"sq","potentialAction":[{"@type":"ReadAction","target":["https:\/\/1xbets.plus\/al\/bonus\/no-risk-bet\/"]}]},{"@type":"BreadcrumbList","@id":"https:\/\/1xbets.plus\/al\/bonus\/no-risk-bet\/#breadcrumb","itemListElement":[{"@type":"ListItem","position":1,"name":"Bonus","item":"https:\/\/1xbets.plus\/al\/bonus\/"},{"@type":"ListItem","position":2,"name":"Nj\u00eb bast i rreziksh\u00ebm"}]},{"@type":"WebSite","@id":"https:\/\/1xbets.plus\/al\/#website","url":"https:\/\/1xbets.plus\/al\/","name":"1xbet Boost al","description":"My WordPress Blog","potentialAction":[{"@type":"SearchAction","target":{"@type":"EntryPoint","urlTemplate":"https:\/\/1xbets.plus\/al\/?s={search_term_string}"},"query-input":{"@type":"PropertyValueSpecification","valueRequired":true,"valueName":"search_term_string"}}],"inLanguage":"sq"}]}},"_links":{"self":[{"href":"https:\/\/1xbets.plus\/al\/wp-json\/wp\/v2\/pages\/612","targetHints":{"allow":["GET"]}}],"collection":[{"href":"https:\/\/1xbets.plus\/al\/wp-json\/wp\/v2\/pages"}],"about":[{"href":"https:\/\/1xbets.plus\/al\/wp-json\/wp\/v2\/types\/page"}],"author":[{"embeddable":true,"href":"https:\/\/1xbets.plus\/al\/wp-json\/wp\/v2\/users\/1"}],"replies":[{"embeddable":true,"href":"https:\/\/1xbets.plus\/al\/wp-json\/wp\/v2\/comments?post=612"}],"version-history":[{"count":5,"href":"https:\/\/1xbets.plus\/al\/wp-json\/wp\/v2\/pages\/612\/revisions"}],"predecessor-version":[{"id":927,"href":"https:\/\/1xbets.plus\/al\/wp-json\/wp\/v2\/pages\/612\/revisions\/927"}],"up":[{"embeddable":true,"href":"https:\/\/1xbets.plus\/al\/wp-json\/wp\/v2\/pages\/152"}],"wp:attachment":[{"href":"https:\/\/1xbets.plus\/al\/wp-json\/wp\/v2\/media?parent=612"}],"curies":[{"name":"wp","href":"https:\/\/api.w.org\/{rel}","templated":true}]}}