{"id":469,"date":"2024-09-24T06:43:03","date_gmt":"2024-09-24T06:43:03","guid":{"rendered":"https:\/\/1xbets.plus\/al\/?page_id=469"},"modified":"2026-04-06T12:47:14","modified_gmt":"2026-04-06T12:47:14","slug":"app","status":"publish","type":"page","link":"https:\/\/1xbets.plus\/al\/app\/","title":{"rendered":"Aplikacion"},"content":{"rendered":"","protected":false},"excerpt":{"rendered":"","protected":false},"author":1,"featured_media":0,"parent":0,"menu_order":0,"comment_status":"closed","ping_status":"closed","template":"","meta":{"footnotes":""},"class_list":["post-469","page","type-page","status-publish","hentry"],"yoast_head":"<!-- This site is optimized with the Yoast SEO plugin v26.2 - https:\/\/yoast.com\/wordpress\/plugins\/seo\/ -->\n<title>Aplikacioni 1xBet \u2014 Shkarko falas p\u00ebr Android dhe iOS<\/title>\n<meta name=\"description\" content=\"Si t\u00eb shkarkoni dhe instaloni versionin m\u00eb t\u00eb fundit t\u00eb aplikacionit 1xBet n\u00eb telefonin tuaj celular ose tablet\u00eb | Eksploroni t\u00eb gjitha ve\u00e7orit\u00eb e aplikacionit 1xBet dhe bonuset &amp; promovimet mobile t\u00eb 1xBet | Bastet sportive dhe kazinoja n\u00eb aplikacionin mobil 1xBet\" \/>\n<meta name=\"robots\" content=\"noindex, follow, max-snippet:-1, max-image-preview:large, max-video-preview:-1\" \/>\n<meta property=\"og:locale\" content=\"sq_AL\" \/>\n<meta property=\"og:type\" content=\"article\" \/>\n<meta property=\"og:title\" content=\"Aplikacioni 1xBet \u2014 Shkarko falas p\u00ebr Android dhe iOS\" \/>\n<meta property=\"og:description\" content=\"Si t\u00eb shkarkoni dhe instaloni versionin m\u00eb t\u00eb fundit t\u00eb aplikacionit 1xBet n\u00eb telefonin tuaj celular ose tablet\u00eb | Eksploroni t\u00eb gjitha ve\u00e7orit\u00eb e aplikacionit 1xBet dhe bonuset &amp; promovimet mobile t\u00eb 1xBet | Bastet sportive dhe kazinoja n\u00eb aplikacionin mobil 1xBet\" \/>\n<meta property=\"og:url\" content=\"https:\/\/1xbets.plus\/al\/app\/\" \/>\n<meta property=\"og:site_name\" content=\"1xbet Boost al\" \/>\n<meta property=\"article:modified_time\" content=\"2026-04-06T12:47:14+00:00\" \/>\n<meta name=\"twitter:card\" content=\"summary_large_image\" \/>\n<script type=\"application\/ld+json\" class=\"yoast-schema-graph\">{\"@context\":\"https:\/\/schema.org\",\"@graph\":[{\"@type\":\"WebPage\",\"@id\":\"https:\/\/1xbets.plus\/al\/app\/\",\"url\":\"https:\/\/1xbets.plus\/al\/app\/\",\"name\":\"Aplikacioni 1xBet \u2014 Shkarko falas p\u00ebr Android dhe iOS\",\"isPartOf\":{\"@id\":\"https:\/\/1xbets.plus\/al\/#website\"},\"datePublished\":\"2024-09-24T06:43:03+00:00\",\"dateModified\":\"2026-04-06T12:47:14+00:00\",\"description\":\"Si t\u00eb shkarkoni dhe instaloni versionin m\u00eb t\u00eb fundit t\u00eb aplikacionit 1xBet n\u00eb telefonin tuaj celular ose tablet\u00eb | Eksploroni t\u00eb gjitha ve\u00e7orit\u00eb e aplikacionit 1xBet dhe bonuset & promovimet mobile t\u00eb 1xBet | Bastet sportive dhe kazinoja n\u00eb aplikacionin mobil 1xBet\",\"inLanguage\":\"sq\",\"potentialAction\":[{\"@type\":\"ReadAction\",\"target\":[\"https:\/\/1xbets.plus\/al\/app\/\"]}]},{\"@type\":\"WebSite\",\"@id\":\"https:\/\/1xbets.plus\/al\/#website\",\"url\":\"https:\/\/1xbets.plus\/al\/\",\"name\":\"1xbet Boost al\",\"description\":\"My WordPress Blog\",\"potentialAction\":[{\"@type\":\"SearchAction\",\"target\":{\"@type\":\"EntryPoint\",\"urlTemplate\":\"https:\/\/1xbets.plus\/al\/?s={search_term_string}\"},\"query-input\":{\"@type\":\"PropertyValueSpecification\",\"valueRequired\":true,\"valueName\":\"search_term_string\"}}],\"inLanguage\":\"sq\"}]}<\/script>\n<!-- \/ Yoast SEO plugin. -->","yoast_head_json":{"title":"Aplikacioni 1xBet \u2014 Shkarko falas p\u00ebr Android dhe iOS","description":"Si t\u00eb shkarkoni dhe instaloni versionin m\u00eb t\u00eb fundit t\u00eb aplikacionit 1xBet n\u00eb telefonin tuaj celular ose tablet\u00eb | Eksploroni t\u00eb gjitha ve\u00e7orit\u00eb e aplikacionit 1xBet dhe bonuset & promovimet mobile t\u00eb 1xBet | Bastet sportive dhe kazinoja n\u00eb aplikacionin mobil 1xBet","robots":{"index":"noindex","follow":"follow","max-snippet":"max-snippet:-1","max-image-preview":"max-image-preview:large","max-video-preview":"max-video-preview:-1"},"og_locale":"sq_AL","og_type":"article","og_title":"Aplikacioni 1xBet \u2014 Shkarko falas p\u00ebr Android dhe iOS","og_description":"Si t\u00eb shkarkoni dhe instaloni versionin m\u00eb t\u00eb fundit t\u00eb aplikacionit 1xBet n\u00eb telefonin tuaj celular ose tablet\u00eb | Eksploroni t\u00eb gjitha ve\u00e7orit\u00eb e aplikacionit 1xBet dhe bonuset & promovimet mobile t\u00eb 1xBet | Bastet sportive dhe kazinoja n\u00eb aplikacionin mobil 1xBet","og_url":"https:\/\/1xbets.plus\/al\/app\/","og_site_name":"1xbet Boost al","article_modified_time":"2026-04-06T12:47:14+00:00","twitter_card":"summary_large_image","schema":{"@context":"https:\/\/schema.org","@graph":[{"@type":"WebPage","@id":"https:\/\/1xbets.plus\/al\/app\/","url":"https:\/\/1xbets.plus\/al\/app\/","name":"Aplikacioni 1xBet \u2014 Shkarko falas p\u00ebr Android dhe iOS","isPartOf":{"@id":"https:\/\/1xbets.plus\/al\/#website"},"datePublished":"2024-09-24T06:43:03+00:00","dateModified":"2026-04-06T12:47:14+00:00","description":"Si t\u00eb shkarkoni dhe instaloni versionin m\u00eb t\u00eb fundit t\u00eb aplikacionit 1xBet n\u00eb telefonin tuaj celular ose tablet\u00eb | Eksploroni t\u00eb gjitha ve\u00e7orit\u00eb e aplikacionit 1xBet dhe bonuset & promovimet mobile t\u00eb 1xBet | Bastet sportive dhe kazinoja n\u00eb aplikacionin mobil 1xBet","inLanguage":"sq","potentialAction":[{"@type":"ReadAction","target":["https:\/\/1xbets.plus\/al\/app\/"]}]},{"@type":"WebSite","@id":"https:\/\/1xbets.plus\/al\/#website","url":"https:\/\/1xbets.plus\/al\/","name":"1xbet Boost al","description":"My WordPress Blog","potentialAction":[{"@type":"SearchAction","target":{"@type":"EntryPoint","urlTemplate":"https:\/\/1xbets.plus\/al\/?s={search_term_string}"},"query-input":{"@type":"PropertyValueSpecification","valueRequired":true,"valueName":"search_term_string"}}],"inLanguage":"sq"}]}},"_links":{"self":[{"href":"https:\/\/1xbets.plus\/al\/wp-json\/wp\/v2\/pages\/469","targetHints":{"allow":["GET"]}}],"collection":[{"href":"https:\/\/1xbets.plus\/al\/wp-json\/wp\/v2\/pages"}],"about":[{"href":"https:\/\/1xbets.plus\/al\/wp-json\/wp\/v2\/types\/page"}],"author":[{"embeddable":true,"href":"https:\/\/1xbets.plus\/al\/wp-json\/wp\/v2\/users\/1"}],"replies":[{"embeddable":true,"href":"https:\/\/1xbets.plus\/al\/wp-json\/wp\/v2\/comments?post=469"}],"version-history":[{"count":19,"href":"https:\/\/1xbets.plus\/al\/wp-json\/wp\/v2\/pages\/469\/revisions"}],"predecessor-version":[{"id":917,"href":"https:\/\/1xbets.plus\/al\/wp-json\/wp\/v2\/pages\/469\/revisions\/917"}],"wp:attachment":[{"href":"https:\/\/1xbets.plus\/al\/wp-json\/wp\/v2\/media?parent=469"}],"curies":[{"name":"wp","href":"https:\/\/api.w.org\/{rel}","templated":true}]}}